{"id":5654,"date":"2018-04-09T12:36:39","date_gmt":"2018-04-09T10:36:39","guid":{"rendered":"https:\/\/www.hosgreta.se\/shop\/produkt\/flugsmallare-vit\/"},"modified":"2024-02-23T21:24:20","modified_gmt":"2024-02-23T20:24:20","slug":"flugsmallare-vit","status":"publish","type":"product","link":"https:\/\/www.hosgreta.se\/shop\/produkt\/flugsmallare-vit\/","title":{"rendered":"Flugsm\u00e4llare vit"},"content":{"rendered":"<p>Flugsm\u00e4llare vit<\/p>\n<p>Storlek: 42 cm<br \/>\nMaterial: \u00c5tervunnen Plast<\/p>\n","protected":false},"excerpt":{"rendered":"<p>Med inspiration av insektsvingar har Pascal Charmolu designat denna flugsm\u00e4llare. Flugsm\u00e4llaren kommer med en patenterad konstruktion av tv\u00e5 ytor som sn\u00e4pper ihop n\u00e4r den anv\u00e4nds. Den kan st\u00e5 uppr\u00e4tt p\u00e5 sina vingspetsar n\u00e4r de inte anv\u00e4nds, vilket g\u00f6r den l\u00e4ttillg\u00e4nglig s\u00e5 du kan ta den n\u00e4r den beh\u00f6vs.<\/p>\n","protected":false},"featured_media":241650,"comment_status":"closed","ping_status":"closed","template":"","meta":[],"pwb-brand":[192],"product_brand":[],"product_cat":[74],"product_tag":[],"class_list":{"0":"post-5654","1":"product","2":"type-product","3":"status-publish","4":"has-post-thumbnail","6":"pwb-brand-born-in-sweden","7":"product_cat-inredning","9":"first","10":"outofstock","11":"taxable","12":"shipping-taxable","13":"purchasable","14":"product-type-simple"},"yoast_head":"<!-- This site is optimized with the Yoast SEO plugin v27.6 - https:\/\/yoast.com\/product\/yoast-seo-wordpress\/ -->\n<title>Flugsm\u00e4llare vit, fr\u00e5n Born in Sweden finns Hos Greta<\/title>\n<meta name=\"description\" content=\"Flugsm\u00e4llare vit, fr\u00e5n Born in Sweden. Flugsm\u00e4llaren kommer med en patenterad konstruktion av tv\u00e5 ytor som sn\u00e4pper ihop n\u00e4r den anv\u00e4nds. Den kan st\u00e5 uppr\u00e4tt p\u00e5 sina vingspetsar n\u00e4r de inte anv\u00e4nds, vilket g\u00f6r den l\u00e4ttillg\u00e4nglig s\u00e5 du kan ta den n\u00e4r den beh\u00f6vs.\" \/>\n<meta name=\"robots\" content=\"index, follow, max-snippet:-1, max-image-preview:large, max-video-preview:-1\" \/>\n<link rel=\"canonical\" href=\"https:\/\/www.hosgreta.se\/shop\/produkt\/flugsmallare-vit\/\" \/>\n<meta property=\"og:locale\" content=\"sv_SE\" \/>\n<meta property=\"og:type\" content=\"article\" \/>\n<meta property=\"og:title\" content=\"Flugsm\u00e4llare vit, fr\u00e5n Born in Sweden finns Hos Greta\" \/>\n<meta property=\"og:description\" content=\"Flugsm\u00e4llare vit, fr\u00e5n Born in Sweden. Flugsm\u00e4llaren kommer med en patenterad konstruktion av tv\u00e5 ytor som sn\u00e4pper ihop n\u00e4r den anv\u00e4nds. Den kan st\u00e5 uppr\u00e4tt p\u00e5 sina vingspetsar n\u00e4r de inte anv\u00e4nds, vilket g\u00f6r den l\u00e4ttillg\u00e4nglig s\u00e5 du kan ta den n\u00e4r den beh\u00f6vs.\" \/>\n<meta property=\"og:url\" content=\"https:\/\/www.hosgreta.se\/shop\/produkt\/flugsmallare-vit\/\" \/>\n<meta property=\"og:site_name\" content=\"Hos Greta\" \/>\n<meta property=\"article:publisher\" content=\"https:\/\/www.facebook.com\/hosgreta\" \/>\n<meta property=\"article:modified_time\" content=\"2024-02-23T20:24:20+00:00\" \/>\n<meta property=\"og:image\" content=\"https:\/\/www.hosgreta.se\/shop\/wp-content\/uploads\/2018\/04\/Flugsmallare-vit.jpeg\" \/>\n\t<meta property=\"og:image:width\" content=\"800\" \/>\n\t<meta property=\"og:image:height\" content=\"800\" \/>\n\t<meta property=\"og:image:type\" content=\"image\/jpeg\" \/>\n<meta name=\"twitter:card\" content=\"summary_large_image\" \/>\n<script type=\"application\/ld+json\" class=\"yoast-schema-graph\">{\"@context\":\"https:\\\/\\\/schema.org\",\"@graph\":[{\"@type\":\"WebPage\",\"@id\":\"https:\\\/\\\/www.hosgreta.se\\\/shop\\\/produkt\\\/flugsmallare-vit\\\/\",\"url\":\"https:\\\/\\\/www.hosgreta.se\\\/shop\\\/produkt\\\/flugsmallare-vit\\\/\",\"name\":\"Flugsm\u00e4llare vit, fr\u00e5n Born in Sweden finns Hos Greta\",\"isPartOf\":{\"@id\":\"https:\\\/\\\/www.hosgreta.se\\\/shop\\\/#website\"},\"primaryImageOfPage\":{\"@id\":\"https:\\\/\\\/www.hosgreta.se\\\/shop\\\/produkt\\\/flugsmallare-vit\\\/#primaryimage\"},\"image\":{\"@id\":\"https:\\\/\\\/www.hosgreta.se\\\/shop\\\/produkt\\\/flugsmallare-vit\\\/#primaryimage\"},\"thumbnailUrl\":\"https:\\\/\\\/www.hosgreta.se\\\/shop\\\/wp-content\\\/uploads\\\/2018\\\/04\\\/Flugsmallare-vit.jpeg\",\"datePublished\":\"2018-04-09T10:36:39+00:00\",\"dateModified\":\"2024-02-23T20:24:20+00:00\",\"description\":\"Flugsm\u00e4llare vit, fr\u00e5n Born in Sweden. Flugsm\u00e4llaren kommer med en patenterad konstruktion av tv\u00e5 ytor som sn\u00e4pper ihop n\u00e4r den anv\u00e4nds. Den kan st\u00e5 uppr\u00e4tt p\u00e5 sina vingspetsar n\u00e4r de inte anv\u00e4nds, vilket g\u00f6r den l\u00e4ttillg\u00e4nglig s\u00e5 du kan ta den n\u00e4r den beh\u00f6vs.\",\"breadcrumb\":{\"@id\":\"https:\\\/\\\/www.hosgreta.se\\\/shop\\\/produkt\\\/flugsmallare-vit\\\/#breadcrumb\"},\"inLanguage\":\"sv-SE\",\"potentialAction\":[{\"@type\":\"ReadAction\",\"target\":[\"https:\\\/\\\/www.hosgreta.se\\\/shop\\\/produkt\\\/flugsmallare-vit\\\/\"]}]},{\"@type\":\"ImageObject\",\"inLanguage\":\"sv-SE\",\"@id\":\"https:\\\/\\\/www.hosgreta.se\\\/shop\\\/produkt\\\/flugsmallare-vit\\\/#primaryimage\",\"url\":\"https:\\\/\\\/www.hosgreta.se\\\/shop\\\/wp-content\\\/uploads\\\/2018\\\/04\\\/Flugsmallare-vit.jpeg\",\"contentUrl\":\"https:\\\/\\\/www.hosgreta.se\\\/shop\\\/wp-content\\\/uploads\\\/2018\\\/04\\\/Flugsmallare-vit.jpeg\",\"width\":800,\"height\":800,\"caption\":\"Flugsm\u00e4llare vit\"},{\"@type\":\"BreadcrumbList\",\"@id\":\"https:\\\/\\\/www.hosgreta.se\\\/shop\\\/produkt\\\/flugsmallare-vit\\\/#breadcrumb\",\"itemListElement\":[{\"@type\":\"ListItem\",\"position\":1,\"name\":\"Hem\",\"item\":\"https:\\\/\\\/www.hosgreta.se\\\/shop\\\/\"},{\"@type\":\"ListItem\",\"position\":2,\"name\":\"Shop\",\"item\":\"https:\\\/\\\/www.hosgreta.se\\\/shop\\\/shop\\\/\"},{\"@type\":\"ListItem\",\"position\":3,\"name\":\"Flugsm\u00e4llare vit\"}]},{\"@type\":\"WebSite\",\"@id\":\"https:\\\/\\\/www.hosgreta.se\\\/shop\\\/#website\",\"url\":\"https:\\\/\\\/www.hosgreta.se\\\/shop\\\/\",\"name\":\"Hos Greta\",\"description\":\"Vi v\u00e4ljer ut v\u00e5ra varum\u00e4rken med stor omsorg.\",\"publisher\":{\"@id\":\"https:\\\/\\\/www.hosgreta.se\\\/shop\\\/#organization\"},\"potentialAction\":[{\"@type\":\"SearchAction\",\"target\":{\"@type\":\"EntryPoint\",\"urlTemplate\":\"https:\\\/\\\/www.hosgreta.se\\\/shop\\\/?s={search_term_string}\"},\"query-input\":{\"@type\":\"PropertyValueSpecification\",\"valueRequired\":true,\"valueName\":\"search_term_string\"}}],\"inLanguage\":\"sv-SE\"},{\"@type\":\"Organization\",\"@id\":\"https:\\\/\\\/www.hosgreta.se\\\/shop\\\/#organization\",\"name\":\"Hos Greta\",\"url\":\"https:\\\/\\\/www.hosgreta.se\\\/shop\\\/\",\"logo\":{\"@type\":\"ImageObject\",\"inLanguage\":\"sv-SE\",\"@id\":\"https:\\\/\\\/www.hosgreta.se\\\/shop\\\/#\\\/schema\\\/logo\\\/image\\\/\",\"url\":\"https:\\\/\\\/www.hosgreta.se\\\/shop\\\/wp-content\\\/uploads\\\/2018\\\/03\\\/Logo_HosGreta_svart.png\",\"contentUrl\":\"https:\\\/\\\/www.hosgreta.se\\\/shop\\\/wp-content\\\/uploads\\\/2018\\\/03\\\/Logo_HosGreta_svart.png\",\"width\":851,\"height\":851,\"caption\":\"Hos Greta\"},\"image\":{\"@id\":\"https:\\\/\\\/www.hosgreta.se\\\/shop\\\/#\\\/schema\\\/logo\\\/image\\\/\"},\"sameAs\":[\"https:\\\/\\\/www.facebook.com\\\/hosgreta\",\"https:\\\/\\\/www.instagram.com\\\/hosgreta\"]}]}<\/script>\n<!-- \/ Yoast SEO plugin. -->","yoast_head_json":{"title":"Flugsm\u00e4llare vit, fr\u00e5n Born in Sweden finns Hos Greta","description":"Flugsm\u00e4llare vit, fr\u00e5n Born in Sweden. Flugsm\u00e4llaren kommer med en patenterad konstruktion av tv\u00e5 ytor som sn\u00e4pper ihop n\u00e4r den anv\u00e4nds. Den kan st\u00e5 uppr\u00e4tt p\u00e5 sina vingspetsar n\u00e4r de inte anv\u00e4nds, vilket g\u00f6r den l\u00e4ttillg\u00e4nglig s\u00e5 du kan ta den n\u00e4r den beh\u00f6vs.","robots":{"index":"index","follow":"follow","max-snippet":"max-snippet:-1","max-image-preview":"max-image-preview:large","max-video-preview":"max-video-preview:-1"},"canonical":"https:\/\/www.hosgreta.se\/shop\/produkt\/flugsmallare-vit\/","og_locale":"sv_SE","og_type":"article","og_title":"Flugsm\u00e4llare vit, fr\u00e5n Born in Sweden finns Hos Greta","og_description":"Flugsm\u00e4llare vit, fr\u00e5n Born in Sweden. Flugsm\u00e4llaren kommer med en patenterad konstruktion av tv\u00e5 ytor som sn\u00e4pper ihop n\u00e4r den anv\u00e4nds. Den kan st\u00e5 uppr\u00e4tt p\u00e5 sina vingspetsar n\u00e4r de inte anv\u00e4nds, vilket g\u00f6r den l\u00e4ttillg\u00e4nglig s\u00e5 du kan ta den n\u00e4r den beh\u00f6vs.","og_url":"https:\/\/www.hosgreta.se\/shop\/produkt\/flugsmallare-vit\/","og_site_name":"Hos Greta","article_publisher":"https:\/\/www.facebook.com\/hosgreta","article_modified_time":"2024-02-23T20:24:20+00:00","og_image":[{"width":800,"height":800,"url":"https:\/\/www.hosgreta.se\/shop\/wp-content\/uploads\/2018\/04\/Flugsmallare-vit.jpeg","type":"image\/jpeg"}],"twitter_card":"summary_large_image","schema":{"@context":"https:\/\/schema.org","@graph":[{"@type":"WebPage","@id":"https:\/\/www.hosgreta.se\/shop\/produkt\/flugsmallare-vit\/","url":"https:\/\/www.hosgreta.se\/shop\/produkt\/flugsmallare-vit\/","name":"Flugsm\u00e4llare vit, fr\u00e5n Born in Sweden finns Hos Greta","isPartOf":{"@id":"https:\/\/www.hosgreta.se\/shop\/#website"},"primaryImageOfPage":{"@id":"https:\/\/www.hosgreta.se\/shop\/produkt\/flugsmallare-vit\/#primaryimage"},"image":{"@id":"https:\/\/www.hosgreta.se\/shop\/produkt\/flugsmallare-vit\/#primaryimage"},"thumbnailUrl":"https:\/\/www.hosgreta.se\/shop\/wp-content\/uploads\/2018\/04\/Flugsmallare-vit.jpeg","datePublished":"2018-04-09T10:36:39+00:00","dateModified":"2024-02-23T20:24:20+00:00","description":"Flugsm\u00e4llare vit, fr\u00e5n Born in Sweden. Flugsm\u00e4llaren kommer med en patenterad konstruktion av tv\u00e5 ytor som sn\u00e4pper ihop n\u00e4r den anv\u00e4nds. Den kan st\u00e5 uppr\u00e4tt p\u00e5 sina vingspetsar n\u00e4r de inte anv\u00e4nds, vilket g\u00f6r den l\u00e4ttillg\u00e4nglig s\u00e5 du kan ta den n\u00e4r den beh\u00f6vs.","breadcrumb":{"@id":"https:\/\/www.hosgreta.se\/shop\/produkt\/flugsmallare-vit\/#breadcrumb"},"inLanguage":"sv-SE","potentialAction":[{"@type":"ReadAction","target":["https:\/\/www.hosgreta.se\/shop\/produkt\/flugsmallare-vit\/"]}]},{"@type":"ImageObject","inLanguage":"sv-SE","@id":"https:\/\/www.hosgreta.se\/shop\/produkt\/flugsmallare-vit\/#primaryimage","url":"https:\/\/www.hosgreta.se\/shop\/wp-content\/uploads\/2018\/04\/Flugsmallare-vit.jpeg","contentUrl":"https:\/\/www.hosgreta.se\/shop\/wp-content\/uploads\/2018\/04\/Flugsmallare-vit.jpeg","width":800,"height":800,"caption":"Flugsm\u00e4llare vit"},{"@type":"BreadcrumbList","@id":"https:\/\/www.hosgreta.se\/shop\/produkt\/flugsmallare-vit\/#breadcrumb","itemListElement":[{"@type":"ListItem","position":1,"name":"Hem","item":"https:\/\/www.hosgreta.se\/shop\/"},{"@type":"ListItem","position":2,"name":"Shop","item":"https:\/\/www.hosgreta.se\/shop\/shop\/"},{"@type":"ListItem","position":3,"name":"Flugsm\u00e4llare vit"}]},{"@type":"WebSite","@id":"https:\/\/www.hosgreta.se\/shop\/#website","url":"https:\/\/www.hosgreta.se\/shop\/","name":"Hos Greta","description":"Vi v\u00e4ljer ut v\u00e5ra varum\u00e4rken med stor omsorg.","publisher":{"@id":"https:\/\/www.hosgreta.se\/shop\/#organization"},"potentialAction":[{"@type":"SearchAction","target":{"@type":"EntryPoint","urlTemplate":"https:\/\/www.hosgreta.se\/shop\/?s={search_term_string}"},"query-input":{"@type":"PropertyValueSpecification","valueRequired":true,"valueName":"search_term_string"}}],"inLanguage":"sv-SE"},{"@type":"Organization","@id":"https:\/\/www.hosgreta.se\/shop\/#organization","name":"Hos Greta","url":"https:\/\/www.hosgreta.se\/shop\/","logo":{"@type":"ImageObject","inLanguage":"sv-SE","@id":"https:\/\/www.hosgreta.se\/shop\/#\/schema\/logo\/image\/","url":"https:\/\/www.hosgreta.se\/shop\/wp-content\/uploads\/2018\/03\/Logo_HosGreta_svart.png","contentUrl":"https:\/\/www.hosgreta.se\/shop\/wp-content\/uploads\/2018\/03\/Logo_HosGreta_svart.png","width":851,"height":851,"caption":"Hos Greta"},"image":{"@id":"https:\/\/www.hosgreta.se\/shop\/#\/schema\/logo\/image\/"},"sameAs":["https:\/\/www.facebook.com\/hosgreta","https:\/\/www.instagram.com\/hosgreta"]}]}},"kroconnect":{"tax_rate":25,"price_inc_vat":{"regular_price":99},"price_ex_vat":{"regular_price":79.2}},"brands":[{"id":192,"name":"Born in Sweden","slug":"born-in-sweden"}],"_links":{"self":[{"href":"https:\/\/www.hosgreta.se\/shop\/wp-json\/wp\/v2\/product\/5654","targetHints":{"allow":["GET"]}}],"collection":[{"href":"https:\/\/www.hosgreta.se\/shop\/wp-json\/wp\/v2\/product"}],"about":[{"href":"https:\/\/www.hosgreta.se\/shop\/wp-json\/wp\/v2\/types\/product"}],"replies":[{"embeddable":true,"href":"https:\/\/www.hosgreta.se\/shop\/wp-json\/wp\/v2\/comments?post=5654"}],"wp:featuredmedia":[{"embeddable":true,"href":"https:\/\/www.hosgreta.se\/shop\/wp-json\/wp\/v2\/media\/241650"}],"wp:attachment":[{"href":"https:\/\/www.hosgreta.se\/shop\/wp-json\/wp\/v2\/media?parent=5654"}],"wp:term":[{"taxonomy":"pwb-brand","embeddable":true,"href":"https:\/\/www.hosgreta.se\/shop\/wp-json\/wp\/v2\/pwb-brand?post=5654"},{"taxonomy":"product_brand","embeddable":true,"href":"https:\/\/www.hosgreta.se\/shop\/wp-json\/wp\/v2\/product_brand?post=5654"},{"taxonomy":"product_cat","embeddable":true,"href":"https:\/\/www.hosgreta.se\/shop\/wp-json\/wp\/v2\/product_cat?post=5654"},{"taxonomy":"product_tag","embeddable":true,"href":"https:\/\/www.hosgreta.se\/shop\/wp-json\/wp\/v2\/product_tag?post=5654"}],"curies":[{"name":"wp","href":"https:\/\/api.w.org\/{rel}","templated":true}]}}