{"id":5691,"date":"2018-04-09T12:36:49","date_gmt":"2018-04-09T10:36:49","guid":{"rendered":"https:\/\/www.hosgreta.se\/shop\/produkt\/grafitgra-klamma-7-4-pack\/"},"modified":"2020-11-05T18:18:46","modified_gmt":"2020-11-05T17:18:46","slug":"grafitgra-klamma-7-4-pack","status":"publish","type":"product","link":"https:\/\/www.hosgreta.se\/shop\/produkt\/grafitgra-klamma-7-4-pack\/","title":{"rendered":"Grafitgr\u00e5 Kl\u00e4mma 7, 4-Pack"},"content":{"rendered":"<p>Grafitgr\u00e5 Kl\u00e4mma 7<br \/>\natt h\u00e4nga p\u00e5 <a href=\"https:\/\/www.hosgreta.se\/shop\/?s=Grafitgr%C3%A5+N%C3%A4t&amp;post_type=product\"><strong>grafitgr\u00e5\u00b4s n\u00e4t<\/strong><\/a> eller p\u00e5 v\u00e4gg<br \/>\nStorlek: 7 cm<br \/>\n4-pack<\/p>\n","protected":false},"excerpt":{"rendered":"<p>Snygg st\u00e5lkl\u00e4mma att f\u00e4sta upp saker med. Snyggt att anv\u00e4nda ihop med grafitgr\u00e5\u00b4s n\u00e4t och s\u00e4tta up sina bilder med. G\u00e5r \u00e4ven att anv\u00e4nda till att h\u00e4nga upp sina posters p\u00e5 v\u00e4gg.<\/p>\n","protected":false},"featured_media":7436,"comment_status":"closed","ping_status":"closed","template":"","meta":[],"pwb-brand":[196],"product_brand":[],"product_cat":[74,127],"product_tag":[],"class_list":{"0":"post-5691","1":"product","2":"type-product","3":"status-publish","4":"has-post-thumbnail","6":"pwb-brand-grafitgra","7":"product_cat-inredning","8":"product_cat-kontor","10":"first","11":"outofstock","12":"taxable","13":"shipping-taxable","14":"purchasable","15":"product-type-simple"},"yoast_head":"<!-- This site is optimized with the Yoast SEO plugin v27.4 - https:\/\/yoast.com\/product\/yoast-seo-wordpress\/ -->\n<title>Grafitgr\u00e5 Kl\u00e4mma 7 - Kl\u00e4mma att s\u00e4tta upp posters med - Hos Greta<\/title>\n<meta name=\"description\" content=\"Grafitgr\u00e5 Kl\u00e4mma 7. Snygg st\u00e5lkl\u00e4mma att f\u00e4sta upp saker med. Snyggt att anv\u00e4nda ihop med grafitgr\u00e5\u00b4s n\u00e4t och s\u00e4tta up sina bilder med. G\u00e5r \u00e4ven att anv\u00e4nda till att h\u00e4nga upp sina posters p\u00e5 v\u00e4gg.\" \/>\n<meta name=\"robots\" content=\"index, follow, max-snippet:-1, max-image-preview:large, max-video-preview:-1\" \/>\n<link rel=\"canonical\" href=\"https:\/\/www.hosgreta.se\/shop\/produkt\/grafitgra-klamma-7-4-pack\/\" \/>\n<meta property=\"og:locale\" content=\"sv_SE\" \/>\n<meta property=\"og:type\" content=\"article\" \/>\n<meta property=\"og:title\" content=\"Grafitgr\u00e5 Kl\u00e4mma 7 - Kl\u00e4mma att s\u00e4tta upp posters med - Hos Greta\" \/>\n<meta property=\"og:description\" content=\"Grafitgr\u00e5 Kl\u00e4mma 7. Snygg st\u00e5lkl\u00e4mma att f\u00e4sta upp saker med. Snyggt att anv\u00e4nda ihop med grafitgr\u00e5\u00b4s n\u00e4t och s\u00e4tta up sina bilder med. G\u00e5r \u00e4ven att anv\u00e4nda till att h\u00e4nga upp sina posters p\u00e5 v\u00e4gg.\" \/>\n<meta property=\"og:url\" content=\"https:\/\/www.hosgreta.se\/shop\/produkt\/grafitgra-klamma-7-4-pack\/\" \/>\n<meta property=\"og:site_name\" content=\"Hos Greta\" \/>\n<meta property=\"article:publisher\" content=\"https:\/\/www.facebook.com\/hosgreta\" \/>\n<meta property=\"article:modified_time\" content=\"2020-11-05T17:18:46+00:00\" \/>\n<meta property=\"og:image\" content=\"https:\/\/www.hosgreta.se\/shop\/wp-content\/uploads\/2018\/04\/Grafitgr\u00e5-kl\u00e4mma-7-10.jpg\" \/>\n\t<meta property=\"og:image:width\" content=\"600\" \/>\n\t<meta property=\"og:image:height\" content=\"400\" \/>\n\t<meta property=\"og:image:type\" content=\"image\/jpeg\" \/>\n<meta name=\"twitter:card\" content=\"summary_large_image\" \/>\n<script type=\"application\/ld+json\" class=\"yoast-schema-graph\">{\"@context\":\"https:\\\/\\\/schema.org\",\"@graph\":[{\"@type\":\"WebPage\",\"@id\":\"https:\\\/\\\/www.hosgreta.se\\\/shop\\\/produkt\\\/grafitgra-klamma-7-4-pack\\\/\",\"url\":\"https:\\\/\\\/www.hosgreta.se\\\/shop\\\/produkt\\\/grafitgra-klamma-7-4-pack\\\/\",\"name\":\"Grafitgr\u00e5 Kl\u00e4mma 7 - Kl\u00e4mma att s\u00e4tta upp posters med - Hos Greta\",\"isPartOf\":{\"@id\":\"https:\\\/\\\/www.hosgreta.se\\\/shop\\\/#website\"},\"primaryImageOfPage\":{\"@id\":\"https:\\\/\\\/www.hosgreta.se\\\/shop\\\/produkt\\\/grafitgra-klamma-7-4-pack\\\/#primaryimage\"},\"image\":{\"@id\":\"https:\\\/\\\/www.hosgreta.se\\\/shop\\\/produkt\\\/grafitgra-klamma-7-4-pack\\\/#primaryimage\"},\"thumbnailUrl\":\"https:\\\/\\\/www.hosgreta.se\\\/shop\\\/wp-content\\\/uploads\\\/2018\\\/04\\\/Grafitgr\u00e5-kl\u00e4mma-7-10.jpg\",\"datePublished\":\"2018-04-09T10:36:49+00:00\",\"dateModified\":\"2020-11-05T17:18:46+00:00\",\"description\":\"Grafitgr\u00e5 Kl\u00e4mma 7. Snygg st\u00e5lkl\u00e4mma att f\u00e4sta upp saker med. Snyggt att anv\u00e4nda ihop med grafitgr\u00e5\u00b4s n\u00e4t och s\u00e4tta up sina bilder med. G\u00e5r \u00e4ven att anv\u00e4nda till att h\u00e4nga upp sina posters p\u00e5 v\u00e4gg.\",\"breadcrumb\":{\"@id\":\"https:\\\/\\\/www.hosgreta.se\\\/shop\\\/produkt\\\/grafitgra-klamma-7-4-pack\\\/#breadcrumb\"},\"inLanguage\":\"sv-SE\",\"potentialAction\":[{\"@type\":\"ReadAction\",\"target\":[\"https:\\\/\\\/www.hosgreta.se\\\/shop\\\/produkt\\\/grafitgra-klamma-7-4-pack\\\/\"]}]},{\"@type\":\"ImageObject\",\"inLanguage\":\"sv-SE\",\"@id\":\"https:\\\/\\\/www.hosgreta.se\\\/shop\\\/produkt\\\/grafitgra-klamma-7-4-pack\\\/#primaryimage\",\"url\":\"https:\\\/\\\/www.hosgreta.se\\\/shop\\\/wp-content\\\/uploads\\\/2018\\\/04\\\/Grafitgr\u00e5-kl\u00e4mma-7-10.jpg\",\"contentUrl\":\"https:\\\/\\\/www.hosgreta.se\\\/shop\\\/wp-content\\\/uploads\\\/2018\\\/04\\\/Grafitgr\u00e5-kl\u00e4mma-7-10.jpg\",\"width\":600,\"height\":400,\"caption\":\"Grafitgr\u00e5 Kl\u00e4mma 7 - Kl\u00e4mma att s\u00e4tta upp posters med\"},{\"@type\":\"BreadcrumbList\",\"@id\":\"https:\\\/\\\/www.hosgreta.se\\\/shop\\\/produkt\\\/grafitgra-klamma-7-4-pack\\\/#breadcrumb\",\"itemListElement\":[{\"@type\":\"ListItem\",\"position\":1,\"name\":\"Hem\",\"item\":\"https:\\\/\\\/www.hosgreta.se\\\/shop\\\/\"},{\"@type\":\"ListItem\",\"position\":2,\"name\":\"Shop\",\"item\":\"https:\\\/\\\/www.hosgreta.se\\\/shop\\\/shop\\\/\"},{\"@type\":\"ListItem\",\"position\":3,\"name\":\"Grafitgr\u00e5 Kl\u00e4mma 7, 4-Pack\"}]},{\"@type\":\"WebSite\",\"@id\":\"https:\\\/\\\/www.hosgreta.se\\\/shop\\\/#website\",\"url\":\"https:\\\/\\\/www.hosgreta.se\\\/shop\\\/\",\"name\":\"Hos Greta\",\"description\":\"Vi v\u00e4ljer ut v\u00e5ra varum\u00e4rken med stor omsorg.\",\"publisher\":{\"@id\":\"https:\\\/\\\/www.hosgreta.se\\\/shop\\\/#organization\"},\"potentialAction\":[{\"@type\":\"SearchAction\",\"target\":{\"@type\":\"EntryPoint\",\"urlTemplate\":\"https:\\\/\\\/www.hosgreta.se\\\/shop\\\/?s={search_term_string}\"},\"query-input\":{\"@type\":\"PropertyValueSpecification\",\"valueRequired\":true,\"valueName\":\"search_term_string\"}}],\"inLanguage\":\"sv-SE\"},{\"@type\":\"Organization\",\"@id\":\"https:\\\/\\\/www.hosgreta.se\\\/shop\\\/#organization\",\"name\":\"Hos Greta\",\"url\":\"https:\\\/\\\/www.hosgreta.se\\\/shop\\\/\",\"logo\":{\"@type\":\"ImageObject\",\"inLanguage\":\"sv-SE\",\"@id\":\"https:\\\/\\\/www.hosgreta.se\\\/shop\\\/#\\\/schema\\\/logo\\\/image\\\/\",\"url\":\"https:\\\/\\\/www.hosgreta.se\\\/shop\\\/wp-content\\\/uploads\\\/2018\\\/03\\\/Logo_HosGreta_svart.png\",\"contentUrl\":\"https:\\\/\\\/www.hosgreta.se\\\/shop\\\/wp-content\\\/uploads\\\/2018\\\/03\\\/Logo_HosGreta_svart.png\",\"width\":851,\"height\":851,\"caption\":\"Hos Greta\"},\"image\":{\"@id\":\"https:\\\/\\\/www.hosgreta.se\\\/shop\\\/#\\\/schema\\\/logo\\\/image\\\/\"},\"sameAs\":[\"https:\\\/\\\/www.facebook.com\\\/hosgreta\",\"https:\\\/\\\/www.instagram.com\\\/hosgreta\"]}]}<\/script>\n<!-- \/ Yoast SEO plugin. -->","yoast_head_json":{"title":"Grafitgr\u00e5 Kl\u00e4mma 7 - Kl\u00e4mma att s\u00e4tta upp posters med - Hos Greta","description":"Grafitgr\u00e5 Kl\u00e4mma 7. Snygg st\u00e5lkl\u00e4mma att f\u00e4sta upp saker med. Snyggt att anv\u00e4nda ihop med grafitgr\u00e5\u00b4s n\u00e4t och s\u00e4tta up sina bilder med. G\u00e5r \u00e4ven att anv\u00e4nda till att h\u00e4nga upp sina posters p\u00e5 v\u00e4gg.","robots":{"index":"index","follow":"follow","max-snippet":"max-snippet:-1","max-image-preview":"max-image-preview:large","max-video-preview":"max-video-preview:-1"},"canonical":"https:\/\/www.hosgreta.se\/shop\/produkt\/grafitgra-klamma-7-4-pack\/","og_locale":"sv_SE","og_type":"article","og_title":"Grafitgr\u00e5 Kl\u00e4mma 7 - Kl\u00e4mma att s\u00e4tta upp posters med - Hos Greta","og_description":"Grafitgr\u00e5 Kl\u00e4mma 7. Snygg st\u00e5lkl\u00e4mma att f\u00e4sta upp saker med. Snyggt att anv\u00e4nda ihop med grafitgr\u00e5\u00b4s n\u00e4t och s\u00e4tta up sina bilder med. G\u00e5r \u00e4ven att anv\u00e4nda till att h\u00e4nga upp sina posters p\u00e5 v\u00e4gg.","og_url":"https:\/\/www.hosgreta.se\/shop\/produkt\/grafitgra-klamma-7-4-pack\/","og_site_name":"Hos Greta","article_publisher":"https:\/\/www.facebook.com\/hosgreta","article_modified_time":"2020-11-05T17:18:46+00:00","og_image":[{"width":600,"height":400,"url":"https:\/\/www.hosgreta.se\/shop\/wp-content\/uploads\/2018\/04\/Grafitgr\u00e5-kl\u00e4mma-7-10.jpg","type":"image\/jpeg"}],"twitter_card":"summary_large_image","schema":{"@context":"https:\/\/schema.org","@graph":[{"@type":"WebPage","@id":"https:\/\/www.hosgreta.se\/shop\/produkt\/grafitgra-klamma-7-4-pack\/","url":"https:\/\/www.hosgreta.se\/shop\/produkt\/grafitgra-klamma-7-4-pack\/","name":"Grafitgr\u00e5 Kl\u00e4mma 7 - Kl\u00e4mma att s\u00e4tta upp posters med - Hos Greta","isPartOf":{"@id":"https:\/\/www.hosgreta.se\/shop\/#website"},"primaryImageOfPage":{"@id":"https:\/\/www.hosgreta.se\/shop\/produkt\/grafitgra-klamma-7-4-pack\/#primaryimage"},"image":{"@id":"https:\/\/www.hosgreta.se\/shop\/produkt\/grafitgra-klamma-7-4-pack\/#primaryimage"},"thumbnailUrl":"https:\/\/www.hosgreta.se\/shop\/wp-content\/uploads\/2018\/04\/Grafitgr\u00e5-kl\u00e4mma-7-10.jpg","datePublished":"2018-04-09T10:36:49+00:00","dateModified":"2020-11-05T17:18:46+00:00","description":"Grafitgr\u00e5 Kl\u00e4mma 7. Snygg st\u00e5lkl\u00e4mma att f\u00e4sta upp saker med. Snyggt att anv\u00e4nda ihop med grafitgr\u00e5\u00b4s n\u00e4t och s\u00e4tta up sina bilder med. G\u00e5r \u00e4ven att anv\u00e4nda till att h\u00e4nga upp sina posters p\u00e5 v\u00e4gg.","breadcrumb":{"@id":"https:\/\/www.hosgreta.se\/shop\/produkt\/grafitgra-klamma-7-4-pack\/#breadcrumb"},"inLanguage":"sv-SE","potentialAction":[{"@type":"ReadAction","target":["https:\/\/www.hosgreta.se\/shop\/produkt\/grafitgra-klamma-7-4-pack\/"]}]},{"@type":"ImageObject","inLanguage":"sv-SE","@id":"https:\/\/www.hosgreta.se\/shop\/produkt\/grafitgra-klamma-7-4-pack\/#primaryimage","url":"https:\/\/www.hosgreta.se\/shop\/wp-content\/uploads\/2018\/04\/Grafitgr\u00e5-kl\u00e4mma-7-10.jpg","contentUrl":"https:\/\/www.hosgreta.se\/shop\/wp-content\/uploads\/2018\/04\/Grafitgr\u00e5-kl\u00e4mma-7-10.jpg","width":600,"height":400,"caption":"Grafitgr\u00e5 Kl\u00e4mma 7 - Kl\u00e4mma att s\u00e4tta upp posters med"},{"@type":"BreadcrumbList","@id":"https:\/\/www.hosgreta.se\/shop\/produkt\/grafitgra-klamma-7-4-pack\/#breadcrumb","itemListElement":[{"@type":"ListItem","position":1,"name":"Hem","item":"https:\/\/www.hosgreta.se\/shop\/"},{"@type":"ListItem","position":2,"name":"Shop","item":"https:\/\/www.hosgreta.se\/shop\/shop\/"},{"@type":"ListItem","position":3,"name":"Grafitgr\u00e5 Kl\u00e4mma 7, 4-Pack"}]},{"@type":"WebSite","@id":"https:\/\/www.hosgreta.se\/shop\/#website","url":"https:\/\/www.hosgreta.se\/shop\/","name":"Hos Greta","description":"Vi v\u00e4ljer ut v\u00e5ra varum\u00e4rken med stor omsorg.","publisher":{"@id":"https:\/\/www.hosgreta.se\/shop\/#organization"},"potentialAction":[{"@type":"SearchAction","target":{"@type":"EntryPoint","urlTemplate":"https:\/\/www.hosgreta.se\/shop\/?s={search_term_string}"},"query-input":{"@type":"PropertyValueSpecification","valueRequired":true,"valueName":"search_term_string"}}],"inLanguage":"sv-SE"},{"@type":"Organization","@id":"https:\/\/www.hosgreta.se\/shop\/#organization","name":"Hos Greta","url":"https:\/\/www.hosgreta.se\/shop\/","logo":{"@type":"ImageObject","inLanguage":"sv-SE","@id":"https:\/\/www.hosgreta.se\/shop\/#\/schema\/logo\/image\/","url":"https:\/\/www.hosgreta.se\/shop\/wp-content\/uploads\/2018\/03\/Logo_HosGreta_svart.png","contentUrl":"https:\/\/www.hosgreta.se\/shop\/wp-content\/uploads\/2018\/03\/Logo_HosGreta_svart.png","width":851,"height":851,"caption":"Hos Greta"},"image":{"@id":"https:\/\/www.hosgreta.se\/shop\/#\/schema\/logo\/image\/"},"sameAs":["https:\/\/www.facebook.com\/hosgreta","https:\/\/www.instagram.com\/hosgreta"]}]}},"kroconnect":{"tax_rate":25,"price_inc_vat":{"regular_price":49},"price_ex_vat":{"regular_price":39.2}},"brands":[{"id":196,"name":"Grafitgr\u00e5","slug":"grafitgra"}],"_links":{"self":[{"href":"https:\/\/www.hosgreta.se\/shop\/wp-json\/wp\/v2\/product\/5691","targetHints":{"allow":["GET"]}}],"collection":[{"href":"https:\/\/www.hosgreta.se\/shop\/wp-json\/wp\/v2\/product"}],"about":[{"href":"https:\/\/www.hosgreta.se\/shop\/wp-json\/wp\/v2\/types\/product"}],"replies":[{"embeddable":true,"href":"https:\/\/www.hosgreta.se\/shop\/wp-json\/wp\/v2\/comments?post=5691"}],"wp:featuredmedia":[{"embeddable":true,"href":"https:\/\/www.hosgreta.se\/shop\/wp-json\/wp\/v2\/media\/7436"}],"wp:attachment":[{"href":"https:\/\/www.hosgreta.se\/shop\/wp-json\/wp\/v2\/media?parent=5691"}],"wp:term":[{"taxonomy":"pwb-brand","embeddable":true,"href":"https:\/\/www.hosgreta.se\/shop\/wp-json\/wp\/v2\/pwb-brand?post=5691"},{"taxonomy":"product_brand","embeddable":true,"href":"https:\/\/www.hosgreta.se\/shop\/wp-json\/wp\/v2\/product_brand?post=5691"},{"taxonomy":"product_cat","embeddable":true,"href":"https:\/\/www.hosgreta.se\/shop\/wp-json\/wp\/v2\/product_cat?post=5691"},{"taxonomy":"product_tag","embeddable":true,"href":"https:\/\/www.hosgreta.se\/shop\/wp-json\/wp\/v2\/product_tag?post=5691"}],"curies":[{"name":"wp","href":"https:\/\/api.w.org\/{rel}","templated":true}]}}