{"id":5745,"date":"2018-04-09T12:37:02","date_gmt":"2018-04-09T10:37:02","guid":{"rendered":"https:\/\/www.hosgreta.se\/shop\/produkt\/hekla-morkgra-ekologisk-ullplad\/"},"modified":"2022-09-19T08:07:24","modified_gmt":"2022-09-19T06:07:24","slug":"hekla-morkgra-ekologisk-ullplad","status":"publish","type":"product","link":"https:\/\/www.hosgreta.se\/shop\/produkt\/hekla-morkgra-ekologisk-ullplad\/","title":{"rendered":"Hekla m\u00f6rkgr\u00e5, ekologisk ullpl\u00e4d"},"content":{"rendered":"<p>Storlek: 130&#215;200 cm<br \/>F\u00e4rg: M\u00f6rkgr\u00e5<br \/>Material: 100% Ekologisk lammull<\/p>\n<p>Sk\u00f6tsel:\u00a0<br \/>Ull har i sig sj\u00e4lv smutsavst\u00f6tande egenskaper vilket g\u00f6r att pl\u00e4darna inte beh\u00f6ver tv\u00e4ttas s\u00e5 ofta. F\u00f6r att fr\u00e4scha upp pl\u00e4den r\u00e4cker det ofta att h\u00e4nga ut den p\u00e5 v\u00e4dring n\u00e4r det \u00e4r fuktigt ute.\u00a0<br \/>Tv\u00e4ttr\u00e5d:<br \/>Maskintv\u00e4tt 30 \u00b0C, endast ullprogram, tv\u00e4ttas separat, stryk p\u00e5 medeltemperatur, torktumla ej, anv\u00e4nd ej blekmedel.<\/p>\n","protected":false},"excerpt":{"rendered":"<p>Mysiga ullpl\u00e4den Hekla fr\u00e5n Klippan Yllefabrik \u00e4r detaljrikt m\u00f6nstrad och har fransar i vitt. Pl\u00e4den \u00e4r lika snygg i soffan som p\u00e5 s\u00e4ngen eller uteplatsen och \u00e4r tillverkad i ren ekologisk lammull av h\u00f6gsta kvalitet &#8211; ett bra val f\u00f6r b\u00e5de dig och lammen.<\/p>\n","protected":false},"featured_media":6281,"comment_status":"closed","ping_status":"closed","template":"","meta":[],"pwb-brand":[194],"product_brand":[],"product_cat":[114,74],"product_tag":[],"class_list":{"0":"post-5745","1":"product","2":"type-product","3":"status-publish","4":"has-post-thumbnail","6":"pwb-brand-klippan","7":"product_cat-filtar-pladar","8":"product_cat-inredning","10":"first","11":"outofstock","12":"taxable","13":"shipping-taxable","14":"purchasable","15":"product-type-simple"},"yoast_head":"<!-- This site is optimized with the Yoast SEO plugin v27.4 - https:\/\/yoast.com\/product\/yoast-seo-wordpress\/ -->\n<title>Hekla m\u00f6rkgr\u00e5, ekologisk ullpl\u00e4d - Hos Greta<\/title>\n<meta name=\"robots\" content=\"index, follow, max-snippet:-1, max-image-preview:large, max-video-preview:-1\" \/>\n<link rel=\"canonical\" href=\"https:\/\/www.hosgreta.se\/shop\/produkt\/hekla-morkgra-ekologisk-ullplad\/\" \/>\n<meta property=\"og:locale\" content=\"sv_SE\" \/>\n<meta property=\"og:type\" content=\"article\" \/>\n<meta property=\"og:title\" content=\"Hekla m\u00f6rkgr\u00e5, ekologisk ullpl\u00e4d - Hos Greta\" \/>\n<meta property=\"og:description\" content=\"Mysiga ullpl\u00e4den Hekla fr\u00e5n Klippan Yllefabrik \u00e4r detaljrikt m\u00f6nstrad och har fransar i vitt. Pl\u00e4den \u00e4r lika snygg i soffan som p\u00e5 s\u00e4ngen eller uteplatsen och \u00e4r tillverkad i ren ekologisk lammull av h\u00f6gsta kvalitet - ett bra val f\u00f6r b\u00e5de dig och lammen.\" \/>\n<meta property=\"og:url\" content=\"https:\/\/www.hosgreta.se\/shop\/produkt\/hekla-morkgra-ekologisk-ullplad\/\" \/>\n<meta property=\"og:site_name\" content=\"Hos Greta\" \/>\n<meta property=\"article:publisher\" content=\"https:\/\/www.facebook.com\/hosgreta\" \/>\n<meta property=\"article:modified_time\" content=\"2022-09-19T06:07:24+00:00\" \/>\n<meta property=\"og:image\" content=\"https:\/\/www.hosgreta.se\/shop\/wp-content\/uploads\/2018\/04\/Hekla-dark-grey-gr\u00e5n-klippan-ullpl\u00e4d.jpg\" \/>\n\t<meta property=\"og:image:width\" content=\"1076\" \/>\n\t<meta property=\"og:image:height\" content=\"1076\" \/>\n\t<meta property=\"og:image:type\" content=\"image\/jpeg\" \/>\n<meta name=\"twitter:card\" content=\"summary_large_image\" \/>\n<script type=\"application\/ld+json\" class=\"yoast-schema-graph\">{\"@context\":\"https:\\\/\\\/schema.org\",\"@graph\":[{\"@type\":\"WebPage\",\"@id\":\"https:\\\/\\\/www.hosgreta.se\\\/shop\\\/produkt\\\/hekla-morkgra-ekologisk-ullplad\\\/\",\"url\":\"https:\\\/\\\/www.hosgreta.se\\\/shop\\\/produkt\\\/hekla-morkgra-ekologisk-ullplad\\\/\",\"name\":\"Hekla m\u00f6rkgr\u00e5, ekologisk ullpl\u00e4d - Hos Greta\",\"isPartOf\":{\"@id\":\"https:\\\/\\\/www.hosgreta.se\\\/shop\\\/#website\"},\"primaryImageOfPage\":{\"@id\":\"https:\\\/\\\/www.hosgreta.se\\\/shop\\\/produkt\\\/hekla-morkgra-ekologisk-ullplad\\\/#primaryimage\"},\"image\":{\"@id\":\"https:\\\/\\\/www.hosgreta.se\\\/shop\\\/produkt\\\/hekla-morkgra-ekologisk-ullplad\\\/#primaryimage\"},\"thumbnailUrl\":\"https:\\\/\\\/www.hosgreta.se\\\/shop\\\/wp-content\\\/uploads\\\/2018\\\/04\\\/Hekla-dark-grey-gr\u00e5n-klippan-ullpl\u00e4d.jpg\",\"datePublished\":\"2018-04-09T10:37:02+00:00\",\"dateModified\":\"2022-09-19T06:07:24+00:00\",\"breadcrumb\":{\"@id\":\"https:\\\/\\\/www.hosgreta.se\\\/shop\\\/produkt\\\/hekla-morkgra-ekologisk-ullplad\\\/#breadcrumb\"},\"inLanguage\":\"sv-SE\",\"potentialAction\":[{\"@type\":\"ReadAction\",\"target\":[\"https:\\\/\\\/www.hosgreta.se\\\/shop\\\/produkt\\\/hekla-morkgra-ekologisk-ullplad\\\/\"]}]},{\"@type\":\"ImageObject\",\"inLanguage\":\"sv-SE\",\"@id\":\"https:\\\/\\\/www.hosgreta.se\\\/shop\\\/produkt\\\/hekla-morkgra-ekologisk-ullplad\\\/#primaryimage\",\"url\":\"https:\\\/\\\/www.hosgreta.se\\\/shop\\\/wp-content\\\/uploads\\\/2018\\\/04\\\/Hekla-dark-grey-gr\u00e5n-klippan-ullpl\u00e4d.jpg\",\"contentUrl\":\"https:\\\/\\\/www.hosgreta.se\\\/shop\\\/wp-content\\\/uploads\\\/2018\\\/04\\\/Hekla-dark-grey-gr\u00e5n-klippan-ullpl\u00e4d.jpg\",\"width\":1076,\"height\":1076},{\"@type\":\"BreadcrumbList\",\"@id\":\"https:\\\/\\\/www.hosgreta.se\\\/shop\\\/produkt\\\/hekla-morkgra-ekologisk-ullplad\\\/#breadcrumb\",\"itemListElement\":[{\"@type\":\"ListItem\",\"position\":1,\"name\":\"Hem\",\"item\":\"https:\\\/\\\/www.hosgreta.se\\\/shop\\\/\"},{\"@type\":\"ListItem\",\"position\":2,\"name\":\"Shop\",\"item\":\"https:\\\/\\\/www.hosgreta.se\\\/shop\\\/shop\\\/\"},{\"@type\":\"ListItem\",\"position\":3,\"name\":\"Hekla m\u00f6rkgr\u00e5, ekologisk ullpl\u00e4d\"}]},{\"@type\":\"WebSite\",\"@id\":\"https:\\\/\\\/www.hosgreta.se\\\/shop\\\/#website\",\"url\":\"https:\\\/\\\/www.hosgreta.se\\\/shop\\\/\",\"name\":\"Hos Greta\",\"description\":\"Vi v\u00e4ljer ut v\u00e5ra varum\u00e4rken med stor omsorg.\",\"publisher\":{\"@id\":\"https:\\\/\\\/www.hosgreta.se\\\/shop\\\/#organization\"},\"potentialAction\":[{\"@type\":\"SearchAction\",\"target\":{\"@type\":\"EntryPoint\",\"urlTemplate\":\"https:\\\/\\\/www.hosgreta.se\\\/shop\\\/?s={search_term_string}\"},\"query-input\":{\"@type\":\"PropertyValueSpecification\",\"valueRequired\":true,\"valueName\":\"search_term_string\"}}],\"inLanguage\":\"sv-SE\"},{\"@type\":\"Organization\",\"@id\":\"https:\\\/\\\/www.hosgreta.se\\\/shop\\\/#organization\",\"name\":\"Hos Greta\",\"url\":\"https:\\\/\\\/www.hosgreta.se\\\/shop\\\/\",\"logo\":{\"@type\":\"ImageObject\",\"inLanguage\":\"sv-SE\",\"@id\":\"https:\\\/\\\/www.hosgreta.se\\\/shop\\\/#\\\/schema\\\/logo\\\/image\\\/\",\"url\":\"https:\\\/\\\/www.hosgreta.se\\\/shop\\\/wp-content\\\/uploads\\\/2018\\\/03\\\/Logo_HosGreta_svart.png\",\"contentUrl\":\"https:\\\/\\\/www.hosgreta.se\\\/shop\\\/wp-content\\\/uploads\\\/2018\\\/03\\\/Logo_HosGreta_svart.png\",\"width\":851,\"height\":851,\"caption\":\"Hos Greta\"},\"image\":{\"@id\":\"https:\\\/\\\/www.hosgreta.se\\\/shop\\\/#\\\/schema\\\/logo\\\/image\\\/\"},\"sameAs\":[\"https:\\\/\\\/www.facebook.com\\\/hosgreta\",\"https:\\\/\\\/www.instagram.com\\\/hosgreta\"]}]}<\/script>\n<!-- \/ Yoast SEO plugin. -->","yoast_head_json":{"title":"Hekla m\u00f6rkgr\u00e5, ekologisk ullpl\u00e4d - Hos Greta","robots":{"index":"index","follow":"follow","max-snippet":"max-snippet:-1","max-image-preview":"max-image-preview:large","max-video-preview":"max-video-preview:-1"},"canonical":"https:\/\/www.hosgreta.se\/shop\/produkt\/hekla-morkgra-ekologisk-ullplad\/","og_locale":"sv_SE","og_type":"article","og_title":"Hekla m\u00f6rkgr\u00e5, ekologisk ullpl\u00e4d - Hos Greta","og_description":"Mysiga ullpl\u00e4den Hekla fr\u00e5n Klippan Yllefabrik \u00e4r detaljrikt m\u00f6nstrad och har fransar i vitt. Pl\u00e4den \u00e4r lika snygg i soffan som p\u00e5 s\u00e4ngen eller uteplatsen och \u00e4r tillverkad i ren ekologisk lammull av h\u00f6gsta kvalitet - ett bra val f\u00f6r b\u00e5de dig och lammen.","og_url":"https:\/\/www.hosgreta.se\/shop\/produkt\/hekla-morkgra-ekologisk-ullplad\/","og_site_name":"Hos Greta","article_publisher":"https:\/\/www.facebook.com\/hosgreta","article_modified_time":"2022-09-19T06:07:24+00:00","og_image":[{"width":1076,"height":1076,"url":"https:\/\/www.hosgreta.se\/shop\/wp-content\/uploads\/2018\/04\/Hekla-dark-grey-gr\u00e5n-klippan-ullpl\u00e4d.jpg","type":"image\/jpeg"}],"twitter_card":"summary_large_image","schema":{"@context":"https:\/\/schema.org","@graph":[{"@type":"WebPage","@id":"https:\/\/www.hosgreta.se\/shop\/produkt\/hekla-morkgra-ekologisk-ullplad\/","url":"https:\/\/www.hosgreta.se\/shop\/produkt\/hekla-morkgra-ekologisk-ullplad\/","name":"Hekla m\u00f6rkgr\u00e5, ekologisk ullpl\u00e4d - Hos Greta","isPartOf":{"@id":"https:\/\/www.hosgreta.se\/shop\/#website"},"primaryImageOfPage":{"@id":"https:\/\/www.hosgreta.se\/shop\/produkt\/hekla-morkgra-ekologisk-ullplad\/#primaryimage"},"image":{"@id":"https:\/\/www.hosgreta.se\/shop\/produkt\/hekla-morkgra-ekologisk-ullplad\/#primaryimage"},"thumbnailUrl":"https:\/\/www.hosgreta.se\/shop\/wp-content\/uploads\/2018\/04\/Hekla-dark-grey-gr\u00e5n-klippan-ullpl\u00e4d.jpg","datePublished":"2018-04-09T10:37:02+00:00","dateModified":"2022-09-19T06:07:24+00:00","breadcrumb":{"@id":"https:\/\/www.hosgreta.se\/shop\/produkt\/hekla-morkgra-ekologisk-ullplad\/#breadcrumb"},"inLanguage":"sv-SE","potentialAction":[{"@type":"ReadAction","target":["https:\/\/www.hosgreta.se\/shop\/produkt\/hekla-morkgra-ekologisk-ullplad\/"]}]},{"@type":"ImageObject","inLanguage":"sv-SE","@id":"https:\/\/www.hosgreta.se\/shop\/produkt\/hekla-morkgra-ekologisk-ullplad\/#primaryimage","url":"https:\/\/www.hosgreta.se\/shop\/wp-content\/uploads\/2018\/04\/Hekla-dark-grey-gr\u00e5n-klippan-ullpl\u00e4d.jpg","contentUrl":"https:\/\/www.hosgreta.se\/shop\/wp-content\/uploads\/2018\/04\/Hekla-dark-grey-gr\u00e5n-klippan-ullpl\u00e4d.jpg","width":1076,"height":1076},{"@type":"BreadcrumbList","@id":"https:\/\/www.hosgreta.se\/shop\/produkt\/hekla-morkgra-ekologisk-ullplad\/#breadcrumb","itemListElement":[{"@type":"ListItem","position":1,"name":"Hem","item":"https:\/\/www.hosgreta.se\/shop\/"},{"@type":"ListItem","position":2,"name":"Shop","item":"https:\/\/www.hosgreta.se\/shop\/shop\/"},{"@type":"ListItem","position":3,"name":"Hekla m\u00f6rkgr\u00e5, ekologisk ullpl\u00e4d"}]},{"@type":"WebSite","@id":"https:\/\/www.hosgreta.se\/shop\/#website","url":"https:\/\/www.hosgreta.se\/shop\/","name":"Hos Greta","description":"Vi v\u00e4ljer ut v\u00e5ra varum\u00e4rken med stor omsorg.","publisher":{"@id":"https:\/\/www.hosgreta.se\/shop\/#organization"},"potentialAction":[{"@type":"SearchAction","target":{"@type":"EntryPoint","urlTemplate":"https:\/\/www.hosgreta.se\/shop\/?s={search_term_string}"},"query-input":{"@type":"PropertyValueSpecification","valueRequired":true,"valueName":"search_term_string"}}],"inLanguage":"sv-SE"},{"@type":"Organization","@id":"https:\/\/www.hosgreta.se\/shop\/#organization","name":"Hos Greta","url":"https:\/\/www.hosgreta.se\/shop\/","logo":{"@type":"ImageObject","inLanguage":"sv-SE","@id":"https:\/\/www.hosgreta.se\/shop\/#\/schema\/logo\/image\/","url":"https:\/\/www.hosgreta.se\/shop\/wp-content\/uploads\/2018\/03\/Logo_HosGreta_svart.png","contentUrl":"https:\/\/www.hosgreta.se\/shop\/wp-content\/uploads\/2018\/03\/Logo_HosGreta_svart.png","width":851,"height":851,"caption":"Hos Greta"},"image":{"@id":"https:\/\/www.hosgreta.se\/shop\/#\/schema\/logo\/image\/"},"sameAs":["https:\/\/www.facebook.com\/hosgreta","https:\/\/www.instagram.com\/hosgreta"]}]}},"kroconnect":{"tax_rate":25,"price_inc_vat":{"regular_price":749},"price_ex_vat":{"regular_price":599.2}},"brands":[{"id":194,"name":"Klippan","slug":"klippan"}],"_links":{"self":[{"href":"https:\/\/www.hosgreta.se\/shop\/wp-json\/wp\/v2\/product\/5745","targetHints":{"allow":["GET"]}}],"collection":[{"href":"https:\/\/www.hosgreta.se\/shop\/wp-json\/wp\/v2\/product"}],"about":[{"href":"https:\/\/www.hosgreta.se\/shop\/wp-json\/wp\/v2\/types\/product"}],"replies":[{"embeddable":true,"href":"https:\/\/www.hosgreta.se\/shop\/wp-json\/wp\/v2\/comments?post=5745"}],"wp:featuredmedia":[{"embeddable":true,"href":"https:\/\/www.hosgreta.se\/shop\/wp-json\/wp\/v2\/media\/6281"}],"wp:attachment":[{"href":"https:\/\/www.hosgreta.se\/shop\/wp-json\/wp\/v2\/media?parent=5745"}],"wp:term":[{"taxonomy":"pwb-brand","embeddable":true,"href":"https:\/\/www.hosgreta.se\/shop\/wp-json\/wp\/v2\/pwb-brand?post=5745"},{"taxonomy":"product_brand","embeddable":true,"href":"https:\/\/www.hosgreta.se\/shop\/wp-json\/wp\/v2\/product_brand?post=5745"},{"taxonomy":"product_cat","embeddable":true,"href":"https:\/\/www.hosgreta.se\/shop\/wp-json\/wp\/v2\/product_cat?post=5745"},{"taxonomy":"product_tag","embeddable":true,"href":"https:\/\/www.hosgreta.se\/shop\/wp-json\/wp\/v2\/product_tag?post=5745"}],"curies":[{"name":"wp","href":"https:\/\/api.w.org\/{rel}","templated":true}]}}