{"id":5750,"date":"2018-04-09T12:37:03","date_gmt":"2018-04-09T10:37:03","guid":{"rendered":"https:\/\/www.hosgreta.se\/shop\/produkt\/iggy-piggy-punky-gra-ullfilt-65x90cm\/"},"modified":"2019-09-17T15:38:27","modified_gmt":"2019-09-17T13:38:27","slug":"iggy-piggy-punky-gra-ullfilt-65x90cm","status":"publish","type":"product","link":"https:\/\/www.hosgreta.se\/shop\/produkt\/iggy-piggy-punky-gra-ullfilt-65x90cm\/","title":{"rendered":"Iggy Piggy Punky gr\u00e5 ullfilt 65&#215;90 cm"},"content":{"rendered":"<p>Storlek: 65&#215;90 cm<br \/>F\u00e4rg: Gr\u00e5\/Vit<br \/>Material: 100% Ekologisk lammull<br \/>Design: Lisa Larsson<\/p>\n<p>Sk\u00f6tsel: <br \/>Ull har i sig sj\u00e4lv smutsavst\u00f6tande egenskaper vilket g\u00f6r att filtarna inte beh\u00f6ver tv\u00e4ttas s\u00e5 ofta. F\u00f6r att fr\u00e4scha upp filten r\u00e4cker det ofta att h\u00e4nga ut den p\u00e5 v\u00e4dring n\u00e4r det \u00e4r fuktigt ute. <br \/>Tv\u00e4ttr\u00e5d:<br \/>Maskintv\u00e4tt 30 \u00b0C, endast ullprogram, tv\u00e4ttas separat, stryk p\u00e5 medeltemperatur, torktumla ej, anv\u00e4nd ej blekmedel.<\/p>\n","protected":false},"excerpt":{"rendered":"<p>Klippan Yllefabriks tuffa babyfilt Iggy Piggy Punky \u00e4r m\u00f6nstrad med h\u00e4ftiga sm\u00e5 igelkottar. Ullfilten \u00e4r tillverkad av ren ekologisk lammull av h\u00f6gsta kvalitet &#8211; ett bra val f\u00f6r b\u00e5de ditt barn och lammet. Ullfilten \u00e4r varm och mjuk och fungerar s\u00e5v\u00e4l i s\u00e4ngen och barnvagnen som p\u00e5 utflykten.<\/p>\n","protected":false},"featured_media":6985,"comment_status":"closed","ping_status":"closed","template":"","meta":[],"pwb-brand":[194],"product_brand":[],"product_cat":[241,74],"product_tag":[],"class_list":{"0":"post-5750","1":"product","2":"type-product","3":"status-publish","4":"has-post-thumbnail","6":"pwb-brand-klippan","7":"product_cat-babyfilt","8":"product_cat-inredning","10":"first","11":"outofstock","12":"taxable","13":"shipping-taxable","14":"purchasable","15":"product-type-simple"},"yoast_head":"<!-- This site is optimized with the Yoast SEO plugin v27.4 - https:\/\/yoast.com\/product\/yoast-seo-wordpress\/ -->\n<title>Iggy Piggy Punky gr\u00e5 ullfilt 65x90 cm - Hos Greta<\/title>\n<meta name=\"robots\" content=\"index, follow, max-snippet:-1, max-image-preview:large, max-video-preview:-1\" \/>\n<link rel=\"canonical\" href=\"https:\/\/www.hosgreta.se\/shop\/produkt\/iggy-piggy-punky-gra-ullfilt-65x90cm\/\" \/>\n<meta property=\"og:locale\" content=\"sv_SE\" \/>\n<meta property=\"og:type\" content=\"article\" \/>\n<meta property=\"og:title\" content=\"Iggy Piggy Punky gr\u00e5 ullfilt 65x90 cm - Hos Greta\" \/>\n<meta property=\"og:description\" content=\"Klippan Yllefabriks tuffa babyfilt Iggy Piggy Punky \u00e4r m\u00f6nstrad med h\u00e4ftiga sm\u00e5 igelkottar. Ullfilten \u00e4r tillverkad av ren ekologisk lammull av h\u00f6gsta kvalitet - ett bra val f\u00f6r b\u00e5de ditt barn och lammet. Ullfilten \u00e4r varm och mjuk och fungerar s\u00e5v\u00e4l i s\u00e4ngen och barnvagnen som p\u00e5 utflykten.\" \/>\n<meta property=\"og:url\" content=\"https:\/\/www.hosgreta.se\/shop\/produkt\/iggy-piggy-punky-gra-ullfilt-65x90cm\/\" \/>\n<meta property=\"og:site_name\" content=\"Hos Greta\" \/>\n<meta property=\"article:publisher\" content=\"https:\/\/www.facebook.com\/hosgreta\" \/>\n<meta property=\"article:modified_time\" content=\"2019-09-17T13:38:27+00:00\" \/>\n<meta property=\"og:image\" content=\"https:\/\/www.hosgreta.se\/shop\/wp-content\/uploads\/2018\/04\/Iggy-Piggy-Punky-grey-babyfilt-gr\u00e5-Klippan.jpg\" \/>\n\t<meta property=\"og:image:width\" content=\"1024\" \/>\n\t<meta property=\"og:image:height\" content=\"1024\" \/>\n\t<meta property=\"og:image:type\" content=\"image\/jpeg\" \/>\n<meta name=\"twitter:card\" content=\"summary_large_image\" \/>\n<script type=\"application\/ld+json\" class=\"yoast-schema-graph\">{\"@context\":\"https:\\\/\\\/schema.org\",\"@graph\":[{\"@type\":\"WebPage\",\"@id\":\"https:\\\/\\\/www.hosgreta.se\\\/shop\\\/produkt\\\/iggy-piggy-punky-gra-ullfilt-65x90cm\\\/\",\"url\":\"https:\\\/\\\/www.hosgreta.se\\\/shop\\\/produkt\\\/iggy-piggy-punky-gra-ullfilt-65x90cm\\\/\",\"name\":\"Iggy Piggy Punky gr\u00e5 ullfilt 65x90 cm - Hos Greta\",\"isPartOf\":{\"@id\":\"https:\\\/\\\/www.hosgreta.se\\\/shop\\\/#website\"},\"primaryImageOfPage\":{\"@id\":\"https:\\\/\\\/www.hosgreta.se\\\/shop\\\/produkt\\\/iggy-piggy-punky-gra-ullfilt-65x90cm\\\/#primaryimage\"},\"image\":{\"@id\":\"https:\\\/\\\/www.hosgreta.se\\\/shop\\\/produkt\\\/iggy-piggy-punky-gra-ullfilt-65x90cm\\\/#primaryimage\"},\"thumbnailUrl\":\"https:\\\/\\\/www.hosgreta.se\\\/shop\\\/wp-content\\\/uploads\\\/2018\\\/04\\\/Iggy-Piggy-Punky-grey-babyfilt-gr\u00e5-Klippan.jpg\",\"datePublished\":\"2018-04-09T10:37:03+00:00\",\"dateModified\":\"2019-09-17T13:38:27+00:00\",\"breadcrumb\":{\"@id\":\"https:\\\/\\\/www.hosgreta.se\\\/shop\\\/produkt\\\/iggy-piggy-punky-gra-ullfilt-65x90cm\\\/#breadcrumb\"},\"inLanguage\":\"sv-SE\",\"potentialAction\":[{\"@type\":\"ReadAction\",\"target\":[\"https:\\\/\\\/www.hosgreta.se\\\/shop\\\/produkt\\\/iggy-piggy-punky-gra-ullfilt-65x90cm\\\/\"]}]},{\"@type\":\"ImageObject\",\"inLanguage\":\"sv-SE\",\"@id\":\"https:\\\/\\\/www.hosgreta.se\\\/shop\\\/produkt\\\/iggy-piggy-punky-gra-ullfilt-65x90cm\\\/#primaryimage\",\"url\":\"https:\\\/\\\/www.hosgreta.se\\\/shop\\\/wp-content\\\/uploads\\\/2018\\\/04\\\/Iggy-Piggy-Punky-grey-babyfilt-gr\u00e5-Klippan.jpg\",\"contentUrl\":\"https:\\\/\\\/www.hosgreta.se\\\/shop\\\/wp-content\\\/uploads\\\/2018\\\/04\\\/Iggy-Piggy-Punky-grey-babyfilt-gr\u00e5-Klippan.jpg\",\"width\":1024,\"height\":1024},{\"@type\":\"BreadcrumbList\",\"@id\":\"https:\\\/\\\/www.hosgreta.se\\\/shop\\\/produkt\\\/iggy-piggy-punky-gra-ullfilt-65x90cm\\\/#breadcrumb\",\"itemListElement\":[{\"@type\":\"ListItem\",\"position\":1,\"name\":\"Hem\",\"item\":\"https:\\\/\\\/www.hosgreta.se\\\/shop\\\/\"},{\"@type\":\"ListItem\",\"position\":2,\"name\":\"Shop\",\"item\":\"https:\\\/\\\/www.hosgreta.se\\\/shop\\\/shop\\\/\"},{\"@type\":\"ListItem\",\"position\":3,\"name\":\"Iggy Piggy Punky gr\u00e5 ullfilt 65&#215;90 cm\"}]},{\"@type\":\"WebSite\",\"@id\":\"https:\\\/\\\/www.hosgreta.se\\\/shop\\\/#website\",\"url\":\"https:\\\/\\\/www.hosgreta.se\\\/shop\\\/\",\"name\":\"Hos Greta\",\"description\":\"Vi v\u00e4ljer ut v\u00e5ra varum\u00e4rken med stor omsorg.\",\"publisher\":{\"@id\":\"https:\\\/\\\/www.hosgreta.se\\\/shop\\\/#organization\"},\"potentialAction\":[{\"@type\":\"SearchAction\",\"target\":{\"@type\":\"EntryPoint\",\"urlTemplate\":\"https:\\\/\\\/www.hosgreta.se\\\/shop\\\/?s={search_term_string}\"},\"query-input\":{\"@type\":\"PropertyValueSpecification\",\"valueRequired\":true,\"valueName\":\"search_term_string\"}}],\"inLanguage\":\"sv-SE\"},{\"@type\":\"Organization\",\"@id\":\"https:\\\/\\\/www.hosgreta.se\\\/shop\\\/#organization\",\"name\":\"Hos Greta\",\"url\":\"https:\\\/\\\/www.hosgreta.se\\\/shop\\\/\",\"logo\":{\"@type\":\"ImageObject\",\"inLanguage\":\"sv-SE\",\"@id\":\"https:\\\/\\\/www.hosgreta.se\\\/shop\\\/#\\\/schema\\\/logo\\\/image\\\/\",\"url\":\"https:\\\/\\\/www.hosgreta.se\\\/shop\\\/wp-content\\\/uploads\\\/2018\\\/03\\\/Logo_HosGreta_svart.png\",\"contentUrl\":\"https:\\\/\\\/www.hosgreta.se\\\/shop\\\/wp-content\\\/uploads\\\/2018\\\/03\\\/Logo_HosGreta_svart.png\",\"width\":851,\"height\":851,\"caption\":\"Hos Greta\"},\"image\":{\"@id\":\"https:\\\/\\\/www.hosgreta.se\\\/shop\\\/#\\\/schema\\\/logo\\\/image\\\/\"},\"sameAs\":[\"https:\\\/\\\/www.facebook.com\\\/hosgreta\",\"https:\\\/\\\/www.instagram.com\\\/hosgreta\"]}]}<\/script>\n<!-- \/ Yoast SEO plugin. -->","yoast_head_json":{"title":"Iggy Piggy Punky gr\u00e5 ullfilt 65x90 cm - Hos Greta","robots":{"index":"index","follow":"follow","max-snippet":"max-snippet:-1","max-image-preview":"max-image-preview:large","max-video-preview":"max-video-preview:-1"},"canonical":"https:\/\/www.hosgreta.se\/shop\/produkt\/iggy-piggy-punky-gra-ullfilt-65x90cm\/","og_locale":"sv_SE","og_type":"article","og_title":"Iggy Piggy Punky gr\u00e5 ullfilt 65x90 cm - Hos Greta","og_description":"Klippan Yllefabriks tuffa babyfilt Iggy Piggy Punky \u00e4r m\u00f6nstrad med h\u00e4ftiga sm\u00e5 igelkottar. Ullfilten \u00e4r tillverkad av ren ekologisk lammull av h\u00f6gsta kvalitet - ett bra val f\u00f6r b\u00e5de ditt barn och lammet. Ullfilten \u00e4r varm och mjuk och fungerar s\u00e5v\u00e4l i s\u00e4ngen och barnvagnen som p\u00e5 utflykten.","og_url":"https:\/\/www.hosgreta.se\/shop\/produkt\/iggy-piggy-punky-gra-ullfilt-65x90cm\/","og_site_name":"Hos Greta","article_publisher":"https:\/\/www.facebook.com\/hosgreta","article_modified_time":"2019-09-17T13:38:27+00:00","og_image":[{"width":1024,"height":1024,"url":"https:\/\/www.hosgreta.se\/shop\/wp-content\/uploads\/2018\/04\/Iggy-Piggy-Punky-grey-babyfilt-gr\u00e5-Klippan.jpg","type":"image\/jpeg"}],"twitter_card":"summary_large_image","schema":{"@context":"https:\/\/schema.org","@graph":[{"@type":"WebPage","@id":"https:\/\/www.hosgreta.se\/shop\/produkt\/iggy-piggy-punky-gra-ullfilt-65x90cm\/","url":"https:\/\/www.hosgreta.se\/shop\/produkt\/iggy-piggy-punky-gra-ullfilt-65x90cm\/","name":"Iggy Piggy Punky gr\u00e5 ullfilt 65x90 cm - Hos Greta","isPartOf":{"@id":"https:\/\/www.hosgreta.se\/shop\/#website"},"primaryImageOfPage":{"@id":"https:\/\/www.hosgreta.se\/shop\/produkt\/iggy-piggy-punky-gra-ullfilt-65x90cm\/#primaryimage"},"image":{"@id":"https:\/\/www.hosgreta.se\/shop\/produkt\/iggy-piggy-punky-gra-ullfilt-65x90cm\/#primaryimage"},"thumbnailUrl":"https:\/\/www.hosgreta.se\/shop\/wp-content\/uploads\/2018\/04\/Iggy-Piggy-Punky-grey-babyfilt-gr\u00e5-Klippan.jpg","datePublished":"2018-04-09T10:37:03+00:00","dateModified":"2019-09-17T13:38:27+00:00","breadcrumb":{"@id":"https:\/\/www.hosgreta.se\/shop\/produkt\/iggy-piggy-punky-gra-ullfilt-65x90cm\/#breadcrumb"},"inLanguage":"sv-SE","potentialAction":[{"@type":"ReadAction","target":["https:\/\/www.hosgreta.se\/shop\/produkt\/iggy-piggy-punky-gra-ullfilt-65x90cm\/"]}]},{"@type":"ImageObject","inLanguage":"sv-SE","@id":"https:\/\/www.hosgreta.se\/shop\/produkt\/iggy-piggy-punky-gra-ullfilt-65x90cm\/#primaryimage","url":"https:\/\/www.hosgreta.se\/shop\/wp-content\/uploads\/2018\/04\/Iggy-Piggy-Punky-grey-babyfilt-gr\u00e5-Klippan.jpg","contentUrl":"https:\/\/www.hosgreta.se\/shop\/wp-content\/uploads\/2018\/04\/Iggy-Piggy-Punky-grey-babyfilt-gr\u00e5-Klippan.jpg","width":1024,"height":1024},{"@type":"BreadcrumbList","@id":"https:\/\/www.hosgreta.se\/shop\/produkt\/iggy-piggy-punky-gra-ullfilt-65x90cm\/#breadcrumb","itemListElement":[{"@type":"ListItem","position":1,"name":"Hem","item":"https:\/\/www.hosgreta.se\/shop\/"},{"@type":"ListItem","position":2,"name":"Shop","item":"https:\/\/www.hosgreta.se\/shop\/shop\/"},{"@type":"ListItem","position":3,"name":"Iggy Piggy Punky gr\u00e5 ullfilt 65&#215;90 cm"}]},{"@type":"WebSite","@id":"https:\/\/www.hosgreta.se\/shop\/#website","url":"https:\/\/www.hosgreta.se\/shop\/","name":"Hos Greta","description":"Vi v\u00e4ljer ut v\u00e5ra varum\u00e4rken med stor omsorg.","publisher":{"@id":"https:\/\/www.hosgreta.se\/shop\/#organization"},"potentialAction":[{"@type":"SearchAction","target":{"@type":"EntryPoint","urlTemplate":"https:\/\/www.hosgreta.se\/shop\/?s={search_term_string}"},"query-input":{"@type":"PropertyValueSpecification","valueRequired":true,"valueName":"search_term_string"}}],"inLanguage":"sv-SE"},{"@type":"Organization","@id":"https:\/\/www.hosgreta.se\/shop\/#organization","name":"Hos Greta","url":"https:\/\/www.hosgreta.se\/shop\/","logo":{"@type":"ImageObject","inLanguage":"sv-SE","@id":"https:\/\/www.hosgreta.se\/shop\/#\/schema\/logo\/image\/","url":"https:\/\/www.hosgreta.se\/shop\/wp-content\/uploads\/2018\/03\/Logo_HosGreta_svart.png","contentUrl":"https:\/\/www.hosgreta.se\/shop\/wp-content\/uploads\/2018\/03\/Logo_HosGreta_svart.png","width":851,"height":851,"caption":"Hos Greta"},"image":{"@id":"https:\/\/www.hosgreta.se\/shop\/#\/schema\/logo\/image\/"},"sameAs":["https:\/\/www.facebook.com\/hosgreta","https:\/\/www.instagram.com\/hosgreta"]}]}},"kroconnect":{"tax_rate":25,"price_inc_vat":{"regular_price":425},"price_ex_vat":{"regular_price":340}},"brands":[{"id":194,"name":"Klippan","slug":"klippan"}],"_links":{"self":[{"href":"https:\/\/www.hosgreta.se\/shop\/wp-json\/wp\/v2\/product\/5750","targetHints":{"allow":["GET"]}}],"collection":[{"href":"https:\/\/www.hosgreta.se\/shop\/wp-json\/wp\/v2\/product"}],"about":[{"href":"https:\/\/www.hosgreta.se\/shop\/wp-json\/wp\/v2\/types\/product"}],"replies":[{"embeddable":true,"href":"https:\/\/www.hosgreta.se\/shop\/wp-json\/wp\/v2\/comments?post=5750"}],"wp:featuredmedia":[{"embeddable":true,"href":"https:\/\/www.hosgreta.se\/shop\/wp-json\/wp\/v2\/media\/6985"}],"wp:attachment":[{"href":"https:\/\/www.hosgreta.se\/shop\/wp-json\/wp\/v2\/media?parent=5750"}],"wp:term":[{"taxonomy":"pwb-brand","embeddable":true,"href":"https:\/\/www.hosgreta.se\/shop\/wp-json\/wp\/v2\/pwb-brand?post=5750"},{"taxonomy":"product_brand","embeddable":true,"href":"https:\/\/www.hosgreta.se\/shop\/wp-json\/wp\/v2\/product_brand?post=5750"},{"taxonomy":"product_cat","embeddable":true,"href":"https:\/\/www.hosgreta.se\/shop\/wp-json\/wp\/v2\/product_cat?post=5750"},{"taxonomy":"product_tag","embeddable":true,"href":"https:\/\/www.hosgreta.se\/shop\/wp-json\/wp\/v2\/product_tag?post=5750"}],"curies":[{"name":"wp","href":"https:\/\/api.w.org\/{rel}","templated":true}]}}