{"id":6059,"date":"2018-04-09T12:38:49","date_gmt":"2018-04-09T10:38:49","guid":{"rendered":"https:\/\/www.hosgreta.se\/shop\/produkt\/thinking-putty-quicksilver-with-magnet\/"},"modified":"2023-02-28T10:07:43","modified_gmt":"2023-02-28T09:07:43","slug":"thinking-putty-quicksilver-with-magnet","status":"publish","type":"product","link":"https:\/\/www.hosgreta.se\/shop\/produkt\/thinking-putty-quicksilver-with-magnet\/","title":{"rendered":"Thinking Putty Quicksilver with magnet"},"content":{"rendered":"<p>Thinking Putty Quicksilver with magnet<\/p>\n<p>Crazy Aaron\u00b4s Thinking putty \u00e4r inte bara en lera, utan den fungerar \u00e4ven som studsboll om de formas till en rund boll.<\/p>\n<p>Alla Crazy Aaron\u00b4s Thinking putty \u00e4r giftfria, luktar ingenting och det blir inte kladdigt p\u00e5 h\u00e4nderna.<br \/>\nPutty torkar aldrig ut, \u00e4ven om den ligger utanf\u00f6r burken, badar i vatten eller hamnar i frysen.<\/p>\n<p>Crazy Aaron\u00b4s Thinking Putty \u00e4r tillverkad i USA av vuxna m\u00e4nniskor med olika funtionsvariationer.<\/p>\n","protected":false},"excerpt":{"rendered":"<p>N\u00e4r Super Magnetic Thinking Putty str\u00e4cks eller formas har Putty ingen magnetisk laddning och beter sig som vilken annan rolig Thinking Putty som helst. I n\u00e4rheten av ett magnetf\u00e4lt (magneten som \u00e4r inkluderad i produkten) b\u00f6rjar dess magnetiska krafter vakna till liv. Pl\u00f6tsligt har en sann super magnetiskt Putty skapats som lockar till sig en magnetisk pol och st\u00f6ter ifr\u00e5n sig sin motpol. Super magnetics kommer i fyra olika sp\u00e4nnande utf\u00f6randen med o\u00e4ndliga m\u00f6jligheter.<\/p>\n","protected":false},"featured_media":23638,"comment_status":"closed","ping_status":"closed","template":"","meta":[],"pwb-brand":[201],"product_brand":[],"product_cat":[75,148],"product_tag":[],"class_list":{"0":"post-6059","1":"product","2":"type-product","3":"status-publish","4":"has-post-thumbnail","6":"pwb-brand-crazy-aarons-thinking-putty","7":"product_cat-barn","8":"product_cat-thinking-putty","10":"first","11":"outofstock","12":"taxable","13":"shipping-taxable","14":"purchasable","15":"product-type-simple"},"yoast_head":"<!-- This site is optimized with the Yoast SEO plugin v27.4 - https:\/\/yoast.com\/product\/yoast-seo-wordpress\/ -->\n<title>Thinking Putty Quicksilver with magnet, unik magnetisk lera - Hos Greta<\/title>\n<meta name=\"description\" content=\"Thinking Putty Quicksilver with magnet. I n\u00e4rheten av ett magnetf\u00e4lt (magneten som \u00e4r inkluderad i produkten) b\u00f6rjar dess magnetiska krafter vakna till liv. Pl\u00f6tsligt har en sann super magnetiskt Putty skapats som lockar till sig en magnetisk pol och st\u00f6ter ifr\u00e5n sig sin motpol\" \/>\n<meta name=\"robots\" content=\"index, follow, max-snippet:-1, max-image-preview:large, max-video-preview:-1\" \/>\n<link rel=\"canonical\" href=\"https:\/\/www.hosgreta.se\/shop\/produkt\/thinking-putty-quicksilver-with-magnet\/\" \/>\n<meta property=\"og:locale\" content=\"sv_SE\" \/>\n<meta property=\"og:type\" content=\"article\" \/>\n<meta property=\"og:title\" content=\"Thinking Putty Quicksilver with magnet, unik magnetisk lera - Hos Greta\" \/>\n<meta property=\"og:description\" content=\"Thinking Putty Quicksilver with magnet. I n\u00e4rheten av ett magnetf\u00e4lt (magneten som \u00e4r inkluderad i produkten) b\u00f6rjar dess magnetiska krafter vakna till liv. Pl\u00f6tsligt har en sann super magnetiskt Putty skapats som lockar till sig en magnetisk pol och st\u00f6ter ifr\u00e5n sig sin motpol\" \/>\n<meta property=\"og:url\" content=\"https:\/\/www.hosgreta.se\/shop\/produkt\/thinking-putty-quicksilver-with-magnet\/\" \/>\n<meta property=\"og:site_name\" content=\"Hos Greta\" \/>\n<meta property=\"article:publisher\" content=\"https:\/\/www.facebook.com\/hosgreta\" \/>\n<meta property=\"article:modified_time\" content=\"2023-02-28T09:07:43+00:00\" \/>\n<meta property=\"og:image\" content=\"https:\/\/www.hosgreta.se\/shop\/wp-content\/uploads\/2018\/05\/Crazy-Aarons-Thinking-Putty-Magnetics-Quicksilver.jpeg\" \/>\n\t<meta property=\"og:image:width\" content=\"800\" \/>\n\t<meta property=\"og:image:height\" content=\"800\" \/>\n\t<meta property=\"og:image:type\" content=\"image\/jpeg\" \/>\n<meta name=\"twitter:card\" content=\"summary_large_image\" \/>\n<script type=\"application\/ld+json\" class=\"yoast-schema-graph\">{\"@context\":\"https:\\\/\\\/schema.org\",\"@graph\":[{\"@type\":\"WebPage\",\"@id\":\"https:\\\/\\\/www.hosgreta.se\\\/shop\\\/produkt\\\/thinking-putty-quicksilver-with-magnet\\\/\",\"url\":\"https:\\\/\\\/www.hosgreta.se\\\/shop\\\/produkt\\\/thinking-putty-quicksilver-with-magnet\\\/\",\"name\":\"Thinking Putty Quicksilver with magnet, unik magnetisk lera - Hos Greta\",\"isPartOf\":{\"@id\":\"https:\\\/\\\/www.hosgreta.se\\\/shop\\\/#website\"},\"primaryImageOfPage\":{\"@id\":\"https:\\\/\\\/www.hosgreta.se\\\/shop\\\/produkt\\\/thinking-putty-quicksilver-with-magnet\\\/#primaryimage\"},\"image\":{\"@id\":\"https:\\\/\\\/www.hosgreta.se\\\/shop\\\/produkt\\\/thinking-putty-quicksilver-with-magnet\\\/#primaryimage\"},\"thumbnailUrl\":\"https:\\\/\\\/www.hosgreta.se\\\/shop\\\/wp-content\\\/uploads\\\/2018\\\/05\\\/Crazy-Aarons-Thinking-Putty-Magnetics-Quicksilver.jpeg\",\"datePublished\":\"2018-04-09T10:38:49+00:00\",\"dateModified\":\"2023-02-28T09:07:43+00:00\",\"description\":\"Thinking Putty Quicksilver with magnet. I n\u00e4rheten av ett magnetf\u00e4lt (magneten som \u00e4r inkluderad i produkten) b\u00f6rjar dess magnetiska krafter vakna till liv. Pl\u00f6tsligt har en sann super magnetiskt Putty skapats som lockar till sig en magnetisk pol och st\u00f6ter ifr\u00e5n sig sin motpol\",\"breadcrumb\":{\"@id\":\"https:\\\/\\\/www.hosgreta.se\\\/shop\\\/produkt\\\/thinking-putty-quicksilver-with-magnet\\\/#breadcrumb\"},\"inLanguage\":\"sv-SE\",\"potentialAction\":[{\"@type\":\"ReadAction\",\"target\":[\"https:\\\/\\\/www.hosgreta.se\\\/shop\\\/produkt\\\/thinking-putty-quicksilver-with-magnet\\\/\"]}]},{\"@type\":\"ImageObject\",\"inLanguage\":\"sv-SE\",\"@id\":\"https:\\\/\\\/www.hosgreta.se\\\/shop\\\/produkt\\\/thinking-putty-quicksilver-with-magnet\\\/#primaryimage\",\"url\":\"https:\\\/\\\/www.hosgreta.se\\\/shop\\\/wp-content\\\/uploads\\\/2018\\\/05\\\/Crazy-Aarons-Thinking-Putty-Magnetics-Quicksilver.jpeg\",\"contentUrl\":\"https:\\\/\\\/www.hosgreta.se\\\/shop\\\/wp-content\\\/uploads\\\/2018\\\/05\\\/Crazy-Aarons-Thinking-Putty-Magnetics-Quicksilver.jpeg\",\"width\":800,\"height\":800,\"caption\":\"Thinking Putty Quicksilver with magnet Crazy Aarons Thinking Putty\"},{\"@type\":\"BreadcrumbList\",\"@id\":\"https:\\\/\\\/www.hosgreta.se\\\/shop\\\/produkt\\\/thinking-putty-quicksilver-with-magnet\\\/#breadcrumb\",\"itemListElement\":[{\"@type\":\"ListItem\",\"position\":1,\"name\":\"Hem\",\"item\":\"https:\\\/\\\/www.hosgreta.se\\\/shop\\\/\"},{\"@type\":\"ListItem\",\"position\":2,\"name\":\"Shop\",\"item\":\"https:\\\/\\\/www.hosgreta.se\\\/shop\\\/shop\\\/\"},{\"@type\":\"ListItem\",\"position\":3,\"name\":\"Thinking Putty Quicksilver with magnet\"}]},{\"@type\":\"WebSite\",\"@id\":\"https:\\\/\\\/www.hosgreta.se\\\/shop\\\/#website\",\"url\":\"https:\\\/\\\/www.hosgreta.se\\\/shop\\\/\",\"name\":\"Hos Greta\",\"description\":\"Vi v\u00e4ljer ut v\u00e5ra varum\u00e4rken med stor omsorg.\",\"publisher\":{\"@id\":\"https:\\\/\\\/www.hosgreta.se\\\/shop\\\/#organization\"},\"potentialAction\":[{\"@type\":\"SearchAction\",\"target\":{\"@type\":\"EntryPoint\",\"urlTemplate\":\"https:\\\/\\\/www.hosgreta.se\\\/shop\\\/?s={search_term_string}\"},\"query-input\":{\"@type\":\"PropertyValueSpecification\",\"valueRequired\":true,\"valueName\":\"search_term_string\"}}],\"inLanguage\":\"sv-SE\"},{\"@type\":\"Organization\",\"@id\":\"https:\\\/\\\/www.hosgreta.se\\\/shop\\\/#organization\",\"name\":\"Hos Greta\",\"url\":\"https:\\\/\\\/www.hosgreta.se\\\/shop\\\/\",\"logo\":{\"@type\":\"ImageObject\",\"inLanguage\":\"sv-SE\",\"@id\":\"https:\\\/\\\/www.hosgreta.se\\\/shop\\\/#\\\/schema\\\/logo\\\/image\\\/\",\"url\":\"https:\\\/\\\/www.hosgreta.se\\\/shop\\\/wp-content\\\/uploads\\\/2018\\\/03\\\/Logo_HosGreta_svart.png\",\"contentUrl\":\"https:\\\/\\\/www.hosgreta.se\\\/shop\\\/wp-content\\\/uploads\\\/2018\\\/03\\\/Logo_HosGreta_svart.png\",\"width\":851,\"height\":851,\"caption\":\"Hos Greta\"},\"image\":{\"@id\":\"https:\\\/\\\/www.hosgreta.se\\\/shop\\\/#\\\/schema\\\/logo\\\/image\\\/\"},\"sameAs\":[\"https:\\\/\\\/www.facebook.com\\\/hosgreta\",\"https:\\\/\\\/www.instagram.com\\\/hosgreta\"]}]}<\/script>\n<!-- \/ Yoast SEO plugin. -->","yoast_head_json":{"title":"Thinking Putty Quicksilver with magnet, unik magnetisk lera - Hos Greta","description":"Thinking Putty Quicksilver with magnet. I n\u00e4rheten av ett magnetf\u00e4lt (magneten som \u00e4r inkluderad i produkten) b\u00f6rjar dess magnetiska krafter vakna till liv. Pl\u00f6tsligt har en sann super magnetiskt Putty skapats som lockar till sig en magnetisk pol och st\u00f6ter ifr\u00e5n sig sin motpol","robots":{"index":"index","follow":"follow","max-snippet":"max-snippet:-1","max-image-preview":"max-image-preview:large","max-video-preview":"max-video-preview:-1"},"canonical":"https:\/\/www.hosgreta.se\/shop\/produkt\/thinking-putty-quicksilver-with-magnet\/","og_locale":"sv_SE","og_type":"article","og_title":"Thinking Putty Quicksilver with magnet, unik magnetisk lera - Hos Greta","og_description":"Thinking Putty Quicksilver with magnet. I n\u00e4rheten av ett magnetf\u00e4lt (magneten som \u00e4r inkluderad i produkten) b\u00f6rjar dess magnetiska krafter vakna till liv. Pl\u00f6tsligt har en sann super magnetiskt Putty skapats som lockar till sig en magnetisk pol och st\u00f6ter ifr\u00e5n sig sin motpol","og_url":"https:\/\/www.hosgreta.se\/shop\/produkt\/thinking-putty-quicksilver-with-magnet\/","og_site_name":"Hos Greta","article_publisher":"https:\/\/www.facebook.com\/hosgreta","article_modified_time":"2023-02-28T09:07:43+00:00","og_image":[{"width":800,"height":800,"url":"https:\/\/www.hosgreta.se\/shop\/wp-content\/uploads\/2018\/05\/Crazy-Aarons-Thinking-Putty-Magnetics-Quicksilver.jpeg","type":"image\/jpeg"}],"twitter_card":"summary_large_image","schema":{"@context":"https:\/\/schema.org","@graph":[{"@type":"WebPage","@id":"https:\/\/www.hosgreta.se\/shop\/produkt\/thinking-putty-quicksilver-with-magnet\/","url":"https:\/\/www.hosgreta.se\/shop\/produkt\/thinking-putty-quicksilver-with-magnet\/","name":"Thinking Putty Quicksilver with magnet, unik magnetisk lera - Hos Greta","isPartOf":{"@id":"https:\/\/www.hosgreta.se\/shop\/#website"},"primaryImageOfPage":{"@id":"https:\/\/www.hosgreta.se\/shop\/produkt\/thinking-putty-quicksilver-with-magnet\/#primaryimage"},"image":{"@id":"https:\/\/www.hosgreta.se\/shop\/produkt\/thinking-putty-quicksilver-with-magnet\/#primaryimage"},"thumbnailUrl":"https:\/\/www.hosgreta.se\/shop\/wp-content\/uploads\/2018\/05\/Crazy-Aarons-Thinking-Putty-Magnetics-Quicksilver.jpeg","datePublished":"2018-04-09T10:38:49+00:00","dateModified":"2023-02-28T09:07:43+00:00","description":"Thinking Putty Quicksilver with magnet. I n\u00e4rheten av ett magnetf\u00e4lt (magneten som \u00e4r inkluderad i produkten) b\u00f6rjar dess magnetiska krafter vakna till liv. Pl\u00f6tsligt har en sann super magnetiskt Putty skapats som lockar till sig en magnetisk pol och st\u00f6ter ifr\u00e5n sig sin motpol","breadcrumb":{"@id":"https:\/\/www.hosgreta.se\/shop\/produkt\/thinking-putty-quicksilver-with-magnet\/#breadcrumb"},"inLanguage":"sv-SE","potentialAction":[{"@type":"ReadAction","target":["https:\/\/www.hosgreta.se\/shop\/produkt\/thinking-putty-quicksilver-with-magnet\/"]}]},{"@type":"ImageObject","inLanguage":"sv-SE","@id":"https:\/\/www.hosgreta.se\/shop\/produkt\/thinking-putty-quicksilver-with-magnet\/#primaryimage","url":"https:\/\/www.hosgreta.se\/shop\/wp-content\/uploads\/2018\/05\/Crazy-Aarons-Thinking-Putty-Magnetics-Quicksilver.jpeg","contentUrl":"https:\/\/www.hosgreta.se\/shop\/wp-content\/uploads\/2018\/05\/Crazy-Aarons-Thinking-Putty-Magnetics-Quicksilver.jpeg","width":800,"height":800,"caption":"Thinking Putty Quicksilver with magnet Crazy Aarons Thinking Putty"},{"@type":"BreadcrumbList","@id":"https:\/\/www.hosgreta.se\/shop\/produkt\/thinking-putty-quicksilver-with-magnet\/#breadcrumb","itemListElement":[{"@type":"ListItem","position":1,"name":"Hem","item":"https:\/\/www.hosgreta.se\/shop\/"},{"@type":"ListItem","position":2,"name":"Shop","item":"https:\/\/www.hosgreta.se\/shop\/shop\/"},{"@type":"ListItem","position":3,"name":"Thinking Putty Quicksilver with magnet"}]},{"@type":"WebSite","@id":"https:\/\/www.hosgreta.se\/shop\/#website","url":"https:\/\/www.hosgreta.se\/shop\/","name":"Hos Greta","description":"Vi v\u00e4ljer ut v\u00e5ra varum\u00e4rken med stor omsorg.","publisher":{"@id":"https:\/\/www.hosgreta.se\/shop\/#organization"},"potentialAction":[{"@type":"SearchAction","target":{"@type":"EntryPoint","urlTemplate":"https:\/\/www.hosgreta.se\/shop\/?s={search_term_string}"},"query-input":{"@type":"PropertyValueSpecification","valueRequired":true,"valueName":"search_term_string"}}],"inLanguage":"sv-SE"},{"@type":"Organization","@id":"https:\/\/www.hosgreta.se\/shop\/#organization","name":"Hos Greta","url":"https:\/\/www.hosgreta.se\/shop\/","logo":{"@type":"ImageObject","inLanguage":"sv-SE","@id":"https:\/\/www.hosgreta.se\/shop\/#\/schema\/logo\/image\/","url":"https:\/\/www.hosgreta.se\/shop\/wp-content\/uploads\/2018\/03\/Logo_HosGreta_svart.png","contentUrl":"https:\/\/www.hosgreta.se\/shop\/wp-content\/uploads\/2018\/03\/Logo_HosGreta_svart.png","width":851,"height":851,"caption":"Hos Greta"},"image":{"@id":"https:\/\/www.hosgreta.se\/shop\/#\/schema\/logo\/image\/"},"sameAs":["https:\/\/www.facebook.com\/hosgreta","https:\/\/www.instagram.com\/hosgreta"]}]}},"kroconnect":{"tax_rate":25,"price_inc_vat":{"regular_price":199},"price_ex_vat":{"regular_price":159.2}},"brands":[{"id":201,"name":"Crazy Aaron's Thinking Putty","slug":"crazy-aarons-thinking-putty"}],"_links":{"self":[{"href":"https:\/\/www.hosgreta.se\/shop\/wp-json\/wp\/v2\/product\/6059","targetHints":{"allow":["GET"]}}],"collection":[{"href":"https:\/\/www.hosgreta.se\/shop\/wp-json\/wp\/v2\/product"}],"about":[{"href":"https:\/\/www.hosgreta.se\/shop\/wp-json\/wp\/v2\/types\/product"}],"replies":[{"embeddable":true,"href":"https:\/\/www.hosgreta.se\/shop\/wp-json\/wp\/v2\/comments?post=6059"}],"wp:featuredmedia":[{"embeddable":true,"href":"https:\/\/www.hosgreta.se\/shop\/wp-json\/wp\/v2\/media\/23638"}],"wp:attachment":[{"href":"https:\/\/www.hosgreta.se\/shop\/wp-json\/wp\/v2\/media?parent=6059"}],"wp:term":[{"taxonomy":"pwb-brand","embeddable":true,"href":"https:\/\/www.hosgreta.se\/shop\/wp-json\/wp\/v2\/pwb-brand?post=6059"},{"taxonomy":"product_brand","embeddable":true,"href":"https:\/\/www.hosgreta.se\/shop\/wp-json\/wp\/v2\/product_brand?post=6059"},{"taxonomy":"product_cat","embeddable":true,"href":"https:\/\/www.hosgreta.se\/shop\/wp-json\/wp\/v2\/product_cat?post=6059"},{"taxonomy":"product_tag","embeddable":true,"href":"https:\/\/www.hosgreta.se\/shop\/wp-json\/wp\/v2\/product_tag?post=6059"}],"curies":[{"name":"wp","href":"https:\/\/api.w.org\/{rel}","templated":true}]}}