{"id":6076,"date":"2018-04-09T12:38:59","date_gmt":"2018-04-09T10:38:59","guid":{"rendered":"https:\/\/www.hosgreta.se\/shop\/produkt\/thinking-putty-twilight-mini\/"},"modified":"2023-02-28T10:07:42","modified_gmt":"2023-02-28T09:07:42","slug":"thinking-putty-twilight-mini","status":"publish","type":"product","link":"https:\/\/www.hosgreta.se\/shop\/produkt\/thinking-putty-twilight-mini\/","title":{"rendered":"Thinking Putty Twilight Mini"},"content":{"rendered":"<p>Thinking Putty Twilight Mini<\/p>\n<p>Crazy Aaron\u00b4s Thinking putty \u00e4r inte bara en lera, utan den fungerar \u00e4ven som studsboll om de formas till en rund boll.<\/p>\n<p>Alla Crazy Aaron\u00b4s Thinking putty \u00e4r giftfria, luktar ingenting och det blir inte kladdigt p\u00e5 h\u00e4nderna.<br \/>\nPutty torkar aldrig ut, \u00e4ven om den ligger utanf\u00f6r burken, badar i vatten eller hamnar i frysen.<\/p>\n<p>Crazy Aaron\u00b4s Thinking Putty \u00e4r tillverkad i USA av vuxna m\u00e4nniskor med olika funtionsvariationer.<\/p>\n","protected":false},"excerpt":{"rendered":"<p>Hyper Color Thinking Putty \u00e4r unik p\u00e5 det s\u00e4ttet att den \u00e4r v\u00e4rmek\u00e4nslig. Bara en &#8221;touch&#8221; fr\u00e5n dina h\u00e4nder eller en varm kaffekopp kommer att avsl\u00f6ja en ny het f\u00e4rg. L\u00e5t den svalna eller l\u00e4gg in den i kylsk\u00e5pet, d\u00e5 kommer den g\u00e5 tillbaka till sin ursprungliga f\u00e4rg.<\/p>\n","protected":false},"featured_media":23620,"comment_status":"closed","ping_status":"closed","template":"","meta":[],"pwb-brand":[201],"product_brand":[],"product_cat":[75,148],"product_tag":[],"class_list":{"0":"post-6076","1":"product","2":"type-product","3":"status-publish","4":"has-post-thumbnail","6":"pwb-brand-crazy-aarons-thinking-putty","7":"product_cat-barn","8":"product_cat-thinking-putty","10":"first","11":"outofstock","12":"taxable","13":"shipping-taxable","14":"purchasable","15":"product-type-simple"},"yoast_head":"<!-- This site is optimized with the Yoast SEO plugin v27.4 - https:\/\/yoast.com\/product\/yoast-seo-wordpress\/ -->\n<title>Thinking Putty Twilight Mini, en unik v\u00e4rmek\u00e4nslig lera - Hos Greta<\/title>\n<meta name=\"description\" content=\"Thinking Putty Twilight Mini \u00e4r unik p\u00e5 det s\u00e4ttet att den \u00e4r v\u00e4rmek\u00e4nslig. Bara en &#039;&#039;touch&#039;&#039; fr\u00e5n dina h\u00e4nder eller en varm kaffekopp kommer att avsl\u00f6ja en ny het f\u00e4rg. L\u00e5t den svalna eller l\u00e4gg in den i kylsk\u00e5pet, d\u00e5 kommer den g\u00e5 tillbaka till sin ursprungliga f\u00e4rg.\" \/>\n<meta name=\"robots\" content=\"index, follow, max-snippet:-1, max-image-preview:large, max-video-preview:-1\" \/>\n<link rel=\"canonical\" href=\"https:\/\/www.hosgreta.se\/shop\/produkt\/thinking-putty-twilight-mini\/\" \/>\n<meta property=\"og:locale\" content=\"sv_SE\" \/>\n<meta property=\"og:type\" content=\"article\" \/>\n<meta property=\"og:title\" content=\"Thinking Putty Twilight Mini, en unik v\u00e4rmek\u00e4nslig lera - Hos Greta\" \/>\n<meta property=\"og:description\" content=\"Thinking Putty Twilight Mini \u00e4r unik p\u00e5 det s\u00e4ttet att den \u00e4r v\u00e4rmek\u00e4nslig. Bara en &#039;&#039;touch&#039;&#039; fr\u00e5n dina h\u00e4nder eller en varm kaffekopp kommer att avsl\u00f6ja en ny het f\u00e4rg. L\u00e5t den svalna eller l\u00e4gg in den i kylsk\u00e5pet, d\u00e5 kommer den g\u00e5 tillbaka till sin ursprungliga f\u00e4rg.\" \/>\n<meta property=\"og:url\" content=\"https:\/\/www.hosgreta.se\/shop\/produkt\/thinking-putty-twilight-mini\/\" \/>\n<meta property=\"og:site_name\" content=\"Hos Greta\" \/>\n<meta property=\"article:publisher\" content=\"https:\/\/www.facebook.com\/hosgreta\" \/>\n<meta property=\"article:modified_time\" content=\"2023-02-28T09:07:42+00:00\" \/>\n<meta property=\"og:image\" content=\"https:\/\/www.hosgreta.se\/shop\/wp-content\/uploads\/2018\/05\/Crazy-Aarons-Thinking-Putty-Hypercolors-Twilight-mini.jpeg\" \/>\n\t<meta property=\"og:image:width\" content=\"800\" \/>\n\t<meta property=\"og:image:height\" content=\"800\" \/>\n\t<meta property=\"og:image:type\" content=\"image\/jpeg\" \/>\n<meta name=\"twitter:card\" content=\"summary_large_image\" \/>\n<script type=\"application\/ld+json\" class=\"yoast-schema-graph\">{\"@context\":\"https:\\\/\\\/schema.org\",\"@graph\":[{\"@type\":\"WebPage\",\"@id\":\"https:\\\/\\\/www.hosgreta.se\\\/shop\\\/produkt\\\/thinking-putty-twilight-mini\\\/\",\"url\":\"https:\\\/\\\/www.hosgreta.se\\\/shop\\\/produkt\\\/thinking-putty-twilight-mini\\\/\",\"name\":\"Thinking Putty Twilight Mini, en unik v\u00e4rmek\u00e4nslig lera - Hos Greta\",\"isPartOf\":{\"@id\":\"https:\\\/\\\/www.hosgreta.se\\\/shop\\\/#website\"},\"primaryImageOfPage\":{\"@id\":\"https:\\\/\\\/www.hosgreta.se\\\/shop\\\/produkt\\\/thinking-putty-twilight-mini\\\/#primaryimage\"},\"image\":{\"@id\":\"https:\\\/\\\/www.hosgreta.se\\\/shop\\\/produkt\\\/thinking-putty-twilight-mini\\\/#primaryimage\"},\"thumbnailUrl\":\"https:\\\/\\\/www.hosgreta.se\\\/shop\\\/wp-content\\\/uploads\\\/2018\\\/05\\\/Crazy-Aarons-Thinking-Putty-Hypercolors-Twilight-mini.jpeg\",\"datePublished\":\"2018-04-09T10:38:59+00:00\",\"dateModified\":\"2023-02-28T09:07:42+00:00\",\"description\":\"Thinking Putty Twilight Mini \u00e4r unik p\u00e5 det s\u00e4ttet att den \u00e4r v\u00e4rmek\u00e4nslig. Bara en ''touch'' fr\u00e5n dina h\u00e4nder eller en varm kaffekopp kommer att avsl\u00f6ja en ny het f\u00e4rg. L\u00e5t den svalna eller l\u00e4gg in den i kylsk\u00e5pet, d\u00e5 kommer den g\u00e5 tillbaka till sin ursprungliga f\u00e4rg.\",\"breadcrumb\":{\"@id\":\"https:\\\/\\\/www.hosgreta.se\\\/shop\\\/produkt\\\/thinking-putty-twilight-mini\\\/#breadcrumb\"},\"inLanguage\":\"sv-SE\",\"potentialAction\":[{\"@type\":\"ReadAction\",\"target\":[\"https:\\\/\\\/www.hosgreta.se\\\/shop\\\/produkt\\\/thinking-putty-twilight-mini\\\/\"]}]},{\"@type\":\"ImageObject\",\"inLanguage\":\"sv-SE\",\"@id\":\"https:\\\/\\\/www.hosgreta.se\\\/shop\\\/produkt\\\/thinking-putty-twilight-mini\\\/#primaryimage\",\"url\":\"https:\\\/\\\/www.hosgreta.se\\\/shop\\\/wp-content\\\/uploads\\\/2018\\\/05\\\/Crazy-Aarons-Thinking-Putty-Hypercolors-Twilight-mini.jpeg\",\"contentUrl\":\"https:\\\/\\\/www.hosgreta.se\\\/shop\\\/wp-content\\\/uploads\\\/2018\\\/05\\\/Crazy-Aarons-Thinking-Putty-Hypercolors-Twilight-mini.jpeg\",\"width\":800,\"height\":800,\"caption\":\"Crazy Aarons Thinking Putty Hypercolors Twilight mini\"},{\"@type\":\"BreadcrumbList\",\"@id\":\"https:\\\/\\\/www.hosgreta.se\\\/shop\\\/produkt\\\/thinking-putty-twilight-mini\\\/#breadcrumb\",\"itemListElement\":[{\"@type\":\"ListItem\",\"position\":1,\"name\":\"Hem\",\"item\":\"https:\\\/\\\/www.hosgreta.se\\\/shop\\\/\"},{\"@type\":\"ListItem\",\"position\":2,\"name\":\"Shop\",\"item\":\"https:\\\/\\\/www.hosgreta.se\\\/shop\\\/shop\\\/\"},{\"@type\":\"ListItem\",\"position\":3,\"name\":\"Thinking Putty Twilight Mini\"}]},{\"@type\":\"WebSite\",\"@id\":\"https:\\\/\\\/www.hosgreta.se\\\/shop\\\/#website\",\"url\":\"https:\\\/\\\/www.hosgreta.se\\\/shop\\\/\",\"name\":\"Hos Greta\",\"description\":\"Vi v\u00e4ljer ut v\u00e5ra varum\u00e4rken med stor omsorg.\",\"publisher\":{\"@id\":\"https:\\\/\\\/www.hosgreta.se\\\/shop\\\/#organization\"},\"potentialAction\":[{\"@type\":\"SearchAction\",\"target\":{\"@type\":\"EntryPoint\",\"urlTemplate\":\"https:\\\/\\\/www.hosgreta.se\\\/shop\\\/?s={search_term_string}\"},\"query-input\":{\"@type\":\"PropertyValueSpecification\",\"valueRequired\":true,\"valueName\":\"search_term_string\"}}],\"inLanguage\":\"sv-SE\"},{\"@type\":\"Organization\",\"@id\":\"https:\\\/\\\/www.hosgreta.se\\\/shop\\\/#organization\",\"name\":\"Hos Greta\",\"url\":\"https:\\\/\\\/www.hosgreta.se\\\/shop\\\/\",\"logo\":{\"@type\":\"ImageObject\",\"inLanguage\":\"sv-SE\",\"@id\":\"https:\\\/\\\/www.hosgreta.se\\\/shop\\\/#\\\/schema\\\/logo\\\/image\\\/\",\"url\":\"https:\\\/\\\/www.hosgreta.se\\\/shop\\\/wp-content\\\/uploads\\\/2018\\\/03\\\/Logo_HosGreta_svart.png\",\"contentUrl\":\"https:\\\/\\\/www.hosgreta.se\\\/shop\\\/wp-content\\\/uploads\\\/2018\\\/03\\\/Logo_HosGreta_svart.png\",\"width\":851,\"height\":851,\"caption\":\"Hos Greta\"},\"image\":{\"@id\":\"https:\\\/\\\/www.hosgreta.se\\\/shop\\\/#\\\/schema\\\/logo\\\/image\\\/\"},\"sameAs\":[\"https:\\\/\\\/www.facebook.com\\\/hosgreta\",\"https:\\\/\\\/www.instagram.com\\\/hosgreta\"]}]}<\/script>\n<!-- \/ Yoast SEO plugin. -->","yoast_head_json":{"title":"Thinking Putty Twilight Mini, en unik v\u00e4rmek\u00e4nslig lera - Hos Greta","description":"Thinking Putty Twilight Mini \u00e4r unik p\u00e5 det s\u00e4ttet att den \u00e4r v\u00e4rmek\u00e4nslig. Bara en ''touch'' fr\u00e5n dina h\u00e4nder eller en varm kaffekopp kommer att avsl\u00f6ja en ny het f\u00e4rg. L\u00e5t den svalna eller l\u00e4gg in den i kylsk\u00e5pet, d\u00e5 kommer den g\u00e5 tillbaka till sin ursprungliga f\u00e4rg.","robots":{"index":"index","follow":"follow","max-snippet":"max-snippet:-1","max-image-preview":"max-image-preview:large","max-video-preview":"max-video-preview:-1"},"canonical":"https:\/\/www.hosgreta.se\/shop\/produkt\/thinking-putty-twilight-mini\/","og_locale":"sv_SE","og_type":"article","og_title":"Thinking Putty Twilight Mini, en unik v\u00e4rmek\u00e4nslig lera - Hos Greta","og_description":"Thinking Putty Twilight Mini \u00e4r unik p\u00e5 det s\u00e4ttet att den \u00e4r v\u00e4rmek\u00e4nslig. Bara en ''touch'' fr\u00e5n dina h\u00e4nder eller en varm kaffekopp kommer att avsl\u00f6ja en ny het f\u00e4rg. L\u00e5t den svalna eller l\u00e4gg in den i kylsk\u00e5pet, d\u00e5 kommer den g\u00e5 tillbaka till sin ursprungliga f\u00e4rg.","og_url":"https:\/\/www.hosgreta.se\/shop\/produkt\/thinking-putty-twilight-mini\/","og_site_name":"Hos Greta","article_publisher":"https:\/\/www.facebook.com\/hosgreta","article_modified_time":"2023-02-28T09:07:42+00:00","og_image":[{"width":800,"height":800,"url":"https:\/\/www.hosgreta.se\/shop\/wp-content\/uploads\/2018\/05\/Crazy-Aarons-Thinking-Putty-Hypercolors-Twilight-mini.jpeg","type":"image\/jpeg"}],"twitter_card":"summary_large_image","schema":{"@context":"https:\/\/schema.org","@graph":[{"@type":"WebPage","@id":"https:\/\/www.hosgreta.se\/shop\/produkt\/thinking-putty-twilight-mini\/","url":"https:\/\/www.hosgreta.se\/shop\/produkt\/thinking-putty-twilight-mini\/","name":"Thinking Putty Twilight Mini, en unik v\u00e4rmek\u00e4nslig lera - Hos Greta","isPartOf":{"@id":"https:\/\/www.hosgreta.se\/shop\/#website"},"primaryImageOfPage":{"@id":"https:\/\/www.hosgreta.se\/shop\/produkt\/thinking-putty-twilight-mini\/#primaryimage"},"image":{"@id":"https:\/\/www.hosgreta.se\/shop\/produkt\/thinking-putty-twilight-mini\/#primaryimage"},"thumbnailUrl":"https:\/\/www.hosgreta.se\/shop\/wp-content\/uploads\/2018\/05\/Crazy-Aarons-Thinking-Putty-Hypercolors-Twilight-mini.jpeg","datePublished":"2018-04-09T10:38:59+00:00","dateModified":"2023-02-28T09:07:42+00:00","description":"Thinking Putty Twilight Mini \u00e4r unik p\u00e5 det s\u00e4ttet att den \u00e4r v\u00e4rmek\u00e4nslig. Bara en ''touch'' fr\u00e5n dina h\u00e4nder eller en varm kaffekopp kommer att avsl\u00f6ja en ny het f\u00e4rg. L\u00e5t den svalna eller l\u00e4gg in den i kylsk\u00e5pet, d\u00e5 kommer den g\u00e5 tillbaka till sin ursprungliga f\u00e4rg.","breadcrumb":{"@id":"https:\/\/www.hosgreta.se\/shop\/produkt\/thinking-putty-twilight-mini\/#breadcrumb"},"inLanguage":"sv-SE","potentialAction":[{"@type":"ReadAction","target":["https:\/\/www.hosgreta.se\/shop\/produkt\/thinking-putty-twilight-mini\/"]}]},{"@type":"ImageObject","inLanguage":"sv-SE","@id":"https:\/\/www.hosgreta.se\/shop\/produkt\/thinking-putty-twilight-mini\/#primaryimage","url":"https:\/\/www.hosgreta.se\/shop\/wp-content\/uploads\/2018\/05\/Crazy-Aarons-Thinking-Putty-Hypercolors-Twilight-mini.jpeg","contentUrl":"https:\/\/www.hosgreta.se\/shop\/wp-content\/uploads\/2018\/05\/Crazy-Aarons-Thinking-Putty-Hypercolors-Twilight-mini.jpeg","width":800,"height":800,"caption":"Crazy Aarons Thinking Putty Hypercolors Twilight mini"},{"@type":"BreadcrumbList","@id":"https:\/\/www.hosgreta.se\/shop\/produkt\/thinking-putty-twilight-mini\/#breadcrumb","itemListElement":[{"@type":"ListItem","position":1,"name":"Hem","item":"https:\/\/www.hosgreta.se\/shop\/"},{"@type":"ListItem","position":2,"name":"Shop","item":"https:\/\/www.hosgreta.se\/shop\/shop\/"},{"@type":"ListItem","position":3,"name":"Thinking Putty Twilight Mini"}]},{"@type":"WebSite","@id":"https:\/\/www.hosgreta.se\/shop\/#website","url":"https:\/\/www.hosgreta.se\/shop\/","name":"Hos Greta","description":"Vi v\u00e4ljer ut v\u00e5ra varum\u00e4rken med stor omsorg.","publisher":{"@id":"https:\/\/www.hosgreta.se\/shop\/#organization"},"potentialAction":[{"@type":"SearchAction","target":{"@type":"EntryPoint","urlTemplate":"https:\/\/www.hosgreta.se\/shop\/?s={search_term_string}"},"query-input":{"@type":"PropertyValueSpecification","valueRequired":true,"valueName":"search_term_string"}}],"inLanguage":"sv-SE"},{"@type":"Organization","@id":"https:\/\/www.hosgreta.se\/shop\/#organization","name":"Hos Greta","url":"https:\/\/www.hosgreta.se\/shop\/","logo":{"@type":"ImageObject","inLanguage":"sv-SE","@id":"https:\/\/www.hosgreta.se\/shop\/#\/schema\/logo\/image\/","url":"https:\/\/www.hosgreta.se\/shop\/wp-content\/uploads\/2018\/03\/Logo_HosGreta_svart.png","contentUrl":"https:\/\/www.hosgreta.se\/shop\/wp-content\/uploads\/2018\/03\/Logo_HosGreta_svart.png","width":851,"height":851,"caption":"Hos Greta"},"image":{"@id":"https:\/\/www.hosgreta.se\/shop\/#\/schema\/logo\/image\/"},"sameAs":["https:\/\/www.facebook.com\/hosgreta","https:\/\/www.instagram.com\/hosgreta"]}]}},"kroconnect":{"tax_rate":25,"price_inc_vat":{"regular_price":49},"price_ex_vat":{"regular_price":39.2}},"brands":[{"id":201,"name":"Crazy Aaron's Thinking Putty","slug":"crazy-aarons-thinking-putty"}],"_links":{"self":[{"href":"https:\/\/www.hosgreta.se\/shop\/wp-json\/wp\/v2\/product\/6076","targetHints":{"allow":["GET"]}}],"collection":[{"href":"https:\/\/www.hosgreta.se\/shop\/wp-json\/wp\/v2\/product"}],"about":[{"href":"https:\/\/www.hosgreta.se\/shop\/wp-json\/wp\/v2\/types\/product"}],"replies":[{"embeddable":true,"href":"https:\/\/www.hosgreta.se\/shop\/wp-json\/wp\/v2\/comments?post=6076"}],"wp:featuredmedia":[{"embeddable":true,"href":"https:\/\/www.hosgreta.se\/shop\/wp-json\/wp\/v2\/media\/23620"}],"wp:attachment":[{"href":"https:\/\/www.hosgreta.se\/shop\/wp-json\/wp\/v2\/media?parent=6076"}],"wp:term":[{"taxonomy":"pwb-brand","embeddable":true,"href":"https:\/\/www.hosgreta.se\/shop\/wp-json\/wp\/v2\/pwb-brand?post=6076"},{"taxonomy":"product_brand","embeddable":true,"href":"https:\/\/www.hosgreta.se\/shop\/wp-json\/wp\/v2\/product_brand?post=6076"},{"taxonomy":"product_cat","embeddable":true,"href":"https:\/\/www.hosgreta.se\/shop\/wp-json\/wp\/v2\/product_cat?post=6076"},{"taxonomy":"product_tag","embeddable":true,"href":"https:\/\/www.hosgreta.se\/shop\/wp-json\/wp\/v2\/product_tag?post=6076"}],"curies":[{"name":"wp","href":"https:\/\/api.w.org\/{rel}","templated":true}]}}