{"id":6090,"date":"2018-04-09T12:39:15","date_gmt":"2018-04-09T10:39:15","guid":{"rendered":"https:\/\/www.hosgreta.se\/shop\/produkt\/vaxbo-lin-bubbel-handduk-svart\/"},"modified":"2020-01-01T21:42:43","modified_gmt":"2020-01-01T20:42:43","slug":"vaxbo-lin-bubbel-handduk-svart","status":"publish","type":"product","link":"https:\/\/www.hosgreta.se\/shop\/produkt\/vaxbo-lin-bubbel-handduk-svart\/","title":{"rendered":"V\u00e4xbo lin Bubbel handduk svart"},"content":{"rendered":"<p>V\u00e4xbo lin Bubbel handduk svart<br \/>\nStorlek: 50&#215;70 cm<\/p>\n<p>Sk\u00f6tsel: Bl\u00f6tl\u00e4ggs 20- 30 minuter innan tv\u00e4tt f\u00f6r att skona linfibrerna och tillf\u00f6ra mer vatten. Tv\u00e4tta linnet separat, blanda inte med andra material d\u00e5 det kan ludda \u00f6ver fibrer. Tv\u00e4ttas i 60C med ingen eller l\u00e5g centrifug, v\u00e4lj det programmet som ger mest vatten f\u00f6r det beh\u00f6ver linnet f\u00f6rsta g\u00e5ngerna. Str\u00e4cks ut och h\u00e4ngs eller plantorkas f\u00f6r b\u00e4sta resultat. Vill man stryka eller mangla g\u00f6rs detta n\u00e4r duken \u00e4r fuktig. Torktumla rekommenderas ej.<\/p>\n","protected":false},"excerpt":{"rendered":"<p>Denna handduk \u00e4r v\u00e4vd i ett v\u00e5ffelm\u00f6nster som ger en h\u00e4rligt sk\u00f6n kvalitet f\u00f6r huden. Bubbel \u00e4r stryk- och mangelfri, har en mycket god uppsugningsf\u00f6rm\u00e5ga.<\/p>\n","protected":false},"featured_media":6382,"comment_status":"closed","ping_status":"closed","template":"","meta":[],"pwb-brand":[202],"product_brand":[],"product_cat":[165,169,74],"product_tag":[],"class_list":{"0":"post-6090","1":"product","2":"type-product","3":"status-publish","4":"has-post-thumbnail","6":"pwb-brand-vaxbo-lin","7":"product_cat-badrum","8":"product_cat-handdukar","9":"product_cat-inredning","11":"first","12":"outofstock","13":"taxable","14":"shipping-taxable","15":"purchasable","16":"product-type-simple"},"yoast_head":"<!-- This site is optimized with the Yoast SEO plugin v27.5 - https:\/\/yoast.com\/product\/yoast-seo-wordpress\/ -->\n<title>V\u00e4xbo lin Bubbel handduk svart finns att k\u00f6pa Hos Greta<\/title>\n<meta name=\"description\" content=\"V\u00e4xbo lin Bubbel handduk svart. Denna handduk \u00e4r v\u00e4vd i ett v\u00e5ffelm\u00f6nster som ger en h\u00e4rligt sk\u00f6n kvalitet f\u00f6r huden. Bubbel \u00e4r stryk- och mangelfri, har en mycket god uppsugningsf\u00f6rm\u00e5ga.\" \/>\n<meta name=\"robots\" content=\"index, follow, max-snippet:-1, max-image-preview:large, max-video-preview:-1\" \/>\n<link rel=\"canonical\" href=\"https:\/\/www.hosgreta.se\/shop\/produkt\/vaxbo-lin-bubbel-handduk-svart\/\" \/>\n<meta property=\"og:locale\" content=\"sv_SE\" \/>\n<meta property=\"og:type\" content=\"article\" \/>\n<meta property=\"og:title\" content=\"V\u00e4xbo lin Bubbel handduk svart finns att k\u00f6pa Hos Greta\" \/>\n<meta property=\"og:description\" content=\"V\u00e4xbo lin Bubbel handduk svart. Denna handduk \u00e4r v\u00e4vd i ett v\u00e5ffelm\u00f6nster som ger en h\u00e4rligt sk\u00f6n kvalitet f\u00f6r huden. Bubbel \u00e4r stryk- och mangelfri, har en mycket god uppsugningsf\u00f6rm\u00e5ga.\" \/>\n<meta property=\"og:url\" content=\"https:\/\/www.hosgreta.se\/shop\/produkt\/vaxbo-lin-bubbel-handduk-svart\/\" \/>\n<meta property=\"og:site_name\" content=\"Hos Greta\" \/>\n<meta property=\"article:publisher\" content=\"https:\/\/www.facebook.com\/hosgreta\" \/>\n<meta property=\"article:modified_time\" content=\"2020-01-01T20:42:43+00:00\" \/>\n<meta property=\"og:image\" content=\"https:\/\/www.hosgreta.se\/shop\/wp-content\/uploads\/2018\/04\/v\u00e4xtbo-handduk-svart.jpg\" \/>\n\t<meta property=\"og:image:width\" content=\"510\" \/>\n\t<meta property=\"og:image:height\" content=\"768\" \/>\n\t<meta property=\"og:image:type\" content=\"image\/jpeg\" \/>\n<meta name=\"twitter:card\" content=\"summary_large_image\" \/>\n<meta name=\"twitter:label1\" content=\"Ber\u00e4knad l\u00e4stid\" \/>\n\t<meta name=\"twitter:data1\" content=\"1 minut\" \/>\n<script type=\"application\/ld+json\" class=\"yoast-schema-graph\">{\"@context\":\"https:\\\/\\\/schema.org\",\"@graph\":[{\"@type\":\"WebPage\",\"@id\":\"https:\\\/\\\/www.hosgreta.se\\\/shop\\\/produkt\\\/vaxbo-lin-bubbel-handduk-svart\\\/\",\"url\":\"https:\\\/\\\/www.hosgreta.se\\\/shop\\\/produkt\\\/vaxbo-lin-bubbel-handduk-svart\\\/\",\"name\":\"V\u00e4xbo lin Bubbel handduk svart finns att k\u00f6pa Hos Greta\",\"isPartOf\":{\"@id\":\"https:\\\/\\\/www.hosgreta.se\\\/shop\\\/#website\"},\"primaryImageOfPage\":{\"@id\":\"https:\\\/\\\/www.hosgreta.se\\\/shop\\\/produkt\\\/vaxbo-lin-bubbel-handduk-svart\\\/#primaryimage\"},\"image\":{\"@id\":\"https:\\\/\\\/www.hosgreta.se\\\/shop\\\/produkt\\\/vaxbo-lin-bubbel-handduk-svart\\\/#primaryimage\"},\"thumbnailUrl\":\"https:\\\/\\\/www.hosgreta.se\\\/shop\\\/wp-content\\\/uploads\\\/2018\\\/04\\\/v\u00e4xtbo-handduk-svart.jpg\",\"datePublished\":\"2018-04-09T10:39:15+00:00\",\"dateModified\":\"2020-01-01T20:42:43+00:00\",\"description\":\"V\u00e4xbo lin Bubbel handduk svart. Denna handduk \u00e4r v\u00e4vd i ett v\u00e5ffelm\u00f6nster som ger en h\u00e4rligt sk\u00f6n kvalitet f\u00f6r huden. Bubbel \u00e4r stryk- och mangelfri, har en mycket god uppsugningsf\u00f6rm\u00e5ga.\",\"breadcrumb\":{\"@id\":\"https:\\\/\\\/www.hosgreta.se\\\/shop\\\/produkt\\\/vaxbo-lin-bubbel-handduk-svart\\\/#breadcrumb\"},\"inLanguage\":\"sv-SE\",\"potentialAction\":[{\"@type\":\"ReadAction\",\"target\":[\"https:\\\/\\\/www.hosgreta.se\\\/shop\\\/produkt\\\/vaxbo-lin-bubbel-handduk-svart\\\/\"]}]},{\"@type\":\"ImageObject\",\"inLanguage\":\"sv-SE\",\"@id\":\"https:\\\/\\\/www.hosgreta.se\\\/shop\\\/produkt\\\/vaxbo-lin-bubbel-handduk-svart\\\/#primaryimage\",\"url\":\"https:\\\/\\\/www.hosgreta.se\\\/shop\\\/wp-content\\\/uploads\\\/2018\\\/04\\\/v\u00e4xtbo-handduk-svart.jpg\",\"contentUrl\":\"https:\\\/\\\/www.hosgreta.se\\\/shop\\\/wp-content\\\/uploads\\\/2018\\\/04\\\/v\u00e4xtbo-handduk-svart.jpg\",\"width\":510,\"height\":768,\"caption\":\"V\u00e4xbo lin Bubbel handduk svart\"},{\"@type\":\"BreadcrumbList\",\"@id\":\"https:\\\/\\\/www.hosgreta.se\\\/shop\\\/produkt\\\/vaxbo-lin-bubbel-handduk-svart\\\/#breadcrumb\",\"itemListElement\":[{\"@type\":\"ListItem\",\"position\":1,\"name\":\"Hem\",\"item\":\"https:\\\/\\\/www.hosgreta.se\\\/shop\\\/\"},{\"@type\":\"ListItem\",\"position\":2,\"name\":\"Shop\",\"item\":\"https:\\\/\\\/www.hosgreta.se\\\/shop\\\/shop\\\/\"},{\"@type\":\"ListItem\",\"position\":3,\"name\":\"V\u00e4xbo lin Bubbel handduk svart\"}]},{\"@type\":\"WebSite\",\"@id\":\"https:\\\/\\\/www.hosgreta.se\\\/shop\\\/#website\",\"url\":\"https:\\\/\\\/www.hosgreta.se\\\/shop\\\/\",\"name\":\"Hos Greta\",\"description\":\"Vi v\u00e4ljer ut v\u00e5ra varum\u00e4rken med stor omsorg.\",\"publisher\":{\"@id\":\"https:\\\/\\\/www.hosgreta.se\\\/shop\\\/#organization\"},\"potentialAction\":[{\"@type\":\"SearchAction\",\"target\":{\"@type\":\"EntryPoint\",\"urlTemplate\":\"https:\\\/\\\/www.hosgreta.se\\\/shop\\\/?s={search_term_string}\"},\"query-input\":{\"@type\":\"PropertyValueSpecification\",\"valueRequired\":true,\"valueName\":\"search_term_string\"}}],\"inLanguage\":\"sv-SE\"},{\"@type\":\"Organization\",\"@id\":\"https:\\\/\\\/www.hosgreta.se\\\/shop\\\/#organization\",\"name\":\"Hos Greta\",\"url\":\"https:\\\/\\\/www.hosgreta.se\\\/shop\\\/\",\"logo\":{\"@type\":\"ImageObject\",\"inLanguage\":\"sv-SE\",\"@id\":\"https:\\\/\\\/www.hosgreta.se\\\/shop\\\/#\\\/schema\\\/logo\\\/image\\\/\",\"url\":\"https:\\\/\\\/www.hosgreta.se\\\/shop\\\/wp-content\\\/uploads\\\/2018\\\/03\\\/Logo_HosGreta_svart.png\",\"contentUrl\":\"https:\\\/\\\/www.hosgreta.se\\\/shop\\\/wp-content\\\/uploads\\\/2018\\\/03\\\/Logo_HosGreta_svart.png\",\"width\":851,\"height\":851,\"caption\":\"Hos Greta\"},\"image\":{\"@id\":\"https:\\\/\\\/www.hosgreta.se\\\/shop\\\/#\\\/schema\\\/logo\\\/image\\\/\"},\"sameAs\":[\"https:\\\/\\\/www.facebook.com\\\/hosgreta\",\"https:\\\/\\\/www.instagram.com\\\/hosgreta\"]}]}<\/script>\n<!-- \/ Yoast SEO plugin. -->","yoast_head_json":{"title":"V\u00e4xbo lin Bubbel handduk svart finns att k\u00f6pa Hos Greta","description":"V\u00e4xbo lin Bubbel handduk svart. Denna handduk \u00e4r v\u00e4vd i ett v\u00e5ffelm\u00f6nster som ger en h\u00e4rligt sk\u00f6n kvalitet f\u00f6r huden. Bubbel \u00e4r stryk- och mangelfri, har en mycket god uppsugningsf\u00f6rm\u00e5ga.","robots":{"index":"index","follow":"follow","max-snippet":"max-snippet:-1","max-image-preview":"max-image-preview:large","max-video-preview":"max-video-preview:-1"},"canonical":"https:\/\/www.hosgreta.se\/shop\/produkt\/vaxbo-lin-bubbel-handduk-svart\/","og_locale":"sv_SE","og_type":"article","og_title":"V\u00e4xbo lin Bubbel handduk svart finns att k\u00f6pa Hos Greta","og_description":"V\u00e4xbo lin Bubbel handduk svart. Denna handduk \u00e4r v\u00e4vd i ett v\u00e5ffelm\u00f6nster som ger en h\u00e4rligt sk\u00f6n kvalitet f\u00f6r huden. Bubbel \u00e4r stryk- och mangelfri, har en mycket god uppsugningsf\u00f6rm\u00e5ga.","og_url":"https:\/\/www.hosgreta.se\/shop\/produkt\/vaxbo-lin-bubbel-handduk-svart\/","og_site_name":"Hos Greta","article_publisher":"https:\/\/www.facebook.com\/hosgreta","article_modified_time":"2020-01-01T20:42:43+00:00","og_image":[{"width":510,"height":768,"url":"https:\/\/www.hosgreta.se\/shop\/wp-content\/uploads\/2018\/04\/v\u00e4xtbo-handduk-svart.jpg","type":"image\/jpeg"}],"twitter_card":"summary_large_image","twitter_misc":{"Ber\u00e4knad l\u00e4stid":"1 minut"},"schema":{"@context":"https:\/\/schema.org","@graph":[{"@type":"WebPage","@id":"https:\/\/www.hosgreta.se\/shop\/produkt\/vaxbo-lin-bubbel-handduk-svart\/","url":"https:\/\/www.hosgreta.se\/shop\/produkt\/vaxbo-lin-bubbel-handduk-svart\/","name":"V\u00e4xbo lin Bubbel handduk svart finns att k\u00f6pa Hos Greta","isPartOf":{"@id":"https:\/\/www.hosgreta.se\/shop\/#website"},"primaryImageOfPage":{"@id":"https:\/\/www.hosgreta.se\/shop\/produkt\/vaxbo-lin-bubbel-handduk-svart\/#primaryimage"},"image":{"@id":"https:\/\/www.hosgreta.se\/shop\/produkt\/vaxbo-lin-bubbel-handduk-svart\/#primaryimage"},"thumbnailUrl":"https:\/\/www.hosgreta.se\/shop\/wp-content\/uploads\/2018\/04\/v\u00e4xtbo-handduk-svart.jpg","datePublished":"2018-04-09T10:39:15+00:00","dateModified":"2020-01-01T20:42:43+00:00","description":"V\u00e4xbo lin Bubbel handduk svart. Denna handduk \u00e4r v\u00e4vd i ett v\u00e5ffelm\u00f6nster som ger en h\u00e4rligt sk\u00f6n kvalitet f\u00f6r huden. Bubbel \u00e4r stryk- och mangelfri, har en mycket god uppsugningsf\u00f6rm\u00e5ga.","breadcrumb":{"@id":"https:\/\/www.hosgreta.se\/shop\/produkt\/vaxbo-lin-bubbel-handduk-svart\/#breadcrumb"},"inLanguage":"sv-SE","potentialAction":[{"@type":"ReadAction","target":["https:\/\/www.hosgreta.se\/shop\/produkt\/vaxbo-lin-bubbel-handduk-svart\/"]}]},{"@type":"ImageObject","inLanguage":"sv-SE","@id":"https:\/\/www.hosgreta.se\/shop\/produkt\/vaxbo-lin-bubbel-handduk-svart\/#primaryimage","url":"https:\/\/www.hosgreta.se\/shop\/wp-content\/uploads\/2018\/04\/v\u00e4xtbo-handduk-svart.jpg","contentUrl":"https:\/\/www.hosgreta.se\/shop\/wp-content\/uploads\/2018\/04\/v\u00e4xtbo-handduk-svart.jpg","width":510,"height":768,"caption":"V\u00e4xbo lin Bubbel handduk svart"},{"@type":"BreadcrumbList","@id":"https:\/\/www.hosgreta.se\/shop\/produkt\/vaxbo-lin-bubbel-handduk-svart\/#breadcrumb","itemListElement":[{"@type":"ListItem","position":1,"name":"Hem","item":"https:\/\/www.hosgreta.se\/shop\/"},{"@type":"ListItem","position":2,"name":"Shop","item":"https:\/\/www.hosgreta.se\/shop\/shop\/"},{"@type":"ListItem","position":3,"name":"V\u00e4xbo lin Bubbel handduk svart"}]},{"@type":"WebSite","@id":"https:\/\/www.hosgreta.se\/shop\/#website","url":"https:\/\/www.hosgreta.se\/shop\/","name":"Hos Greta","description":"Vi v\u00e4ljer ut v\u00e5ra varum\u00e4rken med stor omsorg.","publisher":{"@id":"https:\/\/www.hosgreta.se\/shop\/#organization"},"potentialAction":[{"@type":"SearchAction","target":{"@type":"EntryPoint","urlTemplate":"https:\/\/www.hosgreta.se\/shop\/?s={search_term_string}"},"query-input":{"@type":"PropertyValueSpecification","valueRequired":true,"valueName":"search_term_string"}}],"inLanguage":"sv-SE"},{"@type":"Organization","@id":"https:\/\/www.hosgreta.se\/shop\/#organization","name":"Hos Greta","url":"https:\/\/www.hosgreta.se\/shop\/","logo":{"@type":"ImageObject","inLanguage":"sv-SE","@id":"https:\/\/www.hosgreta.se\/shop\/#\/schema\/logo\/image\/","url":"https:\/\/www.hosgreta.se\/shop\/wp-content\/uploads\/2018\/03\/Logo_HosGreta_svart.png","contentUrl":"https:\/\/www.hosgreta.se\/shop\/wp-content\/uploads\/2018\/03\/Logo_HosGreta_svart.png","width":851,"height":851,"caption":"Hos Greta"},"image":{"@id":"https:\/\/www.hosgreta.se\/shop\/#\/schema\/logo\/image\/"},"sameAs":["https:\/\/www.facebook.com\/hosgreta","https:\/\/www.instagram.com\/hosgreta"]}]}},"kroconnect":{"tax_rate":25,"price_inc_vat":{"regular_price":235},"price_ex_vat":{"regular_price":188}},"brands":[{"id":202,"name":"V\u00e4xbo lin","slug":"vaxbo-lin"}],"_links":{"self":[{"href":"https:\/\/www.hosgreta.se\/shop\/wp-json\/wp\/v2\/product\/6090","targetHints":{"allow":["GET"]}}],"collection":[{"href":"https:\/\/www.hosgreta.se\/shop\/wp-json\/wp\/v2\/product"}],"about":[{"href":"https:\/\/www.hosgreta.se\/shop\/wp-json\/wp\/v2\/types\/product"}],"replies":[{"embeddable":true,"href":"https:\/\/www.hosgreta.se\/shop\/wp-json\/wp\/v2\/comments?post=6090"}],"wp:featuredmedia":[{"embeddable":true,"href":"https:\/\/www.hosgreta.se\/shop\/wp-json\/wp\/v2\/media\/6382"}],"wp:attachment":[{"href":"https:\/\/www.hosgreta.se\/shop\/wp-json\/wp\/v2\/media?parent=6090"}],"wp:term":[{"taxonomy":"pwb-brand","embeddable":true,"href":"https:\/\/www.hosgreta.se\/shop\/wp-json\/wp\/v2\/pwb-brand?post=6090"},{"taxonomy":"product_brand","embeddable":true,"href":"https:\/\/www.hosgreta.se\/shop\/wp-json\/wp\/v2\/product_brand?post=6090"},{"taxonomy":"product_cat","embeddable":true,"href":"https:\/\/www.hosgreta.se\/shop\/wp-json\/wp\/v2\/product_cat?post=6090"},{"taxonomy":"product_tag","embeddable":true,"href":"https:\/\/www.hosgreta.se\/shop\/wp-json\/wp\/v2\/product_tag?post=6090"}],"curies":[{"name":"wp","href":"https:\/\/api.w.org\/{rel}","templated":true}]}}