{"id":66948,"date":"2018-12-12T11:20:35","date_gmt":"2018-12-12T10:20:35","guid":{"rendered":"https:\/\/www.hosgreta.se\/shop\/produkt\/solstickan-dorrhangare-glom-inte\/"},"modified":"2025-12-21T09:38:36","modified_gmt":"2025-12-21T08:38:36","slug":"solstickan-dorrhangare-glom-inte","status":"publish","type":"product","link":"https:\/\/www.hosgreta.se\/shop\/produkt\/solstickan-dorrhangare-glom-inte\/","title":{"rendered":"Solstickan D\u00f6rrh\u00e4ngare Gl\u00f6m inte"},"content":{"rendered":"<p>Levereras i ett stilfullt fodral tillverkat av exklusivt papper.<\/p>\n<p>M\u00e5tt: 10&#215;23 cm<br \/>\nMaterial: Slitstark MDF<br \/>\nF\u00e4rg: Svart, Vit<\/p>\n","protected":false},"excerpt":{"rendered":"<p>P\u00e5minn den tankspridde om att sl\u00e4cka ljusen eller st\u00e4nga av kaffebryggaren med denna praktiska d\u00f6rrh\u00e4ngare fr\u00e5n Solstickan och motverka olyckan. H\u00e4ngaren har avbildning av den klassiska Solstickepojken skapad av Einar Nerman 1936 och \u00e4r svart p\u00e5 framsidan och vit p\u00e5 baksidan.<\/p>\n","protected":false},"featured_media":67778,"comment_status":"closed","ping_status":"closed","template":"","meta":[],"pwb-brand":[176],"product_brand":[],"product_cat":[74,251],"product_tag":[],"class_list":{"0":"post-66948","1":"product","2":"type-product","3":"status-publish","4":"has-post-thumbnail","6":"pwb-brand-solstickan","7":"product_cat-inredning","8":"product_cat-sakerhet","10":"first","11":"outofstock","12":"taxable","13":"shipping-taxable","14":"purchasable","15":"product-type-simple"},"yoast_head":"<!-- This site is optimized with the Yoast SEO plugin v27.5 - https:\/\/yoast.com\/product\/yoast-seo-wordpress\/ -->\n<title>Solstickan D\u00f6rrh\u00e4ngare Gl\u00f6m inte - Hos Greta<\/title>\n<meta name=\"robots\" content=\"index, follow, max-snippet:-1, max-image-preview:large, max-video-preview:-1\" \/>\n<link rel=\"canonical\" href=\"https:\/\/www.hosgreta.se\/shop\/produkt\/solstickan-dorrhangare-glom-inte\/\" \/>\n<meta property=\"og:locale\" content=\"sv_SE\" \/>\n<meta property=\"og:type\" content=\"article\" \/>\n<meta property=\"og:title\" content=\"Solstickan D\u00f6rrh\u00e4ngare Gl\u00f6m inte - Hos Greta\" \/>\n<meta property=\"og:description\" content=\"P\u00e5minn den tankspridde om att sl\u00e4cka ljusen eller st\u00e4nga av kaffebryggaren med denna praktiska d\u00f6rrh\u00e4ngare fr\u00e5n Solstickan och motverka olyckan. H\u00e4ngaren har avbildning av den klassiska Solstickepojken skapad av Einar Nerman 1936 och \u00e4r svart p\u00e5 framsidan och vit p\u00e5 baksidan.\" \/>\n<meta property=\"og:url\" content=\"https:\/\/www.hosgreta.se\/shop\/produkt\/solstickan-dorrhangare-glom-inte\/\" \/>\n<meta property=\"og:site_name\" content=\"Hos Greta\" \/>\n<meta property=\"article:publisher\" content=\"https:\/\/www.facebook.com\/hosgreta\" \/>\n<meta property=\"article:modified_time\" content=\"2025-12-21T08:38:36+00:00\" \/>\n<meta property=\"og:image\" content=\"https:\/\/www.hosgreta.se\/shop\/wp-content\/uploads\/2018\/12\/Solstickan-D\u00f6rrh\u00e4ngare-Gl\u00f6m-inte-sl\u00e4cka-ljusen.jpeg\" \/>\n\t<meta property=\"og:image:width\" content=\"800\" \/>\n\t<meta property=\"og:image:height\" content=\"800\" \/>\n\t<meta property=\"og:image:type\" content=\"image\/jpeg\" \/>\n<meta name=\"twitter:card\" content=\"summary_large_image\" \/>\n<script type=\"application\/ld+json\" class=\"yoast-schema-graph\">{\"@context\":\"https:\\\/\\\/schema.org\",\"@graph\":[{\"@type\":\"WebPage\",\"@id\":\"https:\\\/\\\/www.hosgreta.se\\\/shop\\\/produkt\\\/solstickan-dorrhangare-glom-inte\\\/\",\"url\":\"https:\\\/\\\/www.hosgreta.se\\\/shop\\\/produkt\\\/solstickan-dorrhangare-glom-inte\\\/\",\"name\":\"Solstickan D\u00f6rrh\u00e4ngare Gl\u00f6m inte - Hos Greta\",\"isPartOf\":{\"@id\":\"https:\\\/\\\/www.hosgreta.se\\\/shop\\\/#website\"},\"primaryImageOfPage\":{\"@id\":\"https:\\\/\\\/www.hosgreta.se\\\/shop\\\/produkt\\\/solstickan-dorrhangare-glom-inte\\\/#primaryimage\"},\"image\":{\"@id\":\"https:\\\/\\\/www.hosgreta.se\\\/shop\\\/produkt\\\/solstickan-dorrhangare-glom-inte\\\/#primaryimage\"},\"thumbnailUrl\":\"https:\\\/\\\/www.hosgreta.se\\\/shop\\\/wp-content\\\/uploads\\\/2018\\\/12\\\/Solstickan-D\u00f6rrh\u00e4ngare-Gl\u00f6m-inte-sl\u00e4cka-ljusen.jpeg\",\"datePublished\":\"2018-12-12T10:20:35+00:00\",\"dateModified\":\"2025-12-21T08:38:36+00:00\",\"breadcrumb\":{\"@id\":\"https:\\\/\\\/www.hosgreta.se\\\/shop\\\/produkt\\\/solstickan-dorrhangare-glom-inte\\\/#breadcrumb\"},\"inLanguage\":\"sv-SE\",\"potentialAction\":[{\"@type\":\"ReadAction\",\"target\":[\"https:\\\/\\\/www.hosgreta.se\\\/shop\\\/produkt\\\/solstickan-dorrhangare-glom-inte\\\/\"]}]},{\"@type\":\"ImageObject\",\"inLanguage\":\"sv-SE\",\"@id\":\"https:\\\/\\\/www.hosgreta.se\\\/shop\\\/produkt\\\/solstickan-dorrhangare-glom-inte\\\/#primaryimage\",\"url\":\"https:\\\/\\\/www.hosgreta.se\\\/shop\\\/wp-content\\\/uploads\\\/2018\\\/12\\\/Solstickan-D\u00f6rrh\u00e4ngare-Gl\u00f6m-inte-sl\u00e4cka-ljusen.jpeg\",\"contentUrl\":\"https:\\\/\\\/www.hosgreta.se\\\/shop\\\/wp-content\\\/uploads\\\/2018\\\/12\\\/Solstickan-D\u00f6rrh\u00e4ngare-Gl\u00f6m-inte-sl\u00e4cka-ljusen.jpeg\",\"width\":800,\"height\":800},{\"@type\":\"BreadcrumbList\",\"@id\":\"https:\\\/\\\/www.hosgreta.se\\\/shop\\\/produkt\\\/solstickan-dorrhangare-glom-inte\\\/#breadcrumb\",\"itemListElement\":[{\"@type\":\"ListItem\",\"position\":1,\"name\":\"Hem\",\"item\":\"https:\\\/\\\/www.hosgreta.se\\\/shop\\\/\"},{\"@type\":\"ListItem\",\"position\":2,\"name\":\"Shop\",\"item\":\"https:\\\/\\\/www.hosgreta.se\\\/shop\\\/shop\\\/\"},{\"@type\":\"ListItem\",\"position\":3,\"name\":\"Solstickan D\u00f6rrh\u00e4ngare Gl\u00f6m inte\"}]},{\"@type\":\"WebSite\",\"@id\":\"https:\\\/\\\/www.hosgreta.se\\\/shop\\\/#website\",\"url\":\"https:\\\/\\\/www.hosgreta.se\\\/shop\\\/\",\"name\":\"Hos Greta\",\"description\":\"Vi v\u00e4ljer ut v\u00e5ra varum\u00e4rken med stor omsorg.\",\"publisher\":{\"@id\":\"https:\\\/\\\/www.hosgreta.se\\\/shop\\\/#organization\"},\"potentialAction\":[{\"@type\":\"SearchAction\",\"target\":{\"@type\":\"EntryPoint\",\"urlTemplate\":\"https:\\\/\\\/www.hosgreta.se\\\/shop\\\/?s={search_term_string}\"},\"query-input\":{\"@type\":\"PropertyValueSpecification\",\"valueRequired\":true,\"valueName\":\"search_term_string\"}}],\"inLanguage\":\"sv-SE\"},{\"@type\":\"Organization\",\"@id\":\"https:\\\/\\\/www.hosgreta.se\\\/shop\\\/#organization\",\"name\":\"Hos Greta\",\"url\":\"https:\\\/\\\/www.hosgreta.se\\\/shop\\\/\",\"logo\":{\"@type\":\"ImageObject\",\"inLanguage\":\"sv-SE\",\"@id\":\"https:\\\/\\\/www.hosgreta.se\\\/shop\\\/#\\\/schema\\\/logo\\\/image\\\/\",\"url\":\"https:\\\/\\\/www.hosgreta.se\\\/shop\\\/wp-content\\\/uploads\\\/2018\\\/03\\\/Logo_HosGreta_svart.png\",\"contentUrl\":\"https:\\\/\\\/www.hosgreta.se\\\/shop\\\/wp-content\\\/uploads\\\/2018\\\/03\\\/Logo_HosGreta_svart.png\",\"width\":851,\"height\":851,\"caption\":\"Hos Greta\"},\"image\":{\"@id\":\"https:\\\/\\\/www.hosgreta.se\\\/shop\\\/#\\\/schema\\\/logo\\\/image\\\/\"},\"sameAs\":[\"https:\\\/\\\/www.facebook.com\\\/hosgreta\",\"https:\\\/\\\/www.instagram.com\\\/hosgreta\"]}]}<\/script>\n<!-- \/ Yoast SEO plugin. -->","yoast_head_json":{"title":"Solstickan D\u00f6rrh\u00e4ngare Gl\u00f6m inte - Hos Greta","robots":{"index":"index","follow":"follow","max-snippet":"max-snippet:-1","max-image-preview":"max-image-preview:large","max-video-preview":"max-video-preview:-1"},"canonical":"https:\/\/www.hosgreta.se\/shop\/produkt\/solstickan-dorrhangare-glom-inte\/","og_locale":"sv_SE","og_type":"article","og_title":"Solstickan D\u00f6rrh\u00e4ngare Gl\u00f6m inte - Hos Greta","og_description":"P\u00e5minn den tankspridde om att sl\u00e4cka ljusen eller st\u00e4nga av kaffebryggaren med denna praktiska d\u00f6rrh\u00e4ngare fr\u00e5n Solstickan och motverka olyckan. H\u00e4ngaren har avbildning av den klassiska Solstickepojken skapad av Einar Nerman 1936 och \u00e4r svart p\u00e5 framsidan och vit p\u00e5 baksidan.","og_url":"https:\/\/www.hosgreta.se\/shop\/produkt\/solstickan-dorrhangare-glom-inte\/","og_site_name":"Hos Greta","article_publisher":"https:\/\/www.facebook.com\/hosgreta","article_modified_time":"2025-12-21T08:38:36+00:00","og_image":[{"width":800,"height":800,"url":"https:\/\/www.hosgreta.se\/shop\/wp-content\/uploads\/2018\/12\/Solstickan-D\u00f6rrh\u00e4ngare-Gl\u00f6m-inte-sl\u00e4cka-ljusen.jpeg","type":"image\/jpeg"}],"twitter_card":"summary_large_image","schema":{"@context":"https:\/\/schema.org","@graph":[{"@type":"WebPage","@id":"https:\/\/www.hosgreta.se\/shop\/produkt\/solstickan-dorrhangare-glom-inte\/","url":"https:\/\/www.hosgreta.se\/shop\/produkt\/solstickan-dorrhangare-glom-inte\/","name":"Solstickan D\u00f6rrh\u00e4ngare Gl\u00f6m inte - Hos Greta","isPartOf":{"@id":"https:\/\/www.hosgreta.se\/shop\/#website"},"primaryImageOfPage":{"@id":"https:\/\/www.hosgreta.se\/shop\/produkt\/solstickan-dorrhangare-glom-inte\/#primaryimage"},"image":{"@id":"https:\/\/www.hosgreta.se\/shop\/produkt\/solstickan-dorrhangare-glom-inte\/#primaryimage"},"thumbnailUrl":"https:\/\/www.hosgreta.se\/shop\/wp-content\/uploads\/2018\/12\/Solstickan-D\u00f6rrh\u00e4ngare-Gl\u00f6m-inte-sl\u00e4cka-ljusen.jpeg","datePublished":"2018-12-12T10:20:35+00:00","dateModified":"2025-12-21T08:38:36+00:00","breadcrumb":{"@id":"https:\/\/www.hosgreta.se\/shop\/produkt\/solstickan-dorrhangare-glom-inte\/#breadcrumb"},"inLanguage":"sv-SE","potentialAction":[{"@type":"ReadAction","target":["https:\/\/www.hosgreta.se\/shop\/produkt\/solstickan-dorrhangare-glom-inte\/"]}]},{"@type":"ImageObject","inLanguage":"sv-SE","@id":"https:\/\/www.hosgreta.se\/shop\/produkt\/solstickan-dorrhangare-glom-inte\/#primaryimage","url":"https:\/\/www.hosgreta.se\/shop\/wp-content\/uploads\/2018\/12\/Solstickan-D\u00f6rrh\u00e4ngare-Gl\u00f6m-inte-sl\u00e4cka-ljusen.jpeg","contentUrl":"https:\/\/www.hosgreta.se\/shop\/wp-content\/uploads\/2018\/12\/Solstickan-D\u00f6rrh\u00e4ngare-Gl\u00f6m-inte-sl\u00e4cka-ljusen.jpeg","width":800,"height":800},{"@type":"BreadcrumbList","@id":"https:\/\/www.hosgreta.se\/shop\/produkt\/solstickan-dorrhangare-glom-inte\/#breadcrumb","itemListElement":[{"@type":"ListItem","position":1,"name":"Hem","item":"https:\/\/www.hosgreta.se\/shop\/"},{"@type":"ListItem","position":2,"name":"Shop","item":"https:\/\/www.hosgreta.se\/shop\/shop\/"},{"@type":"ListItem","position":3,"name":"Solstickan D\u00f6rrh\u00e4ngare Gl\u00f6m inte"}]},{"@type":"WebSite","@id":"https:\/\/www.hosgreta.se\/shop\/#website","url":"https:\/\/www.hosgreta.se\/shop\/","name":"Hos Greta","description":"Vi v\u00e4ljer ut v\u00e5ra varum\u00e4rken med stor omsorg.","publisher":{"@id":"https:\/\/www.hosgreta.se\/shop\/#organization"},"potentialAction":[{"@type":"SearchAction","target":{"@type":"EntryPoint","urlTemplate":"https:\/\/www.hosgreta.se\/shop\/?s={search_term_string}"},"query-input":{"@type":"PropertyValueSpecification","valueRequired":true,"valueName":"search_term_string"}}],"inLanguage":"sv-SE"},{"@type":"Organization","@id":"https:\/\/www.hosgreta.se\/shop\/#organization","name":"Hos Greta","url":"https:\/\/www.hosgreta.se\/shop\/","logo":{"@type":"ImageObject","inLanguage":"sv-SE","@id":"https:\/\/www.hosgreta.se\/shop\/#\/schema\/logo\/image\/","url":"https:\/\/www.hosgreta.se\/shop\/wp-content\/uploads\/2018\/03\/Logo_HosGreta_svart.png","contentUrl":"https:\/\/www.hosgreta.se\/shop\/wp-content\/uploads\/2018\/03\/Logo_HosGreta_svart.png","width":851,"height":851,"caption":"Hos Greta"},"image":{"@id":"https:\/\/www.hosgreta.se\/shop\/#\/schema\/logo\/image\/"},"sameAs":["https:\/\/www.facebook.com\/hosgreta","https:\/\/www.instagram.com\/hosgreta"]}]}},"kroconnect":{"tax_rate":25,"price_inc_vat":{"regular_price":89},"price_ex_vat":{"regular_price":71.2}},"brands":[{"id":176,"name":"Solstickan","slug":"solstickan"}],"_links":{"self":[{"href":"https:\/\/www.hosgreta.se\/shop\/wp-json\/wp\/v2\/product\/66948","targetHints":{"allow":["GET"]}}],"collection":[{"href":"https:\/\/www.hosgreta.se\/shop\/wp-json\/wp\/v2\/product"}],"about":[{"href":"https:\/\/www.hosgreta.se\/shop\/wp-json\/wp\/v2\/types\/product"}],"replies":[{"embeddable":true,"href":"https:\/\/www.hosgreta.se\/shop\/wp-json\/wp\/v2\/comments?post=66948"}],"wp:featuredmedia":[{"embeddable":true,"href":"https:\/\/www.hosgreta.se\/shop\/wp-json\/wp\/v2\/media\/67778"}],"wp:attachment":[{"href":"https:\/\/www.hosgreta.se\/shop\/wp-json\/wp\/v2\/media?parent=66948"}],"wp:term":[{"taxonomy":"pwb-brand","embeddable":true,"href":"https:\/\/www.hosgreta.se\/shop\/wp-json\/wp\/v2\/pwb-brand?post=66948"},{"taxonomy":"product_brand","embeddable":true,"href":"https:\/\/www.hosgreta.se\/shop\/wp-json\/wp\/v2\/product_brand?post=66948"},{"taxonomy":"product_cat","embeddable":true,"href":"https:\/\/www.hosgreta.se\/shop\/wp-json\/wp\/v2\/product_cat?post=66948"},{"taxonomy":"product_tag","embeddable":true,"href":"https:\/\/www.hosgreta.se\/shop\/wp-json\/wp\/v2\/product_tag?post=66948"}],"curies":[{"name":"wp","href":"https:\/\/api.w.org\/{rel}","templated":true}]}}