{"id":67024,"date":"2018-12-12T11:21:18","date_gmt":"2018-12-12T10:21:18","guid":{"rendered":"https:\/\/www.hosgreta.se\/shop\/produkt\/rubens-cutie-activety-charlie\/"},"modified":"2023-05-15T10:39:31","modified_gmt":"2023-05-15T08:39:31","slug":"rubens-cutie-activety-charlie","status":"publish","type":"product","link":"https:\/\/www.hosgreta.se\/shop\/produkt\/rubens-cutie-activety-charlie\/","title":{"rendered":"Rubens Cutie Activity Charlie"},"content":{"rendered":"<p>Storlek<br \/>\nL\u00e4ngd: 32 cm<br \/>\nVikt: 155 g<\/p>\n<p>Material<br \/>\nH\u00e5r: Polyester plysch<br \/>\nStoppning: Polyester fiber<br \/>\nHud: Polyester fleece<br \/>\nKl\u00e4der: Polyester, Bomull<\/p>\n<p>Sk\u00f6tsel: Dockan tv\u00e4ttas i 30 \u00b0C och tumlas p\u00e5 l\u00e5g v\u00e4rme, Kl\u00e4der handtv\u00e4ttas<br \/>\nM\u00e4rkningar: CE- m\u00e4rkt, ISO-certifierat 9001<br \/>\nRek \u00e5lder: 0+<\/p>\n","protected":false},"excerpt":{"rendered":"<p>Charlie \u00e4r en mjuk handgjord docka fr\u00e5n Rubens barn. Han \u00e4r kl\u00e4dd i en vit t-shirt med k\u00f6ksredskap tryckta p\u00e5 framsidan,somrig jeansjacka och par r\u00f6da byxor.<\/p>\n<p>Barnen fr\u00e5n Activity-serien har alla egna intressen och ber\u00e4ttelser, det h\u00e4r \u00e4r Charlies:\u00a0<\/p>\n<p>\u201cJag \u00e4r nyfiken. Jag har alltid fr\u00e5gor om allt och jag gillar att l\u00e4ra mig nya saker! Det \u00e4r kul att f\u00f6rs\u00f6ka klura ut saker och ting sj\u00e4lv. Jag \u00e4lskar mat och att testa nya smaker.<br \/>Min nya favorit \u00e4r mosad banan blandat med knapriga mor\u00f6tter. Vad \u00e4r din?\u201d<\/p>\n<p>Dockorna fr\u00e5n Rubens barn inneh\u00e5ller inga farliga komponenter. Deras kl\u00e4der g\u00e5r att ta av och p\u00e5 och det finns m\u00e5nga olika kl\u00e4der att komplettera med.<\/p>\n","protected":false},"featured_media":72226,"comment_status":"closed","ping_status":"closed","template":"","meta":[],"pwb-brand":[207],"product_brand":[],"product_cat":[75,163],"product_tag":[],"class_list":{"0":"post-67024","1":"product","2":"type-product","3":"status-publish","4":"has-post-thumbnail","6":"pwb-brand-rubens-barn","7":"product_cat-barn","8":"product_cat-dockor","10":"first","11":"outofstock","12":"taxable","13":"shipping-taxable","14":"purchasable","15":"product-type-simple"},"yoast_head":"<!-- This site is optimized with the Yoast SEO plugin v27.5 - https:\/\/yoast.com\/product\/yoast-seo-wordpress\/ -->\n<title>Rubens Cutie Activity Charlie - Hos Greta<\/title>\n<meta name=\"robots\" content=\"index, follow, max-snippet:-1, max-image-preview:large, max-video-preview:-1\" \/>\n<link rel=\"canonical\" href=\"https:\/\/www.hosgreta.se\/shop\/produkt\/rubens-cutie-activety-charlie\/\" \/>\n<meta property=\"og:locale\" content=\"sv_SE\" \/>\n<meta property=\"og:type\" content=\"article\" \/>\n<meta property=\"og:title\" content=\"Rubens Cutie Activity Charlie - Hos Greta\" \/>\n<meta property=\"og:description\" content=\"Charlie \u00e4r en mjuk handgjord docka fr\u00e5n Rubens barn. Han \u00e4r kl\u00e4dd i en vit t-shirt med k\u00f6ksredskap tryckta p\u00e5 framsidan,somrig jeansjacka och par r\u00f6da byxor.Barnen fr\u00e5n Activity-serien har alla egna intressen och ber\u00e4ttelser, det h\u00e4r \u00e4r Charlies:\u00a0\u201cJag \u00e4r nyfiken. Jag har alltid fr\u00e5gor om allt och jag gillar att l\u00e4ra mig nya saker! Det \u00e4r kul att f\u00f6rs\u00f6ka klura ut saker och ting sj\u00e4lv. Jag \u00e4lskar mat och att testa nya smaker.Min nya favorit \u00e4r mosad banan blandat med knapriga mor\u00f6tter. Vad \u00e4r din?\u201dDockorna fr\u00e5n Rubens barn inneh\u00e5ller inga farliga komponenter. Deras kl\u00e4der g\u00e5r att ta av och p\u00e5 och det finns m\u00e5nga olika kl\u00e4der att komplettera med.\" \/>\n<meta property=\"og:url\" content=\"https:\/\/www.hosgreta.se\/shop\/produkt\/rubens-cutie-activety-charlie\/\" \/>\n<meta property=\"og:site_name\" content=\"Hos Greta\" \/>\n<meta property=\"article:publisher\" content=\"https:\/\/www.facebook.com\/hosgreta\" \/>\n<meta property=\"article:modified_time\" content=\"2023-05-15T08:39:31+00:00\" \/>\n<meta property=\"og:image\" content=\"https:\/\/www.hosgreta.se\/shop\/wp-content\/uploads\/2019\/07\/Rubens-Cutie-Activity-Charlie.jpg\" \/>\n\t<meta property=\"og:image:width\" content=\"800\" \/>\n\t<meta property=\"og:image:height\" content=\"800\" \/>\n\t<meta property=\"og:image:type\" content=\"image\/jpeg\" \/>\n<meta name=\"twitter:card\" content=\"summary_large_image\" \/>\n<script type=\"application\/ld+json\" class=\"yoast-schema-graph\">{\"@context\":\"https:\\\/\\\/schema.org\",\"@graph\":[{\"@type\":\"WebPage\",\"@id\":\"https:\\\/\\\/www.hosgreta.se\\\/shop\\\/produkt\\\/rubens-cutie-activety-charlie\\\/\",\"url\":\"https:\\\/\\\/www.hosgreta.se\\\/shop\\\/produkt\\\/rubens-cutie-activety-charlie\\\/\",\"name\":\"Rubens Cutie Activity Charlie - Hos Greta\",\"isPartOf\":{\"@id\":\"https:\\\/\\\/www.hosgreta.se\\\/shop\\\/#website\"},\"primaryImageOfPage\":{\"@id\":\"https:\\\/\\\/www.hosgreta.se\\\/shop\\\/produkt\\\/rubens-cutie-activety-charlie\\\/#primaryimage\"},\"image\":{\"@id\":\"https:\\\/\\\/www.hosgreta.se\\\/shop\\\/produkt\\\/rubens-cutie-activety-charlie\\\/#primaryimage\"},\"thumbnailUrl\":\"https:\\\/\\\/www.hosgreta.se\\\/shop\\\/wp-content\\\/uploads\\\/2019\\\/07\\\/Rubens-Cutie-Activity-Charlie.jpg\",\"datePublished\":\"2018-12-12T10:21:18+00:00\",\"dateModified\":\"2023-05-15T08:39:31+00:00\",\"breadcrumb\":{\"@id\":\"https:\\\/\\\/www.hosgreta.se\\\/shop\\\/produkt\\\/rubens-cutie-activety-charlie\\\/#breadcrumb\"},\"inLanguage\":\"sv-SE\",\"potentialAction\":[{\"@type\":\"ReadAction\",\"target\":[\"https:\\\/\\\/www.hosgreta.se\\\/shop\\\/produkt\\\/rubens-cutie-activety-charlie\\\/\"]}]},{\"@type\":\"ImageObject\",\"inLanguage\":\"sv-SE\",\"@id\":\"https:\\\/\\\/www.hosgreta.se\\\/shop\\\/produkt\\\/rubens-cutie-activety-charlie\\\/#primaryimage\",\"url\":\"https:\\\/\\\/www.hosgreta.se\\\/shop\\\/wp-content\\\/uploads\\\/2019\\\/07\\\/Rubens-Cutie-Activity-Charlie.jpg\",\"contentUrl\":\"https:\\\/\\\/www.hosgreta.se\\\/shop\\\/wp-content\\\/uploads\\\/2019\\\/07\\\/Rubens-Cutie-Activity-Charlie.jpg\",\"width\":800,\"height\":800,\"caption\":\"Rubens Cutie Activity Charlie\"},{\"@type\":\"BreadcrumbList\",\"@id\":\"https:\\\/\\\/www.hosgreta.se\\\/shop\\\/produkt\\\/rubens-cutie-activety-charlie\\\/#breadcrumb\",\"itemListElement\":[{\"@type\":\"ListItem\",\"position\":1,\"name\":\"Hem\",\"item\":\"https:\\\/\\\/www.hosgreta.se\\\/shop\\\/\"},{\"@type\":\"ListItem\",\"position\":2,\"name\":\"Shop\",\"item\":\"https:\\\/\\\/www.hosgreta.se\\\/shop\\\/shop\\\/\"},{\"@type\":\"ListItem\",\"position\":3,\"name\":\"Rubens Cutie Activity Charlie\"}]},{\"@type\":\"WebSite\",\"@id\":\"https:\\\/\\\/www.hosgreta.se\\\/shop\\\/#website\",\"url\":\"https:\\\/\\\/www.hosgreta.se\\\/shop\\\/\",\"name\":\"Hos Greta\",\"description\":\"Vi v\u00e4ljer ut v\u00e5ra varum\u00e4rken med stor omsorg.\",\"publisher\":{\"@id\":\"https:\\\/\\\/www.hosgreta.se\\\/shop\\\/#organization\"},\"potentialAction\":[{\"@type\":\"SearchAction\",\"target\":{\"@type\":\"EntryPoint\",\"urlTemplate\":\"https:\\\/\\\/www.hosgreta.se\\\/shop\\\/?s={search_term_string}\"},\"query-input\":{\"@type\":\"PropertyValueSpecification\",\"valueRequired\":true,\"valueName\":\"search_term_string\"}}],\"inLanguage\":\"sv-SE\"},{\"@type\":\"Organization\",\"@id\":\"https:\\\/\\\/www.hosgreta.se\\\/shop\\\/#organization\",\"name\":\"Hos Greta\",\"url\":\"https:\\\/\\\/www.hosgreta.se\\\/shop\\\/\",\"logo\":{\"@type\":\"ImageObject\",\"inLanguage\":\"sv-SE\",\"@id\":\"https:\\\/\\\/www.hosgreta.se\\\/shop\\\/#\\\/schema\\\/logo\\\/image\\\/\",\"url\":\"https:\\\/\\\/www.hosgreta.se\\\/shop\\\/wp-content\\\/uploads\\\/2018\\\/03\\\/Logo_HosGreta_svart.png\",\"contentUrl\":\"https:\\\/\\\/www.hosgreta.se\\\/shop\\\/wp-content\\\/uploads\\\/2018\\\/03\\\/Logo_HosGreta_svart.png\",\"width\":851,\"height\":851,\"caption\":\"Hos Greta\"},\"image\":{\"@id\":\"https:\\\/\\\/www.hosgreta.se\\\/shop\\\/#\\\/schema\\\/logo\\\/image\\\/\"},\"sameAs\":[\"https:\\\/\\\/www.facebook.com\\\/hosgreta\",\"https:\\\/\\\/www.instagram.com\\\/hosgreta\"]}]}<\/script>\n<!-- \/ Yoast SEO plugin. -->","yoast_head_json":{"title":"Rubens Cutie Activity Charlie - Hos Greta","robots":{"index":"index","follow":"follow","max-snippet":"max-snippet:-1","max-image-preview":"max-image-preview:large","max-video-preview":"max-video-preview:-1"},"canonical":"https:\/\/www.hosgreta.se\/shop\/produkt\/rubens-cutie-activety-charlie\/","og_locale":"sv_SE","og_type":"article","og_title":"Rubens Cutie Activity Charlie - Hos Greta","og_description":"Charlie \u00e4r en mjuk handgjord docka fr\u00e5n Rubens barn. Han \u00e4r kl\u00e4dd i en vit t-shirt med k\u00f6ksredskap tryckta p\u00e5 framsidan,somrig jeansjacka och par r\u00f6da byxor.Barnen fr\u00e5n Activity-serien har alla egna intressen och ber\u00e4ttelser, det h\u00e4r \u00e4r Charlies:\u00a0\u201cJag \u00e4r nyfiken. Jag har alltid fr\u00e5gor om allt och jag gillar att l\u00e4ra mig nya saker! Det \u00e4r kul att f\u00f6rs\u00f6ka klura ut saker och ting sj\u00e4lv. Jag \u00e4lskar mat och att testa nya smaker.Min nya favorit \u00e4r mosad banan blandat med knapriga mor\u00f6tter. Vad \u00e4r din?\u201dDockorna fr\u00e5n Rubens barn inneh\u00e5ller inga farliga komponenter. Deras kl\u00e4der g\u00e5r att ta av och p\u00e5 och det finns m\u00e5nga olika kl\u00e4der att komplettera med.","og_url":"https:\/\/www.hosgreta.se\/shop\/produkt\/rubens-cutie-activety-charlie\/","og_site_name":"Hos Greta","article_publisher":"https:\/\/www.facebook.com\/hosgreta","article_modified_time":"2023-05-15T08:39:31+00:00","og_image":[{"width":800,"height":800,"url":"https:\/\/www.hosgreta.se\/shop\/wp-content\/uploads\/2019\/07\/Rubens-Cutie-Activity-Charlie.jpg","type":"image\/jpeg"}],"twitter_card":"summary_large_image","schema":{"@context":"https:\/\/schema.org","@graph":[{"@type":"WebPage","@id":"https:\/\/www.hosgreta.se\/shop\/produkt\/rubens-cutie-activety-charlie\/","url":"https:\/\/www.hosgreta.se\/shop\/produkt\/rubens-cutie-activety-charlie\/","name":"Rubens Cutie Activity Charlie - Hos Greta","isPartOf":{"@id":"https:\/\/www.hosgreta.se\/shop\/#website"},"primaryImageOfPage":{"@id":"https:\/\/www.hosgreta.se\/shop\/produkt\/rubens-cutie-activety-charlie\/#primaryimage"},"image":{"@id":"https:\/\/www.hosgreta.se\/shop\/produkt\/rubens-cutie-activety-charlie\/#primaryimage"},"thumbnailUrl":"https:\/\/www.hosgreta.se\/shop\/wp-content\/uploads\/2019\/07\/Rubens-Cutie-Activity-Charlie.jpg","datePublished":"2018-12-12T10:21:18+00:00","dateModified":"2023-05-15T08:39:31+00:00","breadcrumb":{"@id":"https:\/\/www.hosgreta.se\/shop\/produkt\/rubens-cutie-activety-charlie\/#breadcrumb"},"inLanguage":"sv-SE","potentialAction":[{"@type":"ReadAction","target":["https:\/\/www.hosgreta.se\/shop\/produkt\/rubens-cutie-activety-charlie\/"]}]},{"@type":"ImageObject","inLanguage":"sv-SE","@id":"https:\/\/www.hosgreta.se\/shop\/produkt\/rubens-cutie-activety-charlie\/#primaryimage","url":"https:\/\/www.hosgreta.se\/shop\/wp-content\/uploads\/2019\/07\/Rubens-Cutie-Activity-Charlie.jpg","contentUrl":"https:\/\/www.hosgreta.se\/shop\/wp-content\/uploads\/2019\/07\/Rubens-Cutie-Activity-Charlie.jpg","width":800,"height":800,"caption":"Rubens Cutie Activity Charlie"},{"@type":"BreadcrumbList","@id":"https:\/\/www.hosgreta.se\/shop\/produkt\/rubens-cutie-activety-charlie\/#breadcrumb","itemListElement":[{"@type":"ListItem","position":1,"name":"Hem","item":"https:\/\/www.hosgreta.se\/shop\/"},{"@type":"ListItem","position":2,"name":"Shop","item":"https:\/\/www.hosgreta.se\/shop\/shop\/"},{"@type":"ListItem","position":3,"name":"Rubens Cutie Activity Charlie"}]},{"@type":"WebSite","@id":"https:\/\/www.hosgreta.se\/shop\/#website","url":"https:\/\/www.hosgreta.se\/shop\/","name":"Hos Greta","description":"Vi v\u00e4ljer ut v\u00e5ra varum\u00e4rken med stor omsorg.","publisher":{"@id":"https:\/\/www.hosgreta.se\/shop\/#organization"},"potentialAction":[{"@type":"SearchAction","target":{"@type":"EntryPoint","urlTemplate":"https:\/\/www.hosgreta.se\/shop\/?s={search_term_string}"},"query-input":{"@type":"PropertyValueSpecification","valueRequired":true,"valueName":"search_term_string"}}],"inLanguage":"sv-SE"},{"@type":"Organization","@id":"https:\/\/www.hosgreta.se\/shop\/#organization","name":"Hos Greta","url":"https:\/\/www.hosgreta.se\/shop\/","logo":{"@type":"ImageObject","inLanguage":"sv-SE","@id":"https:\/\/www.hosgreta.se\/shop\/#\/schema\/logo\/image\/","url":"https:\/\/www.hosgreta.se\/shop\/wp-content\/uploads\/2018\/03\/Logo_HosGreta_svart.png","contentUrl":"https:\/\/www.hosgreta.se\/shop\/wp-content\/uploads\/2018\/03\/Logo_HosGreta_svart.png","width":851,"height":851,"caption":"Hos Greta"},"image":{"@id":"https:\/\/www.hosgreta.se\/shop\/#\/schema\/logo\/image\/"},"sameAs":["https:\/\/www.facebook.com\/hosgreta","https:\/\/www.instagram.com\/hosgreta"]}]}},"kroconnect":{"tax_rate":25,"price_inc_vat":{"regular_price":399},"price_ex_vat":{"regular_price":319.2}},"brands":[{"id":207,"name":"Rubens Barn","slug":"rubens-barn"}],"_links":{"self":[{"href":"https:\/\/www.hosgreta.se\/shop\/wp-json\/wp\/v2\/product\/67024","targetHints":{"allow":["GET"]}}],"collection":[{"href":"https:\/\/www.hosgreta.se\/shop\/wp-json\/wp\/v2\/product"}],"about":[{"href":"https:\/\/www.hosgreta.se\/shop\/wp-json\/wp\/v2\/types\/product"}],"replies":[{"embeddable":true,"href":"https:\/\/www.hosgreta.se\/shop\/wp-json\/wp\/v2\/comments?post=67024"}],"wp:featuredmedia":[{"embeddable":true,"href":"https:\/\/www.hosgreta.se\/shop\/wp-json\/wp\/v2\/media\/72226"}],"wp:attachment":[{"href":"https:\/\/www.hosgreta.se\/shop\/wp-json\/wp\/v2\/media?parent=67024"}],"wp:term":[{"taxonomy":"pwb-brand","embeddable":true,"href":"https:\/\/www.hosgreta.se\/shop\/wp-json\/wp\/v2\/pwb-brand?post=67024"},{"taxonomy":"product_brand","embeddable":true,"href":"https:\/\/www.hosgreta.se\/shop\/wp-json\/wp\/v2\/product_brand?post=67024"},{"taxonomy":"product_cat","embeddable":true,"href":"https:\/\/www.hosgreta.se\/shop\/wp-json\/wp\/v2\/product_cat?post=67024"},{"taxonomy":"product_tag","embeddable":true,"href":"https:\/\/www.hosgreta.se\/shop\/wp-json\/wp\/v2\/product_tag?post=67024"}],"curies":[{"name":"wp","href":"https:\/\/api.w.org\/{rel}","templated":true}]}}