{"id":67128,"date":"2018-12-12T11:22:01","date_gmt":"2018-12-12T10:22:01","guid":{"rendered":"https:\/\/www.hosgreta.se\/shop\/produkt\/oskar-o-ellen-sangpase-gra\/"},"modified":"2025-06-07T13:14:37","modified_gmt":"2025-06-07T11:14:37","slug":"oskar-o-ellen-sangpase-gra","status":"publish","type":"product","link":"https:\/\/www.hosgreta.se\/shop\/produkt\/oskar-o-ellen-sangpase-gra\/","title":{"rendered":"Oskar o Ellen S\u00e5ngp\u00e5se gr\u00e5"},"content":{"rendered":"<p>Tillverkad av 35% bomull och 65% polyester. 40\u00b0C handtv\u00e4tt<br \/>\nL\u00e4mplig fr\u00e5n 18 m\u00e5nader.<br \/>\nFormgiven i Sverige. Tillverkad p\u00e5 Filippinerna<\/p>\n","protected":false},"excerpt":{"rendered":"<p>S\u00e5ngp\u00e5sen inneh\u00e5ller figurer som ni ska sjunga olika s\u00e5nger om. N\u00e4r ni sjunger tillsammans utvecklar ditt barn sitt spr\u00e5k och sin fantasi. Hon l\u00e4r sig nya ord och b\u00f6rjar uppfatta rim och rytm, vilket stimulerar ditt barns fonologiska medvetenhet.<\/p>\n<p>Stj\u00e4rna: Blinka lilla stj\u00e4rna..<br \/>\nLamm: B\u00e4, b\u00e4 vita lamm\u2026<br \/>\nSpindel: Imse Vimse spindel\u2026<br \/>\nEkorre: Ekorr\u2019n satt i granen\u2026<br \/>\nBuss: Hjulen p\u00e5 bussen snurrar<\/p>\n","protected":false},"featured_media":94075,"comment_status":"closed","ping_status":"closed","template":"","meta":[],"pwb-brand":[263],"product_brand":[],"product_cat":[75],"product_tag":[],"class_list":{"0":"post-67128","1":"product","2":"type-product","3":"status-publish","4":"has-post-thumbnail","6":"pwb-brand-oskar-ellen","7":"product_cat-barn","9":"first","10":"outofstock","11":"taxable","12":"shipping-taxable","13":"purchasable","14":"product-type-simple"},"yoast_head":"<!-- This site is optimized with the Yoast SEO plugin v27.4 - https:\/\/yoast.com\/product\/yoast-seo-wordpress\/ -->\n<title>Oskar o Ellen S\u00e5ngp\u00e5se gr\u00e5 - Hos Greta<\/title>\n<meta name=\"robots\" content=\"index, follow, max-snippet:-1, max-image-preview:large, max-video-preview:-1\" \/>\n<link rel=\"canonical\" href=\"https:\/\/www.hosgreta.se\/shop\/produkt\/oskar-o-ellen-sangpase-gra\/\" \/>\n<meta property=\"og:locale\" content=\"sv_SE\" \/>\n<meta property=\"og:type\" content=\"article\" \/>\n<meta property=\"og:title\" content=\"Oskar o Ellen S\u00e5ngp\u00e5se gr\u00e5 - Hos Greta\" \/>\n<meta property=\"og:description\" content=\"S\u00e5ngp\u00e5sen inneh\u00e5ller figurer som ni ska sjunga olika s\u00e5nger om. N\u00e4r ni sjunger tillsammans utvecklar ditt barn sitt spr\u00e5k och sin fantasi. Hon l\u00e4r sig nya ord och b\u00f6rjar uppfatta rim och rytm, vilket stimulerar ditt barns fonologiska medvetenhet. Stj\u00e4rna: Blinka lilla stj\u00e4rna.. Lamm: B\u00e4, b\u00e4 vita lamm\u2026 Spindel: Imse Vimse spindel\u2026 Ekorre: Ekorr\u2019n satt i granen\u2026 Buss: Hjulen p\u00e5 bussen snurrar\" \/>\n<meta property=\"og:url\" content=\"https:\/\/www.hosgreta.se\/shop\/produkt\/oskar-o-ellen-sangpase-gra\/\" \/>\n<meta property=\"og:site_name\" content=\"Hos Greta\" \/>\n<meta property=\"article:publisher\" content=\"https:\/\/www.facebook.com\/hosgreta\" \/>\n<meta property=\"article:modified_time\" content=\"2025-06-07T11:14:37+00:00\" \/>\n<meta property=\"og:image\" content=\"https:\/\/www.hosgreta.se\/shop\/wp-content\/uploads\/2018\/12\/Oskar-o-Ellen-S\u00e5ngp\u00e5se-gr\u00e5.jpg\" \/>\n\t<meta property=\"og:image:width\" content=\"800\" \/>\n\t<meta property=\"og:image:height\" content=\"800\" \/>\n\t<meta property=\"og:image:type\" content=\"image\/jpeg\" \/>\n<meta name=\"twitter:card\" content=\"summary_large_image\" \/>\n<script type=\"application\/ld+json\" class=\"yoast-schema-graph\">{\"@context\":\"https:\\\/\\\/schema.org\",\"@graph\":[{\"@type\":\"WebPage\",\"@id\":\"https:\\\/\\\/www.hosgreta.se\\\/shop\\\/produkt\\\/oskar-o-ellen-sangpase-gra\\\/\",\"url\":\"https:\\\/\\\/www.hosgreta.se\\\/shop\\\/produkt\\\/oskar-o-ellen-sangpase-gra\\\/\",\"name\":\"Oskar o Ellen S\u00e5ngp\u00e5se gr\u00e5 - Hos Greta\",\"isPartOf\":{\"@id\":\"https:\\\/\\\/www.hosgreta.se\\\/shop\\\/#website\"},\"primaryImageOfPage\":{\"@id\":\"https:\\\/\\\/www.hosgreta.se\\\/shop\\\/produkt\\\/oskar-o-ellen-sangpase-gra\\\/#primaryimage\"},\"image\":{\"@id\":\"https:\\\/\\\/www.hosgreta.se\\\/shop\\\/produkt\\\/oskar-o-ellen-sangpase-gra\\\/#primaryimage\"},\"thumbnailUrl\":\"https:\\\/\\\/www.hosgreta.se\\\/shop\\\/wp-content\\\/uploads\\\/2018\\\/12\\\/Oskar-o-Ellen-S\u00e5ngp\u00e5se-gr\u00e5.jpg\",\"datePublished\":\"2018-12-12T10:22:01+00:00\",\"dateModified\":\"2025-06-07T11:14:37+00:00\",\"breadcrumb\":{\"@id\":\"https:\\\/\\\/www.hosgreta.se\\\/shop\\\/produkt\\\/oskar-o-ellen-sangpase-gra\\\/#breadcrumb\"},\"inLanguage\":\"sv-SE\",\"potentialAction\":[{\"@type\":\"ReadAction\",\"target\":[\"https:\\\/\\\/www.hosgreta.se\\\/shop\\\/produkt\\\/oskar-o-ellen-sangpase-gra\\\/\"]}]},{\"@type\":\"ImageObject\",\"inLanguage\":\"sv-SE\",\"@id\":\"https:\\\/\\\/www.hosgreta.se\\\/shop\\\/produkt\\\/oskar-o-ellen-sangpase-gra\\\/#primaryimage\",\"url\":\"https:\\\/\\\/www.hosgreta.se\\\/shop\\\/wp-content\\\/uploads\\\/2018\\\/12\\\/Oskar-o-Ellen-S\u00e5ngp\u00e5se-gr\u00e5.jpg\",\"contentUrl\":\"https:\\\/\\\/www.hosgreta.se\\\/shop\\\/wp-content\\\/uploads\\\/2018\\\/12\\\/Oskar-o-Ellen-S\u00e5ngp\u00e5se-gr\u00e5.jpg\",\"width\":800,\"height\":800,\"caption\":\"Oskar o Ellen S\u00e5ngp\u00e5se gr\u00e5\"},{\"@type\":\"BreadcrumbList\",\"@id\":\"https:\\\/\\\/www.hosgreta.se\\\/shop\\\/produkt\\\/oskar-o-ellen-sangpase-gra\\\/#breadcrumb\",\"itemListElement\":[{\"@type\":\"ListItem\",\"position\":1,\"name\":\"Hem\",\"item\":\"https:\\\/\\\/www.hosgreta.se\\\/shop\\\/\"},{\"@type\":\"ListItem\",\"position\":2,\"name\":\"Shop\",\"item\":\"https:\\\/\\\/www.hosgreta.se\\\/shop\\\/shop\\\/\"},{\"@type\":\"ListItem\",\"position\":3,\"name\":\"Oskar o Ellen S\u00e5ngp\u00e5se gr\u00e5\"}]},{\"@type\":\"WebSite\",\"@id\":\"https:\\\/\\\/www.hosgreta.se\\\/shop\\\/#website\",\"url\":\"https:\\\/\\\/www.hosgreta.se\\\/shop\\\/\",\"name\":\"Hos Greta\",\"description\":\"Vi v\u00e4ljer ut v\u00e5ra varum\u00e4rken med stor omsorg.\",\"publisher\":{\"@id\":\"https:\\\/\\\/www.hosgreta.se\\\/shop\\\/#organization\"},\"potentialAction\":[{\"@type\":\"SearchAction\",\"target\":{\"@type\":\"EntryPoint\",\"urlTemplate\":\"https:\\\/\\\/www.hosgreta.se\\\/shop\\\/?s={search_term_string}\"},\"query-input\":{\"@type\":\"PropertyValueSpecification\",\"valueRequired\":true,\"valueName\":\"search_term_string\"}}],\"inLanguage\":\"sv-SE\"},{\"@type\":\"Organization\",\"@id\":\"https:\\\/\\\/www.hosgreta.se\\\/shop\\\/#organization\",\"name\":\"Hos Greta\",\"url\":\"https:\\\/\\\/www.hosgreta.se\\\/shop\\\/\",\"logo\":{\"@type\":\"ImageObject\",\"inLanguage\":\"sv-SE\",\"@id\":\"https:\\\/\\\/www.hosgreta.se\\\/shop\\\/#\\\/schema\\\/logo\\\/image\\\/\",\"url\":\"https:\\\/\\\/www.hosgreta.se\\\/shop\\\/wp-content\\\/uploads\\\/2018\\\/03\\\/Logo_HosGreta_svart.png\",\"contentUrl\":\"https:\\\/\\\/www.hosgreta.se\\\/shop\\\/wp-content\\\/uploads\\\/2018\\\/03\\\/Logo_HosGreta_svart.png\",\"width\":851,\"height\":851,\"caption\":\"Hos Greta\"},\"image\":{\"@id\":\"https:\\\/\\\/www.hosgreta.se\\\/shop\\\/#\\\/schema\\\/logo\\\/image\\\/\"},\"sameAs\":[\"https:\\\/\\\/www.facebook.com\\\/hosgreta\",\"https:\\\/\\\/www.instagram.com\\\/hosgreta\"]}]}<\/script>\n<!-- \/ Yoast SEO plugin. -->","yoast_head_json":{"title":"Oskar o Ellen S\u00e5ngp\u00e5se gr\u00e5 - Hos Greta","robots":{"index":"index","follow":"follow","max-snippet":"max-snippet:-1","max-image-preview":"max-image-preview:large","max-video-preview":"max-video-preview:-1"},"canonical":"https:\/\/www.hosgreta.se\/shop\/produkt\/oskar-o-ellen-sangpase-gra\/","og_locale":"sv_SE","og_type":"article","og_title":"Oskar o Ellen S\u00e5ngp\u00e5se gr\u00e5 - Hos Greta","og_description":"S\u00e5ngp\u00e5sen inneh\u00e5ller figurer som ni ska sjunga olika s\u00e5nger om. N\u00e4r ni sjunger tillsammans utvecklar ditt barn sitt spr\u00e5k och sin fantasi. Hon l\u00e4r sig nya ord och b\u00f6rjar uppfatta rim och rytm, vilket stimulerar ditt barns fonologiska medvetenhet. Stj\u00e4rna: Blinka lilla stj\u00e4rna.. Lamm: B\u00e4, b\u00e4 vita lamm\u2026 Spindel: Imse Vimse spindel\u2026 Ekorre: Ekorr\u2019n satt i granen\u2026 Buss: Hjulen p\u00e5 bussen snurrar","og_url":"https:\/\/www.hosgreta.se\/shop\/produkt\/oskar-o-ellen-sangpase-gra\/","og_site_name":"Hos Greta","article_publisher":"https:\/\/www.facebook.com\/hosgreta","article_modified_time":"2025-06-07T11:14:37+00:00","og_image":[{"width":800,"height":800,"url":"https:\/\/www.hosgreta.se\/shop\/wp-content\/uploads\/2018\/12\/Oskar-o-Ellen-S\u00e5ngp\u00e5se-gr\u00e5.jpg","type":"image\/jpeg"}],"twitter_card":"summary_large_image","schema":{"@context":"https:\/\/schema.org","@graph":[{"@type":"WebPage","@id":"https:\/\/www.hosgreta.se\/shop\/produkt\/oskar-o-ellen-sangpase-gra\/","url":"https:\/\/www.hosgreta.se\/shop\/produkt\/oskar-o-ellen-sangpase-gra\/","name":"Oskar o Ellen S\u00e5ngp\u00e5se gr\u00e5 - Hos Greta","isPartOf":{"@id":"https:\/\/www.hosgreta.se\/shop\/#website"},"primaryImageOfPage":{"@id":"https:\/\/www.hosgreta.se\/shop\/produkt\/oskar-o-ellen-sangpase-gra\/#primaryimage"},"image":{"@id":"https:\/\/www.hosgreta.se\/shop\/produkt\/oskar-o-ellen-sangpase-gra\/#primaryimage"},"thumbnailUrl":"https:\/\/www.hosgreta.se\/shop\/wp-content\/uploads\/2018\/12\/Oskar-o-Ellen-S\u00e5ngp\u00e5se-gr\u00e5.jpg","datePublished":"2018-12-12T10:22:01+00:00","dateModified":"2025-06-07T11:14:37+00:00","breadcrumb":{"@id":"https:\/\/www.hosgreta.se\/shop\/produkt\/oskar-o-ellen-sangpase-gra\/#breadcrumb"},"inLanguage":"sv-SE","potentialAction":[{"@type":"ReadAction","target":["https:\/\/www.hosgreta.se\/shop\/produkt\/oskar-o-ellen-sangpase-gra\/"]}]},{"@type":"ImageObject","inLanguage":"sv-SE","@id":"https:\/\/www.hosgreta.se\/shop\/produkt\/oskar-o-ellen-sangpase-gra\/#primaryimage","url":"https:\/\/www.hosgreta.se\/shop\/wp-content\/uploads\/2018\/12\/Oskar-o-Ellen-S\u00e5ngp\u00e5se-gr\u00e5.jpg","contentUrl":"https:\/\/www.hosgreta.se\/shop\/wp-content\/uploads\/2018\/12\/Oskar-o-Ellen-S\u00e5ngp\u00e5se-gr\u00e5.jpg","width":800,"height":800,"caption":"Oskar o Ellen S\u00e5ngp\u00e5se gr\u00e5"},{"@type":"BreadcrumbList","@id":"https:\/\/www.hosgreta.se\/shop\/produkt\/oskar-o-ellen-sangpase-gra\/#breadcrumb","itemListElement":[{"@type":"ListItem","position":1,"name":"Hem","item":"https:\/\/www.hosgreta.se\/shop\/"},{"@type":"ListItem","position":2,"name":"Shop","item":"https:\/\/www.hosgreta.se\/shop\/shop\/"},{"@type":"ListItem","position":3,"name":"Oskar o Ellen S\u00e5ngp\u00e5se gr\u00e5"}]},{"@type":"WebSite","@id":"https:\/\/www.hosgreta.se\/shop\/#website","url":"https:\/\/www.hosgreta.se\/shop\/","name":"Hos Greta","description":"Vi v\u00e4ljer ut v\u00e5ra varum\u00e4rken med stor omsorg.","publisher":{"@id":"https:\/\/www.hosgreta.se\/shop\/#organization"},"potentialAction":[{"@type":"SearchAction","target":{"@type":"EntryPoint","urlTemplate":"https:\/\/www.hosgreta.se\/shop\/?s={search_term_string}"},"query-input":{"@type":"PropertyValueSpecification","valueRequired":true,"valueName":"search_term_string"}}],"inLanguage":"sv-SE"},{"@type":"Organization","@id":"https:\/\/www.hosgreta.se\/shop\/#organization","name":"Hos Greta","url":"https:\/\/www.hosgreta.se\/shop\/","logo":{"@type":"ImageObject","inLanguage":"sv-SE","@id":"https:\/\/www.hosgreta.se\/shop\/#\/schema\/logo\/image\/","url":"https:\/\/www.hosgreta.se\/shop\/wp-content\/uploads\/2018\/03\/Logo_HosGreta_svart.png","contentUrl":"https:\/\/www.hosgreta.se\/shop\/wp-content\/uploads\/2018\/03\/Logo_HosGreta_svart.png","width":851,"height":851,"caption":"Hos Greta"},"image":{"@id":"https:\/\/www.hosgreta.se\/shop\/#\/schema\/logo\/image\/"},"sameAs":["https:\/\/www.facebook.com\/hosgreta","https:\/\/www.instagram.com\/hosgreta"]}]}},"kroconnect":{"tax_rate":25,"price_inc_vat":{"regular_price":289},"price_ex_vat":{"regular_price":231.2}},"brands":[{"id":263,"name":"Oskar &amp; Ellen","slug":"oskar-ellen"}],"_links":{"self":[{"href":"https:\/\/www.hosgreta.se\/shop\/wp-json\/wp\/v2\/product\/67128","targetHints":{"allow":["GET"]}}],"collection":[{"href":"https:\/\/www.hosgreta.se\/shop\/wp-json\/wp\/v2\/product"}],"about":[{"href":"https:\/\/www.hosgreta.se\/shop\/wp-json\/wp\/v2\/types\/product"}],"replies":[{"embeddable":true,"href":"https:\/\/www.hosgreta.se\/shop\/wp-json\/wp\/v2\/comments?post=67128"}],"wp:featuredmedia":[{"embeddable":true,"href":"https:\/\/www.hosgreta.se\/shop\/wp-json\/wp\/v2\/media\/94075"}],"wp:attachment":[{"href":"https:\/\/www.hosgreta.se\/shop\/wp-json\/wp\/v2\/media?parent=67128"}],"wp:term":[{"taxonomy":"pwb-brand","embeddable":true,"href":"https:\/\/www.hosgreta.se\/shop\/wp-json\/wp\/v2\/pwb-brand?post=67128"},{"taxonomy":"product_brand","embeddable":true,"href":"https:\/\/www.hosgreta.se\/shop\/wp-json\/wp\/v2\/product_brand?post=67128"},{"taxonomy":"product_cat","embeddable":true,"href":"https:\/\/www.hosgreta.se\/shop\/wp-json\/wp\/v2\/product_cat?post=67128"},{"taxonomy":"product_tag","embeddable":true,"href":"https:\/\/www.hosgreta.se\/shop\/wp-json\/wp\/v2\/product_tag?post=67128"}],"curies":[{"name":"wp","href":"https:\/\/api.w.org\/{rel}","templated":true}]}}