{"id":94958,"date":"2019-10-23T09:21:29","date_gmt":"2019-10-23T07:21:29","guid":{"rendered":"https:\/\/www.hosgreta.se\/shop\/?post_type=product&#038;p=94958"},"modified":"2021-01-01T15:05:54","modified_gmt":"2021-01-01T14:05:54","slug":"house-doctor-julgransstjarna-stretch-svart","status":"publish","type":"product","link":"https:\/\/www.hosgreta.se\/shop\/produkt\/house-doctor-julgransstjarna-stretch-svart\/","title":{"rendered":"House Doctor Julgransstj\u00e4rna Stretch svart"},"content":{"rendered":"<p>F\u00e4rg:Svart<br \/>\nM\u00e5tt: 40x31x40 cm<br \/>\nDiameter: 31 cm<br \/>\nMaterial: J\u00e4rn<\/p>\n","protected":false},"excerpt":{"rendered":"<p>N\u00e4r julgranen st\u00e5r vacker och gr\u00f6n i vardagsrummet \u00e4r det dags att ta fram julens pynt och dekorationer. Julstj\u00e4rnan \u00e4r gjord av j\u00e4rn och t\u00e4ckt med en svart f\u00e4rg. Eftersom den har en elegant och enkel f\u00e4rg kan du enkelt kombinera stj\u00e4rnan med ditt befintliga julpynt, oavsett om det \u00e4r f\u00e4rgstarkt eller i mer nedtonade nyanser.<\/p>\n","protected":false},"featured_media":95814,"comment_status":"closed","ping_status":"closed","template":"","meta":[],"pwb-brand":[222],"product_brand":[],"product_cat":[219],"product_tag":[],"class_list":{"0":"post-94958","1":"product","2":"type-product","3":"status-publish","4":"has-post-thumbnail","6":"pwb-brand-house-doctor","7":"product_cat-jul","9":"first","10":"outofstock","11":"taxable","12":"shipping-taxable","13":"purchasable","14":"product-type-simple"},"yoast_head":"<!-- This site is optimized with the Yoast SEO plugin v27.5 - https:\/\/yoast.com\/product\/yoast-seo-wordpress\/ -->\n<title>House Doctor Julgransstj\u00e4rna Stretch svart - Hos Greta<\/title>\n<meta name=\"robots\" content=\"index, follow, max-snippet:-1, max-image-preview:large, max-video-preview:-1\" \/>\n<link rel=\"canonical\" href=\"https:\/\/www.hosgreta.se\/shop\/produkt\/house-doctor-julgransstjarna-stretch-svart\/\" \/>\n<meta property=\"og:locale\" content=\"sv_SE\" \/>\n<meta property=\"og:type\" content=\"article\" \/>\n<meta property=\"og:title\" content=\"House Doctor Julgransstj\u00e4rna Stretch svart - Hos Greta\" \/>\n<meta property=\"og:description\" content=\"N\u00e4r julgranen st\u00e5r vacker och gr\u00f6n i vardagsrummet \u00e4r det dags att ta fram julens pynt och dekorationer. Julstj\u00e4rnan \u00e4r gjord av j\u00e4rn och t\u00e4ckt med en svart f\u00e4rg. Eftersom den har en elegant och enkel f\u00e4rg kan du enkelt kombinera stj\u00e4rnan med ditt befintliga julpynt, oavsett om det \u00e4r f\u00e4rgstarkt eller i mer nedtonade nyanser.\" \/>\n<meta property=\"og:url\" content=\"https:\/\/www.hosgreta.se\/shop\/produkt\/house-doctor-julgransstjarna-stretch-svart\/\" \/>\n<meta property=\"og:site_name\" content=\"Hos Greta\" \/>\n<meta property=\"article:publisher\" content=\"https:\/\/www.facebook.com\/hosgreta\" \/>\n<meta property=\"article:modified_time\" content=\"2021-01-01T14:05:54+00:00\" \/>\n<meta property=\"og:image\" content=\"https:\/\/www.hosgreta.se\/shop\/wp-content\/uploads\/2019\/10\/House-Doctor-Julgransstj\u00e4rna-Stretch-svart.jpg\" \/>\n\t<meta property=\"og:image:width\" content=\"800\" \/>\n\t<meta property=\"og:image:height\" content=\"800\" \/>\n\t<meta property=\"og:image:type\" content=\"image\/jpeg\" \/>\n<meta name=\"twitter:card\" content=\"summary_large_image\" \/>\n<script type=\"application\/ld+json\" class=\"yoast-schema-graph\">{\"@context\":\"https:\\\/\\\/schema.org\",\"@graph\":[{\"@type\":\"WebPage\",\"@id\":\"https:\\\/\\\/www.hosgreta.se\\\/shop\\\/produkt\\\/house-doctor-julgransstjarna-stretch-svart\\\/\",\"url\":\"https:\\\/\\\/www.hosgreta.se\\\/shop\\\/produkt\\\/house-doctor-julgransstjarna-stretch-svart\\\/\",\"name\":\"House Doctor Julgransstj\u00e4rna Stretch svart - Hos Greta\",\"isPartOf\":{\"@id\":\"https:\\\/\\\/www.hosgreta.se\\\/shop\\\/#website\"},\"primaryImageOfPage\":{\"@id\":\"https:\\\/\\\/www.hosgreta.se\\\/shop\\\/produkt\\\/house-doctor-julgransstjarna-stretch-svart\\\/#primaryimage\"},\"image\":{\"@id\":\"https:\\\/\\\/www.hosgreta.se\\\/shop\\\/produkt\\\/house-doctor-julgransstjarna-stretch-svart\\\/#primaryimage\"},\"thumbnailUrl\":\"https:\\\/\\\/www.hosgreta.se\\\/shop\\\/wp-content\\\/uploads\\\/2019\\\/10\\\/House-Doctor-Julgransstj\u00e4rna-Stretch-svart.jpg\",\"datePublished\":\"2019-10-23T07:21:29+00:00\",\"dateModified\":\"2021-01-01T14:05:54+00:00\",\"breadcrumb\":{\"@id\":\"https:\\\/\\\/www.hosgreta.se\\\/shop\\\/produkt\\\/house-doctor-julgransstjarna-stretch-svart\\\/#breadcrumb\"},\"inLanguage\":\"sv-SE\",\"potentialAction\":[{\"@type\":\"ReadAction\",\"target\":[\"https:\\\/\\\/www.hosgreta.se\\\/shop\\\/produkt\\\/house-doctor-julgransstjarna-stretch-svart\\\/\"]}]},{\"@type\":\"ImageObject\",\"inLanguage\":\"sv-SE\",\"@id\":\"https:\\\/\\\/www.hosgreta.se\\\/shop\\\/produkt\\\/house-doctor-julgransstjarna-stretch-svart\\\/#primaryimage\",\"url\":\"https:\\\/\\\/www.hosgreta.se\\\/shop\\\/wp-content\\\/uploads\\\/2019\\\/10\\\/House-Doctor-Julgransstj\u00e4rna-Stretch-svart.jpg\",\"contentUrl\":\"https:\\\/\\\/www.hosgreta.se\\\/shop\\\/wp-content\\\/uploads\\\/2019\\\/10\\\/House-Doctor-Julgransstj\u00e4rna-Stretch-svart.jpg\",\"width\":800,\"height\":800},{\"@type\":\"BreadcrumbList\",\"@id\":\"https:\\\/\\\/www.hosgreta.se\\\/shop\\\/produkt\\\/house-doctor-julgransstjarna-stretch-svart\\\/#breadcrumb\",\"itemListElement\":[{\"@type\":\"ListItem\",\"position\":1,\"name\":\"Hem\",\"item\":\"https:\\\/\\\/www.hosgreta.se\\\/shop\\\/\"},{\"@type\":\"ListItem\",\"position\":2,\"name\":\"Shop\",\"item\":\"https:\\\/\\\/www.hosgreta.se\\\/shop\\\/shop\\\/\"},{\"@type\":\"ListItem\",\"position\":3,\"name\":\"House Doctor Julgransstj\u00e4rna Stretch svart\"}]},{\"@type\":\"WebSite\",\"@id\":\"https:\\\/\\\/www.hosgreta.se\\\/shop\\\/#website\",\"url\":\"https:\\\/\\\/www.hosgreta.se\\\/shop\\\/\",\"name\":\"Hos Greta\",\"description\":\"Vi v\u00e4ljer ut v\u00e5ra varum\u00e4rken med stor omsorg.\",\"publisher\":{\"@id\":\"https:\\\/\\\/www.hosgreta.se\\\/shop\\\/#organization\"},\"potentialAction\":[{\"@type\":\"SearchAction\",\"target\":{\"@type\":\"EntryPoint\",\"urlTemplate\":\"https:\\\/\\\/www.hosgreta.se\\\/shop\\\/?s={search_term_string}\"},\"query-input\":{\"@type\":\"PropertyValueSpecification\",\"valueRequired\":true,\"valueName\":\"search_term_string\"}}],\"inLanguage\":\"sv-SE\"},{\"@type\":\"Organization\",\"@id\":\"https:\\\/\\\/www.hosgreta.se\\\/shop\\\/#organization\",\"name\":\"Hos Greta\",\"url\":\"https:\\\/\\\/www.hosgreta.se\\\/shop\\\/\",\"logo\":{\"@type\":\"ImageObject\",\"inLanguage\":\"sv-SE\",\"@id\":\"https:\\\/\\\/www.hosgreta.se\\\/shop\\\/#\\\/schema\\\/logo\\\/image\\\/\",\"url\":\"https:\\\/\\\/www.hosgreta.se\\\/shop\\\/wp-content\\\/uploads\\\/2018\\\/03\\\/Logo_HosGreta_svart.png\",\"contentUrl\":\"https:\\\/\\\/www.hosgreta.se\\\/shop\\\/wp-content\\\/uploads\\\/2018\\\/03\\\/Logo_HosGreta_svart.png\",\"width\":851,\"height\":851,\"caption\":\"Hos Greta\"},\"image\":{\"@id\":\"https:\\\/\\\/www.hosgreta.se\\\/shop\\\/#\\\/schema\\\/logo\\\/image\\\/\"},\"sameAs\":[\"https:\\\/\\\/www.facebook.com\\\/hosgreta\",\"https:\\\/\\\/www.instagram.com\\\/hosgreta\"]}]}<\/script>\n<!-- \/ Yoast SEO plugin. -->","yoast_head_json":{"title":"House Doctor Julgransstj\u00e4rna Stretch svart - Hos Greta","robots":{"index":"index","follow":"follow","max-snippet":"max-snippet:-1","max-image-preview":"max-image-preview:large","max-video-preview":"max-video-preview:-1"},"canonical":"https:\/\/www.hosgreta.se\/shop\/produkt\/house-doctor-julgransstjarna-stretch-svart\/","og_locale":"sv_SE","og_type":"article","og_title":"House Doctor Julgransstj\u00e4rna Stretch svart - Hos Greta","og_description":"N\u00e4r julgranen st\u00e5r vacker och gr\u00f6n i vardagsrummet \u00e4r det dags att ta fram julens pynt och dekorationer. Julstj\u00e4rnan \u00e4r gjord av j\u00e4rn och t\u00e4ckt med en svart f\u00e4rg. Eftersom den har en elegant och enkel f\u00e4rg kan du enkelt kombinera stj\u00e4rnan med ditt befintliga julpynt, oavsett om det \u00e4r f\u00e4rgstarkt eller i mer nedtonade nyanser.","og_url":"https:\/\/www.hosgreta.se\/shop\/produkt\/house-doctor-julgransstjarna-stretch-svart\/","og_site_name":"Hos Greta","article_publisher":"https:\/\/www.facebook.com\/hosgreta","article_modified_time":"2021-01-01T14:05:54+00:00","og_image":[{"width":800,"height":800,"url":"https:\/\/www.hosgreta.se\/shop\/wp-content\/uploads\/2019\/10\/House-Doctor-Julgransstj\u00e4rna-Stretch-svart.jpg","type":"image\/jpeg"}],"twitter_card":"summary_large_image","schema":{"@context":"https:\/\/schema.org","@graph":[{"@type":"WebPage","@id":"https:\/\/www.hosgreta.se\/shop\/produkt\/house-doctor-julgransstjarna-stretch-svart\/","url":"https:\/\/www.hosgreta.se\/shop\/produkt\/house-doctor-julgransstjarna-stretch-svart\/","name":"House Doctor Julgransstj\u00e4rna Stretch svart - Hos Greta","isPartOf":{"@id":"https:\/\/www.hosgreta.se\/shop\/#website"},"primaryImageOfPage":{"@id":"https:\/\/www.hosgreta.se\/shop\/produkt\/house-doctor-julgransstjarna-stretch-svart\/#primaryimage"},"image":{"@id":"https:\/\/www.hosgreta.se\/shop\/produkt\/house-doctor-julgransstjarna-stretch-svart\/#primaryimage"},"thumbnailUrl":"https:\/\/www.hosgreta.se\/shop\/wp-content\/uploads\/2019\/10\/House-Doctor-Julgransstj\u00e4rna-Stretch-svart.jpg","datePublished":"2019-10-23T07:21:29+00:00","dateModified":"2021-01-01T14:05:54+00:00","breadcrumb":{"@id":"https:\/\/www.hosgreta.se\/shop\/produkt\/house-doctor-julgransstjarna-stretch-svart\/#breadcrumb"},"inLanguage":"sv-SE","potentialAction":[{"@type":"ReadAction","target":["https:\/\/www.hosgreta.se\/shop\/produkt\/house-doctor-julgransstjarna-stretch-svart\/"]}]},{"@type":"ImageObject","inLanguage":"sv-SE","@id":"https:\/\/www.hosgreta.se\/shop\/produkt\/house-doctor-julgransstjarna-stretch-svart\/#primaryimage","url":"https:\/\/www.hosgreta.se\/shop\/wp-content\/uploads\/2019\/10\/House-Doctor-Julgransstj\u00e4rna-Stretch-svart.jpg","contentUrl":"https:\/\/www.hosgreta.se\/shop\/wp-content\/uploads\/2019\/10\/House-Doctor-Julgransstj\u00e4rna-Stretch-svart.jpg","width":800,"height":800},{"@type":"BreadcrumbList","@id":"https:\/\/www.hosgreta.se\/shop\/produkt\/house-doctor-julgransstjarna-stretch-svart\/#breadcrumb","itemListElement":[{"@type":"ListItem","position":1,"name":"Hem","item":"https:\/\/www.hosgreta.se\/shop\/"},{"@type":"ListItem","position":2,"name":"Shop","item":"https:\/\/www.hosgreta.se\/shop\/shop\/"},{"@type":"ListItem","position":3,"name":"House Doctor Julgransstj\u00e4rna Stretch svart"}]},{"@type":"WebSite","@id":"https:\/\/www.hosgreta.se\/shop\/#website","url":"https:\/\/www.hosgreta.se\/shop\/","name":"Hos Greta","description":"Vi v\u00e4ljer ut v\u00e5ra varum\u00e4rken med stor omsorg.","publisher":{"@id":"https:\/\/www.hosgreta.se\/shop\/#organization"},"potentialAction":[{"@type":"SearchAction","target":{"@type":"EntryPoint","urlTemplate":"https:\/\/www.hosgreta.se\/shop\/?s={search_term_string}"},"query-input":{"@type":"PropertyValueSpecification","valueRequired":true,"valueName":"search_term_string"}}],"inLanguage":"sv-SE"},{"@type":"Organization","@id":"https:\/\/www.hosgreta.se\/shop\/#organization","name":"Hos Greta","url":"https:\/\/www.hosgreta.se\/shop\/","logo":{"@type":"ImageObject","inLanguage":"sv-SE","@id":"https:\/\/www.hosgreta.se\/shop\/#\/schema\/logo\/image\/","url":"https:\/\/www.hosgreta.se\/shop\/wp-content\/uploads\/2018\/03\/Logo_HosGreta_svart.png","contentUrl":"https:\/\/www.hosgreta.se\/shop\/wp-content\/uploads\/2018\/03\/Logo_HosGreta_svart.png","width":851,"height":851,"caption":"Hos Greta"},"image":{"@id":"https:\/\/www.hosgreta.se\/shop\/#\/schema\/logo\/image\/"},"sameAs":["https:\/\/www.facebook.com\/hosgreta","https:\/\/www.instagram.com\/hosgreta"]}]}},"kroconnect":{"tax_rate":25,"price_inc_vat":{"regular_price":229},"price_ex_vat":{"regular_price":183.2}},"brands":[{"id":222,"name":"House Doctor","slug":"house-doctor"}],"_links":{"self":[{"href":"https:\/\/www.hosgreta.se\/shop\/wp-json\/wp\/v2\/product\/94958","targetHints":{"allow":["GET"]}}],"collection":[{"href":"https:\/\/www.hosgreta.se\/shop\/wp-json\/wp\/v2\/product"}],"about":[{"href":"https:\/\/www.hosgreta.se\/shop\/wp-json\/wp\/v2\/types\/product"}],"replies":[{"embeddable":true,"href":"https:\/\/www.hosgreta.se\/shop\/wp-json\/wp\/v2\/comments?post=94958"}],"wp:featuredmedia":[{"embeddable":true,"href":"https:\/\/www.hosgreta.se\/shop\/wp-json\/wp\/v2\/media\/95814"}],"wp:attachment":[{"href":"https:\/\/www.hosgreta.se\/shop\/wp-json\/wp\/v2\/media?parent=94958"}],"wp:term":[{"taxonomy":"pwb-brand","embeddable":true,"href":"https:\/\/www.hosgreta.se\/shop\/wp-json\/wp\/v2\/pwb-brand?post=94958"},{"taxonomy":"product_brand","embeddable":true,"href":"https:\/\/www.hosgreta.se\/shop\/wp-json\/wp\/v2\/product_brand?post=94958"},{"taxonomy":"product_cat","embeddable":true,"href":"https:\/\/www.hosgreta.se\/shop\/wp-json\/wp\/v2\/product_cat?post=94958"},{"taxonomy":"product_tag","embeddable":true,"href":"https:\/\/www.hosgreta.se\/shop\/wp-json\/wp\/v2\/product_tag?post=94958"}],"curies":[{"name":"wp","href":"https:\/\/api.w.org\/{rel}","templated":true}]}}