{"id":94966,"date":"2019-10-23T09:25:48","date_gmt":"2019-10-23T07:25:48","guid":{"rendered":"https:\/\/www.hosgreta.se\/shop\/?post_type=product&#038;p=94966"},"modified":"2021-01-01T15:05:54","modified_gmt":"2021-01-01T14:05:54","slug":"house-doctor-flock-julgranskula-gra-liten","status":"publish","type":"product","link":"https:\/\/www.hosgreta.se\/shop\/produkt\/house-doctor-flock-julgranskula-gra-liten\/","title":{"rendered":"House Doctor Flock Julgranskula Gr\u00e5 liten"},"content":{"rendered":"<p>F\u00e4rg: Gr\u00e5<br \/>\nDiameter: 5.5 cm<br \/>\nMaterial: Glas, Sammet<\/p>\n","protected":false},"excerpt":{"rendered":"<p>\u00d6nskar du en vackert pyntad julgran med fina julgranskulor, kommer de h\u00e4r prydnaderna vara n\u00e5got f\u00f6r dig. Den har en vacker dammgr\u00e5 f\u00e4rg som passar perfekt till den gr\u00f6na julgranen. Sn\u00f6ren g\u00f6r det enkelt att h\u00e4nga upp prydnaden, men du kan ocks\u00e5 anv\u00e4nda den som en dekoration.<\/p>\n","protected":false},"featured_media":95840,"comment_status":"closed","ping_status":"closed","template":"","meta":[],"pwb-brand":[222],"product_brand":[],"product_cat":[219],"product_tag":[],"class_list":{"0":"post-94966","1":"product","2":"type-product","3":"status-publish","4":"has-post-thumbnail","6":"pwb-brand-house-doctor","7":"product_cat-jul","9":"first","10":"outofstock","11":"taxable","12":"shipping-taxable","13":"purchasable","14":"product-type-simple"},"yoast_head":"<!-- This site is optimized with the Yoast SEO plugin v27.5 - https:\/\/yoast.com\/product\/yoast-seo-wordpress\/ -->\n<title>House Doctor Flock Julgranskula Gr\u00e5 liten - Hos Greta<\/title>\n<meta name=\"robots\" content=\"index, follow, max-snippet:-1, max-image-preview:large, max-video-preview:-1\" \/>\n<link rel=\"canonical\" href=\"https:\/\/www.hosgreta.se\/shop\/produkt\/house-doctor-flock-julgranskula-gra-liten\/\" \/>\n<meta property=\"og:locale\" content=\"sv_SE\" \/>\n<meta property=\"og:type\" content=\"article\" \/>\n<meta property=\"og:title\" content=\"House Doctor Flock Julgranskula Gr\u00e5 liten - Hos Greta\" \/>\n<meta property=\"og:description\" content=\"\u00d6nskar du en vackert pyntad julgran med fina julgranskulor, kommer de h\u00e4r prydnaderna vara n\u00e5got f\u00f6r dig. Den har en vacker dammgr\u00e5 f\u00e4rg som passar perfekt till den gr\u00f6na julgranen. Sn\u00f6ren g\u00f6r det enkelt att h\u00e4nga upp prydnaden, men du kan ocks\u00e5 anv\u00e4nda den som en dekoration.\" \/>\n<meta property=\"og:url\" content=\"https:\/\/www.hosgreta.se\/shop\/produkt\/house-doctor-flock-julgranskula-gra-liten\/\" \/>\n<meta property=\"og:site_name\" content=\"Hos Greta\" \/>\n<meta property=\"article:publisher\" content=\"https:\/\/www.facebook.com\/hosgreta\" \/>\n<meta property=\"article:modified_time\" content=\"2021-01-01T14:05:54+00:00\" \/>\n<meta property=\"og:image\" content=\"https:\/\/www.hosgreta.se\/shop\/wp-content\/uploads\/2019\/10\/House-Doctor-Flock-Julgranskula-Gr\u00e5-liten.jpg\" \/>\n\t<meta property=\"og:image:width\" content=\"800\" \/>\n\t<meta property=\"og:image:height\" content=\"800\" \/>\n\t<meta property=\"og:image:type\" content=\"image\/jpeg\" \/>\n<meta name=\"twitter:card\" content=\"summary_large_image\" \/>\n<script type=\"application\/ld+json\" class=\"yoast-schema-graph\">{\"@context\":\"https:\\\/\\\/schema.org\",\"@graph\":[{\"@type\":\"WebPage\",\"@id\":\"https:\\\/\\\/www.hosgreta.se\\\/shop\\\/produkt\\\/house-doctor-flock-julgranskula-gra-liten\\\/\",\"url\":\"https:\\\/\\\/www.hosgreta.se\\\/shop\\\/produkt\\\/house-doctor-flock-julgranskula-gra-liten\\\/\",\"name\":\"House Doctor Flock Julgranskula Gr\u00e5 liten - Hos Greta\",\"isPartOf\":{\"@id\":\"https:\\\/\\\/www.hosgreta.se\\\/shop\\\/#website\"},\"primaryImageOfPage\":{\"@id\":\"https:\\\/\\\/www.hosgreta.se\\\/shop\\\/produkt\\\/house-doctor-flock-julgranskula-gra-liten\\\/#primaryimage\"},\"image\":{\"@id\":\"https:\\\/\\\/www.hosgreta.se\\\/shop\\\/produkt\\\/house-doctor-flock-julgranskula-gra-liten\\\/#primaryimage\"},\"thumbnailUrl\":\"https:\\\/\\\/www.hosgreta.se\\\/shop\\\/wp-content\\\/uploads\\\/2019\\\/10\\\/House-Doctor-Flock-Julgranskula-Gr\u00e5-liten.jpg\",\"datePublished\":\"2019-10-23T07:25:48+00:00\",\"dateModified\":\"2021-01-01T14:05:54+00:00\",\"breadcrumb\":{\"@id\":\"https:\\\/\\\/www.hosgreta.se\\\/shop\\\/produkt\\\/house-doctor-flock-julgranskula-gra-liten\\\/#breadcrumb\"},\"inLanguage\":\"sv-SE\",\"potentialAction\":[{\"@type\":\"ReadAction\",\"target\":[\"https:\\\/\\\/www.hosgreta.se\\\/shop\\\/produkt\\\/house-doctor-flock-julgranskula-gra-liten\\\/\"]}]},{\"@type\":\"ImageObject\",\"inLanguage\":\"sv-SE\",\"@id\":\"https:\\\/\\\/www.hosgreta.se\\\/shop\\\/produkt\\\/house-doctor-flock-julgranskula-gra-liten\\\/#primaryimage\",\"url\":\"https:\\\/\\\/www.hosgreta.se\\\/shop\\\/wp-content\\\/uploads\\\/2019\\\/10\\\/House-Doctor-Flock-Julgranskula-Gr\u00e5-liten.jpg\",\"contentUrl\":\"https:\\\/\\\/www.hosgreta.se\\\/shop\\\/wp-content\\\/uploads\\\/2019\\\/10\\\/House-Doctor-Flock-Julgranskula-Gr\u00e5-liten.jpg\",\"width\":800,\"height\":800,\"caption\":\"House Doctor Flock Julgranskula Gr\u00e5 liten\"},{\"@type\":\"BreadcrumbList\",\"@id\":\"https:\\\/\\\/www.hosgreta.se\\\/shop\\\/produkt\\\/house-doctor-flock-julgranskula-gra-liten\\\/#breadcrumb\",\"itemListElement\":[{\"@type\":\"ListItem\",\"position\":1,\"name\":\"Hem\",\"item\":\"https:\\\/\\\/www.hosgreta.se\\\/shop\\\/\"},{\"@type\":\"ListItem\",\"position\":2,\"name\":\"Shop\",\"item\":\"https:\\\/\\\/www.hosgreta.se\\\/shop\\\/shop\\\/\"},{\"@type\":\"ListItem\",\"position\":3,\"name\":\"House Doctor Flock Julgranskula Gr\u00e5 liten\"}]},{\"@type\":\"WebSite\",\"@id\":\"https:\\\/\\\/www.hosgreta.se\\\/shop\\\/#website\",\"url\":\"https:\\\/\\\/www.hosgreta.se\\\/shop\\\/\",\"name\":\"Hos Greta\",\"description\":\"Vi v\u00e4ljer ut v\u00e5ra varum\u00e4rken med stor omsorg.\",\"publisher\":{\"@id\":\"https:\\\/\\\/www.hosgreta.se\\\/shop\\\/#organization\"},\"potentialAction\":[{\"@type\":\"SearchAction\",\"target\":{\"@type\":\"EntryPoint\",\"urlTemplate\":\"https:\\\/\\\/www.hosgreta.se\\\/shop\\\/?s={search_term_string}\"},\"query-input\":{\"@type\":\"PropertyValueSpecification\",\"valueRequired\":true,\"valueName\":\"search_term_string\"}}],\"inLanguage\":\"sv-SE\"},{\"@type\":\"Organization\",\"@id\":\"https:\\\/\\\/www.hosgreta.se\\\/shop\\\/#organization\",\"name\":\"Hos Greta\",\"url\":\"https:\\\/\\\/www.hosgreta.se\\\/shop\\\/\",\"logo\":{\"@type\":\"ImageObject\",\"inLanguage\":\"sv-SE\",\"@id\":\"https:\\\/\\\/www.hosgreta.se\\\/shop\\\/#\\\/schema\\\/logo\\\/image\\\/\",\"url\":\"https:\\\/\\\/www.hosgreta.se\\\/shop\\\/wp-content\\\/uploads\\\/2018\\\/03\\\/Logo_HosGreta_svart.png\",\"contentUrl\":\"https:\\\/\\\/www.hosgreta.se\\\/shop\\\/wp-content\\\/uploads\\\/2018\\\/03\\\/Logo_HosGreta_svart.png\",\"width\":851,\"height\":851,\"caption\":\"Hos Greta\"},\"image\":{\"@id\":\"https:\\\/\\\/www.hosgreta.se\\\/shop\\\/#\\\/schema\\\/logo\\\/image\\\/\"},\"sameAs\":[\"https:\\\/\\\/www.facebook.com\\\/hosgreta\",\"https:\\\/\\\/www.instagram.com\\\/hosgreta\"]}]}<\/script>\n<!-- \/ Yoast SEO plugin. -->","yoast_head_json":{"title":"House Doctor Flock Julgranskula Gr\u00e5 liten - Hos Greta","robots":{"index":"index","follow":"follow","max-snippet":"max-snippet:-1","max-image-preview":"max-image-preview:large","max-video-preview":"max-video-preview:-1"},"canonical":"https:\/\/www.hosgreta.se\/shop\/produkt\/house-doctor-flock-julgranskula-gra-liten\/","og_locale":"sv_SE","og_type":"article","og_title":"House Doctor Flock Julgranskula Gr\u00e5 liten - Hos Greta","og_description":"\u00d6nskar du en vackert pyntad julgran med fina julgranskulor, kommer de h\u00e4r prydnaderna vara n\u00e5got f\u00f6r dig. Den har en vacker dammgr\u00e5 f\u00e4rg som passar perfekt till den gr\u00f6na julgranen. Sn\u00f6ren g\u00f6r det enkelt att h\u00e4nga upp prydnaden, men du kan ocks\u00e5 anv\u00e4nda den som en dekoration.","og_url":"https:\/\/www.hosgreta.se\/shop\/produkt\/house-doctor-flock-julgranskula-gra-liten\/","og_site_name":"Hos Greta","article_publisher":"https:\/\/www.facebook.com\/hosgreta","article_modified_time":"2021-01-01T14:05:54+00:00","og_image":[{"width":800,"height":800,"url":"https:\/\/www.hosgreta.se\/shop\/wp-content\/uploads\/2019\/10\/House-Doctor-Flock-Julgranskula-Gr\u00e5-liten.jpg","type":"image\/jpeg"}],"twitter_card":"summary_large_image","schema":{"@context":"https:\/\/schema.org","@graph":[{"@type":"WebPage","@id":"https:\/\/www.hosgreta.se\/shop\/produkt\/house-doctor-flock-julgranskula-gra-liten\/","url":"https:\/\/www.hosgreta.se\/shop\/produkt\/house-doctor-flock-julgranskula-gra-liten\/","name":"House Doctor Flock Julgranskula Gr\u00e5 liten - Hos Greta","isPartOf":{"@id":"https:\/\/www.hosgreta.se\/shop\/#website"},"primaryImageOfPage":{"@id":"https:\/\/www.hosgreta.se\/shop\/produkt\/house-doctor-flock-julgranskula-gra-liten\/#primaryimage"},"image":{"@id":"https:\/\/www.hosgreta.se\/shop\/produkt\/house-doctor-flock-julgranskula-gra-liten\/#primaryimage"},"thumbnailUrl":"https:\/\/www.hosgreta.se\/shop\/wp-content\/uploads\/2019\/10\/House-Doctor-Flock-Julgranskula-Gr\u00e5-liten.jpg","datePublished":"2019-10-23T07:25:48+00:00","dateModified":"2021-01-01T14:05:54+00:00","breadcrumb":{"@id":"https:\/\/www.hosgreta.se\/shop\/produkt\/house-doctor-flock-julgranskula-gra-liten\/#breadcrumb"},"inLanguage":"sv-SE","potentialAction":[{"@type":"ReadAction","target":["https:\/\/www.hosgreta.se\/shop\/produkt\/house-doctor-flock-julgranskula-gra-liten\/"]}]},{"@type":"ImageObject","inLanguage":"sv-SE","@id":"https:\/\/www.hosgreta.se\/shop\/produkt\/house-doctor-flock-julgranskula-gra-liten\/#primaryimage","url":"https:\/\/www.hosgreta.se\/shop\/wp-content\/uploads\/2019\/10\/House-Doctor-Flock-Julgranskula-Gr\u00e5-liten.jpg","contentUrl":"https:\/\/www.hosgreta.se\/shop\/wp-content\/uploads\/2019\/10\/House-Doctor-Flock-Julgranskula-Gr\u00e5-liten.jpg","width":800,"height":800,"caption":"House Doctor Flock Julgranskula Gr\u00e5 liten"},{"@type":"BreadcrumbList","@id":"https:\/\/www.hosgreta.se\/shop\/produkt\/house-doctor-flock-julgranskula-gra-liten\/#breadcrumb","itemListElement":[{"@type":"ListItem","position":1,"name":"Hem","item":"https:\/\/www.hosgreta.se\/shop\/"},{"@type":"ListItem","position":2,"name":"Shop","item":"https:\/\/www.hosgreta.se\/shop\/shop\/"},{"@type":"ListItem","position":3,"name":"House Doctor Flock Julgranskula Gr\u00e5 liten"}]},{"@type":"WebSite","@id":"https:\/\/www.hosgreta.se\/shop\/#website","url":"https:\/\/www.hosgreta.se\/shop\/","name":"Hos Greta","description":"Vi v\u00e4ljer ut v\u00e5ra varum\u00e4rken med stor omsorg.","publisher":{"@id":"https:\/\/www.hosgreta.se\/shop\/#organization"},"potentialAction":[{"@type":"SearchAction","target":{"@type":"EntryPoint","urlTemplate":"https:\/\/www.hosgreta.se\/shop\/?s={search_term_string}"},"query-input":{"@type":"PropertyValueSpecification","valueRequired":true,"valueName":"search_term_string"}}],"inLanguage":"sv-SE"},{"@type":"Organization","@id":"https:\/\/www.hosgreta.se\/shop\/#organization","name":"Hos Greta","url":"https:\/\/www.hosgreta.se\/shop\/","logo":{"@type":"ImageObject","inLanguage":"sv-SE","@id":"https:\/\/www.hosgreta.se\/shop\/#\/schema\/logo\/image\/","url":"https:\/\/www.hosgreta.se\/shop\/wp-content\/uploads\/2018\/03\/Logo_HosGreta_svart.png","contentUrl":"https:\/\/www.hosgreta.se\/shop\/wp-content\/uploads\/2018\/03\/Logo_HosGreta_svart.png","width":851,"height":851,"caption":"Hos Greta"},"image":{"@id":"https:\/\/www.hosgreta.se\/shop\/#\/schema\/logo\/image\/"},"sameAs":["https:\/\/www.facebook.com\/hosgreta","https:\/\/www.instagram.com\/hosgreta"]}]}},"kroconnect":{"tax_rate":25,"price_inc_vat":{"regular_price":45},"price_ex_vat":{"regular_price":36}},"brands":[{"id":222,"name":"House Doctor","slug":"house-doctor"}],"_links":{"self":[{"href":"https:\/\/www.hosgreta.se\/shop\/wp-json\/wp\/v2\/product\/94966","targetHints":{"allow":["GET"]}}],"collection":[{"href":"https:\/\/www.hosgreta.se\/shop\/wp-json\/wp\/v2\/product"}],"about":[{"href":"https:\/\/www.hosgreta.se\/shop\/wp-json\/wp\/v2\/types\/product"}],"replies":[{"embeddable":true,"href":"https:\/\/www.hosgreta.se\/shop\/wp-json\/wp\/v2\/comments?post=94966"}],"wp:featuredmedia":[{"embeddable":true,"href":"https:\/\/www.hosgreta.se\/shop\/wp-json\/wp\/v2\/media\/95840"}],"wp:attachment":[{"href":"https:\/\/www.hosgreta.se\/shop\/wp-json\/wp\/v2\/media?parent=94966"}],"wp:term":[{"taxonomy":"pwb-brand","embeddable":true,"href":"https:\/\/www.hosgreta.se\/shop\/wp-json\/wp\/v2\/pwb-brand?post=94966"},{"taxonomy":"product_brand","embeddable":true,"href":"https:\/\/www.hosgreta.se\/shop\/wp-json\/wp\/v2\/product_brand?post=94966"},{"taxonomy":"product_cat","embeddable":true,"href":"https:\/\/www.hosgreta.se\/shop\/wp-json\/wp\/v2\/product_cat?post=94966"},{"taxonomy":"product_tag","embeddable":true,"href":"https:\/\/www.hosgreta.se\/shop\/wp-json\/wp\/v2\/product_tag?post=94966"}],"curies":[{"name":"wp","href":"https:\/\/api.w.org\/{rel}","templated":true}]}}