{"id":94997,"date":"2019-10-23T09:41:55","date_gmt":"2019-10-23T07:41:55","guid":{"rendered":"https:\/\/www.hosgreta.se\/shop\/?post_type=product&#038;p=94997"},"modified":"2024-04-02T13:43:57","modified_gmt":"2024-04-02T11:43:57","slug":"astrid-lindgren-mugg-var-inte-angslig","status":"publish","type":"product","link":"https:\/\/www.hosgreta.se\/shop\/produkt\/astrid-lindgren-mugg-var-inte-angslig\/","title":{"rendered":"Astrid Lindgren Mugg Var inte \u00e4ngslig!"},"content":{"rendered":"<p>Material: Stengods<br \/>\nT\u00e5l maskindisk och mikro<br \/>\nRymmer: 35 cl<\/p>\n","protected":false},"excerpt":{"rendered":"<p>&#8221;Var inte \u00e4ngslig!<br \/>\nJag klarar mej alltid!&#8221;<\/p>\n<p>Mugg med Astrid Lindgrens k\u00e4nda citat.<br \/>\nBild p\u00e5 Pippi i botten p\u00e5 muggen.<br \/>\nLigger i fin f\u00f6rpackning och blir en trevlig present.<\/p>\n<p>Finns i fler f\u00e4rger: \t<div class=\"img has-hover x md-x lg-x y md-y lg-y\" id=\"image_47713704\">\n\t\t<a class=\"\" href=\"https:\/\/www.hosgreta.se\/shop\/alskade-astrid\/\" >\t\t\t\t\t\t<div class=\"img-inner dark\" >\n\t\t\t<img width=\"800\" height=\"800\" src=\"https:\/\/www.hosgreta.se\/shop\/wp-content\/uploads\/2018\/08\/Astrid-Lindgren-Alla-Muggar-800x800.png\" class=\"attachment-large size-large\" alt=\"Astrid Lindgren Alla Muggar\" decoding=\"async\" loading=\"lazy\" srcset=\"https:\/\/www.hosgreta.se\/shop\/wp-content\/uploads\/2018\/08\/Astrid-Lindgren-Alla-Muggar.png 800w, https:\/\/www.hosgreta.se\/shop\/wp-content\/uploads\/2018\/08\/Astrid-Lindgren-Alla-Muggar-225x225.png 225w, https:\/\/www.hosgreta.se\/shop\/wp-content\/uploads\/2018\/08\/Astrid-Lindgren-Alla-Muggar-100x100.png 100w, https:\/\/www.hosgreta.se\/shop\/wp-content\/uploads\/2018\/08\/Astrid-Lindgren-Alla-Muggar-510x510.png 510w, https:\/\/www.hosgreta.se\/shop\/wp-content\/uploads\/2018\/08\/Astrid-Lindgren-Alla-Muggar-280x280.png 280w, https:\/\/www.hosgreta.se\/shop\/wp-content\/uploads\/2018\/08\/Astrid-Lindgren-Alla-Muggar-400x400.png 400w, https:\/\/www.hosgreta.se\/shop\/wp-content\/uploads\/2018\/08\/Astrid-Lindgren-Alla-Muggar-768x768.png 768w\" sizes=\"auto, (max-width: 800px) 100vw, 800px\" \/>\t\t\t\t\t\t\n\t\t\t\t\t<\/div>\n\t\t\t\t\t\t<\/a>\t\t\n<style>\n#image_47713704 {\n  width: 25%;\n}\n<\/style>\n\t<\/div>\n\t\n","protected":false},"featured_media":109109,"comment_status":"closed","ping_status":"closed","template":"","meta":[],"pwb-brand":[237],"product_brand":[],"product_cat":[74,133],"product_tag":[239],"class_list":{"0":"post-94997","1":"product","2":"type-product","3":"status-publish","4":"has-post-thumbnail","6":"pwb-brand-design-house-stockholm","7":"product_cat-inredning","8":"product_cat-muggar","9":"product_tag-astrid-lindgren","11":"first","12":"outofstock","13":"taxable","14":"shipping-taxable","15":"purchasable","16":"product-type-simple"},"yoast_head":"<!-- This site is optimized with the Yoast SEO plugin v27.4 - https:\/\/yoast.com\/product\/yoast-seo-wordpress\/ -->\n<title>Astrid Lindgren Mugg Var inte \u00e4ngslig! - Hos Greta<\/title>\n<meta name=\"robots\" content=\"index, follow, max-snippet:-1, max-image-preview:large, max-video-preview:-1\" \/>\n<link rel=\"canonical\" href=\"https:\/\/www.hosgreta.se\/shop\/produkt\/astrid-lindgren-mugg-var-inte-angslig\/\" \/>\n<meta property=\"og:locale\" content=\"sv_SE\" \/>\n<meta property=\"og:type\" content=\"article\" \/>\n<meta property=\"og:title\" content=\"Astrid Lindgren Mugg Var inte \u00e4ngslig! - Hos Greta\" \/>\n<meta property=\"og:description\" content=\"&quot;Var inte \u00e4ngslig! Jag klarar mej alltid!&quot; Mugg med Astrid Lindgrens k\u00e4nda citat. Bild p\u00e5 Pippi i botten p\u00e5 muggen. Ligger i fin f\u00f6rpackning och blir en trevlig present. Finns i fler f\u00e4rger:\" \/>\n<meta property=\"og:url\" content=\"https:\/\/www.hosgreta.se\/shop\/produkt\/astrid-lindgren-mugg-var-inte-angslig\/\" \/>\n<meta property=\"og:site_name\" content=\"Hos Greta\" \/>\n<meta property=\"article:publisher\" content=\"https:\/\/www.facebook.com\/hosgreta\" \/>\n<meta property=\"article:modified_time\" content=\"2024-04-02T11:43:57+00:00\" \/>\n<meta property=\"og:image\" content=\"https:\/\/www.hosgreta.se\/shop\/wp-content\/uploads\/2019\/10\/Astrid-Lindgren-Mugg-Var-inte-\u00e4ngslig.jpeg\" \/>\n\t<meta property=\"og:image:width\" content=\"800\" \/>\n\t<meta property=\"og:image:height\" content=\"800\" \/>\n\t<meta property=\"og:image:type\" content=\"image\/jpeg\" \/>\n<meta name=\"twitter:card\" content=\"summary_large_image\" \/>\n<script type=\"application\/ld+json\" class=\"yoast-schema-graph\">{\"@context\":\"https:\\\/\\\/schema.org\",\"@graph\":[{\"@type\":\"WebPage\",\"@id\":\"https:\\\/\\\/www.hosgreta.se\\\/shop\\\/produkt\\\/astrid-lindgren-mugg-var-inte-angslig\\\/\",\"url\":\"https:\\\/\\\/www.hosgreta.se\\\/shop\\\/produkt\\\/astrid-lindgren-mugg-var-inte-angslig\\\/\",\"name\":\"Astrid Lindgren Mugg Var inte \u00e4ngslig! - Hos Greta\",\"isPartOf\":{\"@id\":\"https:\\\/\\\/www.hosgreta.se\\\/shop\\\/#website\"},\"primaryImageOfPage\":{\"@id\":\"https:\\\/\\\/www.hosgreta.se\\\/shop\\\/produkt\\\/astrid-lindgren-mugg-var-inte-angslig\\\/#primaryimage\"},\"image\":{\"@id\":\"https:\\\/\\\/www.hosgreta.se\\\/shop\\\/produkt\\\/astrid-lindgren-mugg-var-inte-angslig\\\/#primaryimage\"},\"thumbnailUrl\":\"https:\\\/\\\/www.hosgreta.se\\\/shop\\\/wp-content\\\/uploads\\\/2019\\\/10\\\/Astrid-Lindgren-Mugg-Var-inte-\u00e4ngslig.jpeg\",\"datePublished\":\"2019-10-23T07:41:55+00:00\",\"dateModified\":\"2024-04-02T11:43:57+00:00\",\"breadcrumb\":{\"@id\":\"https:\\\/\\\/www.hosgreta.se\\\/shop\\\/produkt\\\/astrid-lindgren-mugg-var-inte-angslig\\\/#breadcrumb\"},\"inLanguage\":\"sv-SE\",\"potentialAction\":[{\"@type\":\"ReadAction\",\"target\":[\"https:\\\/\\\/www.hosgreta.se\\\/shop\\\/produkt\\\/astrid-lindgren-mugg-var-inte-angslig\\\/\"]}]},{\"@type\":\"ImageObject\",\"inLanguage\":\"sv-SE\",\"@id\":\"https:\\\/\\\/www.hosgreta.se\\\/shop\\\/produkt\\\/astrid-lindgren-mugg-var-inte-angslig\\\/#primaryimage\",\"url\":\"https:\\\/\\\/www.hosgreta.se\\\/shop\\\/wp-content\\\/uploads\\\/2019\\\/10\\\/Astrid-Lindgren-Mugg-Var-inte-\u00e4ngslig.jpeg\",\"contentUrl\":\"https:\\\/\\\/www.hosgreta.se\\\/shop\\\/wp-content\\\/uploads\\\/2019\\\/10\\\/Astrid-Lindgren-Mugg-Var-inte-\u00e4ngslig.jpeg\",\"width\":800,\"height\":800,\"caption\":\"Astrid Lindgren Mugg Var inte \u00e4ngslig!\"},{\"@type\":\"BreadcrumbList\",\"@id\":\"https:\\\/\\\/www.hosgreta.se\\\/shop\\\/produkt\\\/astrid-lindgren-mugg-var-inte-angslig\\\/#breadcrumb\",\"itemListElement\":[{\"@type\":\"ListItem\",\"position\":1,\"name\":\"Hem\",\"item\":\"https:\\\/\\\/www.hosgreta.se\\\/shop\\\/\"},{\"@type\":\"ListItem\",\"position\":2,\"name\":\"Shop\",\"item\":\"https:\\\/\\\/www.hosgreta.se\\\/shop\\\/shop\\\/\"},{\"@type\":\"ListItem\",\"position\":3,\"name\":\"Astrid Lindgren Mugg Var inte \u00e4ngslig!\"}]},{\"@type\":\"WebSite\",\"@id\":\"https:\\\/\\\/www.hosgreta.se\\\/shop\\\/#website\",\"url\":\"https:\\\/\\\/www.hosgreta.se\\\/shop\\\/\",\"name\":\"Hos Greta\",\"description\":\"Vi v\u00e4ljer ut v\u00e5ra varum\u00e4rken med stor omsorg.\",\"publisher\":{\"@id\":\"https:\\\/\\\/www.hosgreta.se\\\/shop\\\/#organization\"},\"potentialAction\":[{\"@type\":\"SearchAction\",\"target\":{\"@type\":\"EntryPoint\",\"urlTemplate\":\"https:\\\/\\\/www.hosgreta.se\\\/shop\\\/?s={search_term_string}\"},\"query-input\":{\"@type\":\"PropertyValueSpecification\",\"valueRequired\":true,\"valueName\":\"search_term_string\"}}],\"inLanguage\":\"sv-SE\"},{\"@type\":\"Organization\",\"@id\":\"https:\\\/\\\/www.hosgreta.se\\\/shop\\\/#organization\",\"name\":\"Hos Greta\",\"url\":\"https:\\\/\\\/www.hosgreta.se\\\/shop\\\/\",\"logo\":{\"@type\":\"ImageObject\",\"inLanguage\":\"sv-SE\",\"@id\":\"https:\\\/\\\/www.hosgreta.se\\\/shop\\\/#\\\/schema\\\/logo\\\/image\\\/\",\"url\":\"https:\\\/\\\/www.hosgreta.se\\\/shop\\\/wp-content\\\/uploads\\\/2018\\\/03\\\/Logo_HosGreta_svart.png\",\"contentUrl\":\"https:\\\/\\\/www.hosgreta.se\\\/shop\\\/wp-content\\\/uploads\\\/2018\\\/03\\\/Logo_HosGreta_svart.png\",\"width\":851,\"height\":851,\"caption\":\"Hos Greta\"},\"image\":{\"@id\":\"https:\\\/\\\/www.hosgreta.se\\\/shop\\\/#\\\/schema\\\/logo\\\/image\\\/\"},\"sameAs\":[\"https:\\\/\\\/www.facebook.com\\\/hosgreta\",\"https:\\\/\\\/www.instagram.com\\\/hosgreta\"]}]}<\/script>\n<!-- \/ Yoast SEO plugin. -->","yoast_head_json":{"title":"Astrid Lindgren Mugg Var inte \u00e4ngslig! - Hos Greta","robots":{"index":"index","follow":"follow","max-snippet":"max-snippet:-1","max-image-preview":"max-image-preview:large","max-video-preview":"max-video-preview:-1"},"canonical":"https:\/\/www.hosgreta.se\/shop\/produkt\/astrid-lindgren-mugg-var-inte-angslig\/","og_locale":"sv_SE","og_type":"article","og_title":"Astrid Lindgren Mugg Var inte \u00e4ngslig! - Hos Greta","og_description":"\"Var inte \u00e4ngslig! Jag klarar mej alltid!\" Mugg med Astrid Lindgrens k\u00e4nda citat. Bild p\u00e5 Pippi i botten p\u00e5 muggen. Ligger i fin f\u00f6rpackning och blir en trevlig present. Finns i fler f\u00e4rger:","og_url":"https:\/\/www.hosgreta.se\/shop\/produkt\/astrid-lindgren-mugg-var-inte-angslig\/","og_site_name":"Hos Greta","article_publisher":"https:\/\/www.facebook.com\/hosgreta","article_modified_time":"2024-04-02T11:43:57+00:00","og_image":[{"width":800,"height":800,"url":"https:\/\/www.hosgreta.se\/shop\/wp-content\/uploads\/2019\/10\/Astrid-Lindgren-Mugg-Var-inte-\u00e4ngslig.jpeg","type":"image\/jpeg"}],"twitter_card":"summary_large_image","schema":{"@context":"https:\/\/schema.org","@graph":[{"@type":"WebPage","@id":"https:\/\/www.hosgreta.se\/shop\/produkt\/astrid-lindgren-mugg-var-inte-angslig\/","url":"https:\/\/www.hosgreta.se\/shop\/produkt\/astrid-lindgren-mugg-var-inte-angslig\/","name":"Astrid Lindgren Mugg Var inte \u00e4ngslig! - Hos Greta","isPartOf":{"@id":"https:\/\/www.hosgreta.se\/shop\/#website"},"primaryImageOfPage":{"@id":"https:\/\/www.hosgreta.se\/shop\/produkt\/astrid-lindgren-mugg-var-inte-angslig\/#primaryimage"},"image":{"@id":"https:\/\/www.hosgreta.se\/shop\/produkt\/astrid-lindgren-mugg-var-inte-angslig\/#primaryimage"},"thumbnailUrl":"https:\/\/www.hosgreta.se\/shop\/wp-content\/uploads\/2019\/10\/Astrid-Lindgren-Mugg-Var-inte-\u00e4ngslig.jpeg","datePublished":"2019-10-23T07:41:55+00:00","dateModified":"2024-04-02T11:43:57+00:00","breadcrumb":{"@id":"https:\/\/www.hosgreta.se\/shop\/produkt\/astrid-lindgren-mugg-var-inte-angslig\/#breadcrumb"},"inLanguage":"sv-SE","potentialAction":[{"@type":"ReadAction","target":["https:\/\/www.hosgreta.se\/shop\/produkt\/astrid-lindgren-mugg-var-inte-angslig\/"]}]},{"@type":"ImageObject","inLanguage":"sv-SE","@id":"https:\/\/www.hosgreta.se\/shop\/produkt\/astrid-lindgren-mugg-var-inte-angslig\/#primaryimage","url":"https:\/\/www.hosgreta.se\/shop\/wp-content\/uploads\/2019\/10\/Astrid-Lindgren-Mugg-Var-inte-\u00e4ngslig.jpeg","contentUrl":"https:\/\/www.hosgreta.se\/shop\/wp-content\/uploads\/2019\/10\/Astrid-Lindgren-Mugg-Var-inte-\u00e4ngslig.jpeg","width":800,"height":800,"caption":"Astrid Lindgren Mugg Var inte \u00e4ngslig!"},{"@type":"BreadcrumbList","@id":"https:\/\/www.hosgreta.se\/shop\/produkt\/astrid-lindgren-mugg-var-inte-angslig\/#breadcrumb","itemListElement":[{"@type":"ListItem","position":1,"name":"Hem","item":"https:\/\/www.hosgreta.se\/shop\/"},{"@type":"ListItem","position":2,"name":"Shop","item":"https:\/\/www.hosgreta.se\/shop\/shop\/"},{"@type":"ListItem","position":3,"name":"Astrid Lindgren Mugg Var inte \u00e4ngslig!"}]},{"@type":"WebSite","@id":"https:\/\/www.hosgreta.se\/shop\/#website","url":"https:\/\/www.hosgreta.se\/shop\/","name":"Hos Greta","description":"Vi v\u00e4ljer ut v\u00e5ra varum\u00e4rken med stor omsorg.","publisher":{"@id":"https:\/\/www.hosgreta.se\/shop\/#organization"},"potentialAction":[{"@type":"SearchAction","target":{"@type":"EntryPoint","urlTemplate":"https:\/\/www.hosgreta.se\/shop\/?s={search_term_string}"},"query-input":{"@type":"PropertyValueSpecification","valueRequired":true,"valueName":"search_term_string"}}],"inLanguage":"sv-SE"},{"@type":"Organization","@id":"https:\/\/www.hosgreta.se\/shop\/#organization","name":"Hos Greta","url":"https:\/\/www.hosgreta.se\/shop\/","logo":{"@type":"ImageObject","inLanguage":"sv-SE","@id":"https:\/\/www.hosgreta.se\/shop\/#\/schema\/logo\/image\/","url":"https:\/\/www.hosgreta.se\/shop\/wp-content\/uploads\/2018\/03\/Logo_HosGreta_svart.png","contentUrl":"https:\/\/www.hosgreta.se\/shop\/wp-content\/uploads\/2018\/03\/Logo_HosGreta_svart.png","width":851,"height":851,"caption":"Hos Greta"},"image":{"@id":"https:\/\/www.hosgreta.se\/shop\/#\/schema\/logo\/image\/"},"sameAs":["https:\/\/www.facebook.com\/hosgreta","https:\/\/www.instagram.com\/hosgreta"]}]}},"kroconnect":{"tax_rate":25,"price_inc_vat":{"regular_price":295},"price_ex_vat":{"regular_price":236}},"brands":[{"id":237,"name":"Design House Stockholm","slug":"design-house-stockholm"}],"_links":{"self":[{"href":"https:\/\/www.hosgreta.se\/shop\/wp-json\/wp\/v2\/product\/94997","targetHints":{"allow":["GET"]}}],"collection":[{"href":"https:\/\/www.hosgreta.se\/shop\/wp-json\/wp\/v2\/product"}],"about":[{"href":"https:\/\/www.hosgreta.se\/shop\/wp-json\/wp\/v2\/types\/product"}],"replies":[{"embeddable":true,"href":"https:\/\/www.hosgreta.se\/shop\/wp-json\/wp\/v2\/comments?post=94997"}],"wp:featuredmedia":[{"embeddable":true,"href":"https:\/\/www.hosgreta.se\/shop\/wp-json\/wp\/v2\/media\/109109"}],"wp:attachment":[{"href":"https:\/\/www.hosgreta.se\/shop\/wp-json\/wp\/v2\/media?parent=94997"}],"wp:term":[{"taxonomy":"pwb-brand","embeddable":true,"href":"https:\/\/www.hosgreta.se\/shop\/wp-json\/wp\/v2\/pwb-brand?post=94997"},{"taxonomy":"product_brand","embeddable":true,"href":"https:\/\/www.hosgreta.se\/shop\/wp-json\/wp\/v2\/product_brand?post=94997"},{"taxonomy":"product_cat","embeddable":true,"href":"https:\/\/www.hosgreta.se\/shop\/wp-json\/wp\/v2\/product_cat?post=94997"},{"taxonomy":"product_tag","embeddable":true,"href":"https:\/\/www.hosgreta.se\/shop\/wp-json\/wp\/v2\/product_tag?post=94997"}],"curies":[{"name":"wp","href":"https:\/\/api.w.org\/{rel}","templated":true}]}}